{"id":1396,"date":"2016-03-24T12:13:42","date_gmt":"2016-03-24T12:13:42","guid":{"rendered":"http:\/\/demo.themes4wp.com\/gama-store\/?page_id=10"},"modified":"2023-06-21T12:24:37","modified_gmt":"2023-06-21T12:24:37","slug":"waste-to-energy","status":"publish","type":"page","link":"https:\/\/waste2oil.eu\/es\/","title":{"rendered":"Waste to energy"},"content":{"rendered":"<h2><b>De los residuos producimos petr\u00f3leo<\/b><\/h2>\n<p>\t\t\t<a href=\"#technology\" role=\"button\"><br \/>\n\t\t\t\t\t\tLee mas<br \/>\n\t\t\t\t\t<\/a><br \/>\n\t\t\t<a href=\"https:\/\/waste2oil.eu\/es\/plastic-waste\/\" role=\"button\"><br \/>\n\t\t\t\t\t\tDesperdicios pl\u00e1sticos<br \/>\n\t\t\t\t\t<\/a><\/p>\n<p>El pl\u00e1stico es un problema mundial. Nuestro objetivo es transformar los pl\u00e1sticos que terminan en vertederos o se incineran en un bien de gran valor.<\/p>\n<p>\t\t\t<a href=\"https:\/\/waste2oil.eu\/es\/used-tyres\/\" role=\"button\"><br \/>\n\t\t\t\t\t\tNeum\u00e1ticos usados<br \/>\n\t\t\t\t\t<\/a><\/p>\n<p>La mayor\u00eda de los neum\u00e1ticos usados terminan en vertederos o en la naturaleza. La tecnolog\u00eda Waste2oil es la \u00fanica en la que no es necesario eliminar cables de acero y fibra.<\/p>\n<p>\t\t\t<a href=\"https:\/\/waste2oil.eu\/es\/used-face-masks\/\" role=\"button\"><br \/>\n\t\t\t\t\t\tMascarillas faciales usadas<br \/>\n\t\t\t\t\t<\/a><\/p>\n<p>Muchos pa\u00edses est\u00e1n teniendo dificultades para saber qu\u00e9 hacer con las mascarillas faciales usadas y otros desechos m\u00e9dicos. La tecnolog\u00eda Waste2oil puede resolver su problema.<\/p>\n<h5>Tecnolog\u00eda Waste2oil<\/h5>\n<p>La mayor\u00eda de los residuos pl\u00e1sticos de neum\u00e1ticos usados y m\u00e1scaras faciales usadas terminan en vertederos o en la naturaleza. Contamos con una soluci\u00f3n ecol\u00f3gica y econ\u00f3mica, colocada en contenedores de transporte que convierten este tipo de residuos en aceite de alta calidad.<\/p>\n<p>\t\t\t\t\t\t\t\t\t\t<img width=\"1024\" height=\"486\" src=\"https:\/\/waste2oil.eu\/wp-content\/uploads\/2020\/08\/Factory-2-1024x486.jpg\" alt=\"\" loading=\"lazy\" srcset=\"https:\/\/waste2oil.eu\/wp-content\/uploads\/2020\/08\/Factory-2-1024x486.jpg 1024w, https:\/\/waste2oil.eu\/wp-content\/uploads\/2020\/08\/Factory-2-300x142.jpg 300w, https:\/\/waste2oil.eu\/wp-content\/uploads\/2020\/08\/Factory-2-768x364.jpg 768w, https:\/\/waste2oil.eu\/wp-content\/uploads\/2020\/08\/Factory-2.jpg 1159w\" sizes=\"(max-width: 1024px) 100vw, 1024px\" \/>\t\t\t\t\t\t\t\t\t\t\t<\/p>\n<h3>cero emisiones<\/h3>\n<h3>Aceite de alta calidad<\/h3>\n<h3>Costes de funcionamiento muy bajos<\/h3>\n<h3>Soluci\u00f3n modular<\/h3>\n<h3>r\u00e1pido retorno de la inversi\u00f3n<\/h3>\n<h3>utilizable para m\u00e1s tipos de residuos<\/h3>\n<h2>Toda la tecnolog\u00eda cabe en 4 contenedores <br \/>y se ensambla in situ en 2 d\u00edas.<\/h2>\n<h5>Tecnolog\u00eda Waste2oil<\/h5>\n<p>\t\t\t<a href=\"https:\/\/waste2oil.eu\/es\/tdu-700\/\" role=\"button\"><br \/>\n\t\t\t\t\t\tTDU 700<br \/>\n\t\t\t\t\t<\/a><\/p>\n<p>La unidad m\u00f3vil con una capacidad de hasta 700 kg\/h se centra en el m\u00e1ximo rendimiento y la m\u00e1s alta calidad de la fracci\u00f3n l\u00edquida.<\/p>\n<p>\t\t\t<a href=\"https:\/\/waste2oil.eu\/es\/tdu-1000\/\" role=\"button\"><br \/>\n\t\t\t\t\t\tTDU 1000<br \/>\n\t\t\t\t\t<\/a><\/p>\n<p>La unidad m\u00f3vil con una capacidad de 1000 kg\/h est\u00e1 desarrollada y construida para reciclar neum\u00e1ticos usados.<\/p>\n<h4>Las pruebas de laboratorio muestran que el aceite est\u00e1 clasificado como di\u00e9sel con alto contenido de azufre (HSD) y cumple con las normas de calidad de combustible EN 590, por lo que tiene una amplia gama de usos.<\/h4>\n<p>Todas las materias primas obtenidas se pueden utilizar ecol\u00f3gicamente como material de entrada para su posterior procesamiento, pero sobre todo para la producci\u00f3n de energ\u00eda y para el transporte.<\/p>\n<h5>Despu\u00e9s del proceso tenemos tres productos principales:<\/h5>\n<p>\t\t\t<a href=\"https:\/\/waste2oil.eu\/es\/oil\/\" role=\"button\"><br \/>\n\t\t\t\t\t\tPetr\u00f3leo<br \/>\n\t\t\t\t\t<\/a><\/p>\n<p>El petr\u00f3leo se puede utilizar para generar electricidad, as\u00ed como para el transporte o se puede vender a la industria petroqu\u00edmica y de refiner\u00eda.<\/p>\n<p>\t\t\t<a href=\"https:\/\/waste2oil.eu\/es\/gas\/\" role=\"button\"><br \/>\n\t\t\t\t\t\tGas<br \/>\n\t\t\t\t\t<\/a><\/p>\n<p>El gas se puede utilizar para generar electricidad en turbinas de gas o se puede vender directamente a las industrias qu\u00edmicas.<\/p>\n<p>\t\t\t<a href=\"https:\/\/waste2oil.eu\/es\/carbon-black\/\" role=\"button\"><br \/>\n\t\t\t\t\t\tNegro carb\u00f3n<br \/>\n\t\t\t\t\t<\/a><\/p>\n<p>El negro de carb\u00f3n se puede utilizar en la producci\u00f3n de neum\u00e1ticos nuevos, pl\u00e1sticos, productos de caucho industrial, revestimientos de alto rendimiento, agricultura, etc.<\/p>\n<h2>1 kg de pl\u00e1sticos ~ 1L de aceite<\/h2>\n<h6>En estos campos se puede utilizar aceite de alta calidad<\/h6>\n<figure><img width=\"2560\" height=\"1707\" src=\"https:\/\/waste2oil.eu\/wp-content\/uploads\/2020\/09\/energy-scaled.jpg\" alt=\"\" loading=\"lazy\" srcset=\"https:\/\/waste2oil.eu\/wp-content\/uploads\/2020\/09\/energy-scaled.jpg 2560w, https:\/\/waste2oil.eu\/wp-content\/uploads\/2020\/09\/energy-300x200.jpg 300w, https:\/\/waste2oil.eu\/wp-content\/uploads\/2020\/09\/energy-1024x683.jpg 1024w, https:\/\/waste2oil.eu\/wp-content\/uploads\/2020\/09\/energy-768x512.jpg 768w, https:\/\/waste2oil.eu\/wp-content\/uploads\/2020\/09\/energy-1536x1024.jpg 1536w, https:\/\/waste2oil.eu\/wp-content\/uploads\/2020\/09\/energy-2048x1365.jpg 2048w\" sizes=\"(max-width: 2560px) 100vw, 2560px\" \/><\/figure>\n<h3>Energ\u00eda<\/h3>\n<p>El aceite de la tecnolog\u00eda Waste2oil tiene una estructura similar al diesel. El aceite se puede utilizar en generadores diesel o producci\u00f3n de calor.<\/p>\n<figure><img width=\"1280\" height=\"853\" src=\"https:\/\/waste2oil.eu\/wp-content\/uploads\/2020\/09\/ship1.jpg\" alt=\"\" loading=\"lazy\" srcset=\"https:\/\/waste2oil.eu\/wp-content\/uploads\/2020\/09\/ship1.jpg 1280w, https:\/\/waste2oil.eu\/wp-content\/uploads\/2020\/09\/ship1-300x200.jpg 300w, https:\/\/waste2oil.eu\/wp-content\/uploads\/2020\/09\/ship1-1024x682.jpg 1024w, https:\/\/waste2oil.eu\/wp-content\/uploads\/2020\/09\/ship1-768x512.jpg 768w\" sizes=\"(max-width: 1280px) 100vw, 1280px\" \/><\/figure>\n<h3>Transporte<\/h3>\n<p>El aceite se puede utilizar como combustible para barcos, camiones, autobuses y en motores di\u00e9sel m\u00e1s antiguos sin inyecci\u00f3n directa de combustible.<\/p>\n<figure><img width=\"1280\" height=\"853\" src=\"https:\/\/waste2oil.eu\/wp-content\/uploads\/2020\/09\/refinery2.jpg\" alt=\"\" loading=\"lazy\" srcset=\"https:\/\/waste2oil.eu\/wp-content\/uploads\/2020\/09\/refinery2.jpg 1280w, https:\/\/waste2oil.eu\/wp-content\/uploads\/2020\/09\/refinery2-300x200.jpg 300w, https:\/\/waste2oil.eu\/wp-content\/uploads\/2020\/09\/refinery2-1024x682.jpg 1024w, https:\/\/waste2oil.eu\/wp-content\/uploads\/2020\/09\/refinery2-768x512.jpg 768w\" sizes=\"(max-width: 1280px) 100vw, 1280px\" \/><\/figure>\n<h3>Refiner\u00eda<\/h3>\n<p>El aceite se puede agregar al combustible com\u00fan en la industria de las refiner\u00edas. Nuestro aceite de alta calidad no necesita tratamiento ni limpieza.<\/p>\n<figure><img width=\"1280\" height=\"853\" src=\"https:\/\/waste2oil.eu\/wp-content\/uploads\/2020\/09\/Petrochemical.jpg\" alt=\"\" loading=\"lazy\" srcset=\"https:\/\/waste2oil.eu\/wp-content\/uploads\/2020\/09\/Petrochemical.jpg 1280w, https:\/\/waste2oil.eu\/wp-content\/uploads\/2020\/09\/Petrochemical-300x200.jpg 300w, https:\/\/waste2oil.eu\/wp-content\/uploads\/2020\/09\/Petrochemical-1024x682.jpg 1024w, https:\/\/waste2oil.eu\/wp-content\/uploads\/2020\/09\/Petrochemical-768x512.jpg 768w\" sizes=\"(max-width: 1280px) 100vw, 1280px\" \/><\/figure>\n<h3>Petroqu\u00edmico<\/h3>\n<p>Industria petroqu\u00edmica que fabrica pl\u00e1sticos a partir del petr\u00f3leo. Generamos aceite a partir de pl\u00e1sticos que se puede utilizar para fabricar nuevos pl\u00e1sticos.<\/p>\n<h4>Desde 1 tonelada de residuos se pueden producir hasta 3 MW de electricidad.<\/h4>\n<p>La tecnolog\u00eda Waste2oil se desarrolla y construye como una tecnolog\u00eda sin desperdicio.<\/p>\n<p>Todos los productos obtenidos se pueden utilizar de forma segura y rentable.<\/p>\n<h5>Tecnolog\u00eda Waste2oil<\/h5>\n<p>\t\t\t\t\t\t\t\t\t\t<img width=\"768\" height=\"576\" src=\"https:\/\/waste2oil.eu\/wp-content\/uploads\/2021\/06\/Active-cooling-system-768x576.jpg\" alt=\"\" loading=\"lazy\" srcset=\"https:\/\/waste2oil.eu\/wp-content\/uploads\/2021\/06\/Active-cooling-system-768x576.jpg 768w, https:\/\/waste2oil.eu\/wp-content\/uploads\/2021\/06\/Active-cooling-system-300x225.jpg 300w, https:\/\/waste2oil.eu\/wp-content\/uploads\/2021\/06\/Active-cooling-system-600x450.jpg 600w, https:\/\/waste2oil.eu\/wp-content\/uploads\/2021\/06\/Active-cooling-system-865x649.jpg 865w, https:\/\/waste2oil.eu\/wp-content\/uploads\/2021\/06\/Active-cooling-system.jpg 1024w\" sizes=\"(max-width: 768px) 100vw, 768px\" \/><br \/>\n\t\t\t\t\t\t\t\t\t\t<img width=\"345\" height=\"214\" src=\"https:\/\/waste2oil.eu\/wp-content\/uploads\/2020\/08\/Depo-2.png\" alt=\"\" loading=\"lazy\" srcset=\"https:\/\/waste2oil.eu\/wp-content\/uploads\/2020\/08\/Depo-2.png 345w, https:\/\/waste2oil.eu\/wp-content\/uploads\/2020\/08\/Depo-2-300x186.png 300w\" sizes=\"(max-width: 345px) 100vw, 345px\" \/><br \/>\n\t\t\t\t\t\t\t\t\t\t<img width=\"376\" height=\"435\" src=\"https:\/\/waste2oil.eu\/wp-content\/uploads\/2020\/08\/Depo1.png\" alt=\"\" loading=\"lazy\" srcset=\"https:\/\/waste2oil.eu\/wp-content\/uploads\/2020\/08\/Depo1.png 376w, https:\/\/waste2oil.eu\/wp-content\/uploads\/2020\/08\/Depo1-259x300.png 259w\" sizes=\"(max-width: 376px) 100vw, 376px\" \/>\t\t\t\t\t\t\t\t\t\t\t<\/p>\n<h2>La unidad TDU 1000 puede procesar hasta 8.000 toneladas de residuos al a\u00f1o<\/h2>\n<h5>La soluci\u00f3n modular se puede colocar simplemente en cualquier lugar.<\/h5>\n<p>La unidad Waste2oil puede funcionar tanto en un \u00e1rea remota como en la isla porque es absolutamente autosuficiente.<\/p>\n<p>No es necesario construir un edificio nuevo. Las unidades Waste2oil se pueden colocar al aire libre en condiciones clim\u00e1ticas que no superen los -40 \u00b0 C hasta + 50 \u00b0 C.<\/p>\n<p>Simplemente solo se necesita una superficie pavimentada.<\/p>\n<p>\t\t\t\t\t\t\t\t\t\t<img width=\"1024\" height=\"477\" src=\"https:\/\/waste2oil.eu\/wp-content\/uploads\/2021\/05\/Foto-technologie-1024x477.jpg\" alt=\"\" loading=\"lazy\" srcset=\"https:\/\/waste2oil.eu\/wp-content\/uploads\/2021\/05\/Foto-technologie-1024x477.jpg 1024w, https:\/\/waste2oil.eu\/wp-content\/uploads\/2021\/05\/Foto-technologie-300x140.jpg 300w, https:\/\/waste2oil.eu\/wp-content\/uploads\/2021\/05\/Foto-technologie-768x358.jpg 768w, https:\/\/waste2oil.eu\/wp-content\/uploads\/2021\/05\/Foto-technologie-1536x716.jpg 1536w, https:\/\/waste2oil.eu\/wp-content\/uploads\/2021\/05\/Foto-technologie-600x280.jpg 600w, https:\/\/waste2oil.eu\/wp-content\/uploads\/2021\/05\/Foto-technologie-1393x649.jpg 1393w, https:\/\/waste2oil.eu\/wp-content\/uploads\/2021\/05\/Foto-technologie.jpg 1811w\" sizes=\"(max-width: 1024px) 100vw, 1024px\" \/>\t\t\t\t\t\t\t\t\t\t\t<\/p>\n<h2>Ventajas<\/h2>\n<p>Nuestras unidades producen aceite de la m\u00e1s alta calidad<\/p>\n<p>Cumple con la norma EN 590<\/p>\n<p>Cero emisiones<\/p>\n<p>SISTEMA DE RESPALDO \u00daNICO PARA UN USO SEGURO<\/p>\n<p>ensamblado in situ en 2 d\u00edas<\/p>\n<h4>PMF<\/h4>\n<h5>Preguntas y respuestas m\u00e1s frecuentes<\/h5>\n<p>\t\t\t\t\t\t\t\t\t\t\t\t<a href=\"\">\u00bfCu\u00e1l es la diferencia entre la tecnolog\u00eda de pir\u00f3lisis y Waste2oil?<\/a><\/p>\n<p>La principal diferencia es que la mayor\u00eda de las unidades de pir\u00f3lisis no se ejecutan en un proceso continuo. Los desechos se colocan en el interior y se calientan a una cierta temperatura despu\u00e9s de que la unidad de procesamiento debe abrirse, limpiarse y llenarse con nuevos desechos. Se necesitan m\u00e1s empleados para operar la unidad porque los costos de funcionamiento son m\u00e1s altos y tambi\u00e9n se necesita usar m\u00e1s energ\u00eda para recalentar la unidad con los desechos reci\u00e9n llenados.<\/p>\n<p>La calidad del aceite de pir\u00f3lisis debe limpiarse o mezclarse con otras sustancias para obtener aceite para otro uso.<\/p>\n<p>Para la unidad de pir\u00f3lisis, se necesita m\u00e1s espacio para que no pueda caber en contenedores peque\u00f1os, pero tambi\u00e9n se necesita construir la sala.<\/p>\n<p>La unidad Waste2oil funciona en un proceso continuo que utiliza un transportador de tornillo para mover los desechos en el reactor a velocidad continua y temperatura estable.<\/p>\n<p>La unidad Waste2oil se puede colocar en cualquier lugar de la superficie pavimentada en condiciones clim\u00e1ticas que no superen los -40 \u00b0 C a + 50 \u00b0 C.<\/p>\n<p>\t\t\t\t\t\t\t\t\t\t\t\t<a href=\"\">\u00bfPuede la tecnolog\u00eda Waste2oil procesar todo tipo de pl\u00e1sticos?<\/a><\/p>\n<p>No, la tecnolog\u00eda Waste2oil se basa en la descomposici\u00f3n de materiales org\u00e1nicos por acci\u00f3n del calor sin acceso a sustancias oxidantes, en el ambiente anaer\u00f3bico.<\/p>\n<p>Las botellas de PET y PVC contienen ox\u00edgeno, por eso no se puede procesar en nuestras unidades y adem\u00e1s la calidad del aceite ser\u00eda muy baja.<\/p>\n<p><a href=\"https:\/\/waste2oil.eu\/es\/plastic-waste\/\">Haga clic aqu\u00ed<\/a> para ver los tipos de pl\u00e1stico para la unidad Waste2oil.<\/p>\n<p>\t\t\t\t\t\t\t\t\t\t\t\t<a href=\"\">\u00bfCu\u00e1ntos empleados se necesitan para operar la unidad?<\/a><\/p>\n<p>Las unidades TDU est\u00e1n totalmente automatizadas. S\u00f3lo se necesita un empleado capacitado por turno para operar la unidad.<\/p>\n<p>\t\t\t\t\t\t\t\t\t\t\t\t<a href=\"\">\u00bfPueden las altas temperaturas ambientales (por ejemplo, en un \u00e1rea des\u00e9rtica) afectar el funcionamiento de esta tecnolog\u00eda?<\/a><\/p>\n<p>No. Las propias unidades TDU est\u00e1n generalmente aisladas. En general, la mayor\u00eda de los dispositivos pueden funcionar con una temperatura exterior m\u00e1xima de -40 \u00b0 C a + 50 \u00b0 C.<\/p>\n<p>\t\t\t\t\t\t\t\t\t\t\t\t<a href=\"\">\u00bfCon qu\u00e9 frecuencia se mantiene esta tecnolog\u00eda?<\/a><\/p>\n<p>Todo se basa en las reglas de funcionamiento procesadas suponiendo que el dispositivo funciona las 24 horas del d\u00eda, 330 d\u00edas al a\u00f1o.<\/p>\n<p>\t\t\t\t\t\t\t\t\t\t\t\t<a href=\"\">\u00bfCu\u00e1nto tiempo se tarda en fabricar una unidad?<\/a><\/p>\n<p>8 meses.<\/p>\n<p>\t\t\t\t\t\t\t\t\t\t\t\t<a href=\"\">\u00bfCu\u00e1l es el retorno de la inversi\u00f3n?<\/a><\/p>\n<p>ROI: el retorno de la inversi\u00f3n depende de muchos factores.<\/p>\n<p>Primero, \u00bfqu\u00e9 tipo de material se procesar\u00e1 en la unidad Waste2oil?<\/p>\n<p>\u00bfPara qu\u00e9 se utilizar\u00e1 el aceite, el gas y el negro de carb\u00f3n? En cada pa\u00eds existen diferentes precios del petr\u00f3leo, la electricidad, etc.<\/p>\n<p>\u00bfApoya su gobierno subsidios si tratar\u00e1 los desechos y ayudar\u00e1 al medio ambiente?<\/p>\n<p>El ROI exacto puede basarse solo en el estudio de caso.<\/p>\n<p>A pesar de esto, la tecnolog\u00eda Waste2oil tiene un retorno de inversi\u00f3n de 2 a 5 a\u00f1os.<\/p>\n<h2>Pong\u00e1monos <\/h2>\n<h2>en contacto<\/h2>\n<h3>\n\t\t\t\t\tDirecci\u00f3n de correo electr\u00f3nico<br \/>\n\t\t\t\t<\/h3>\n<p>info@waste2oil.eu<\/p>\n<h3>\n\t\t\t\t\tLl\u00e1menos<br \/>\n\t\t\t\t<\/h3>\n<p>+420 605 905 133<\/p>\n<h3>\n\t\t\t\t\tDirecci\u00f3n<br \/>\n\t\t\t\t<\/h3>\n<p>EA TRADE s.r.o. <br \/>\nPricna 1892\/4, <br \/>Nove Mesto, 110 00 <br \/>Prague, Czech Republic<\/p>\n<h3>Medios de comunicaci\u00f3n social<\/h3>\n<p>\t\t\t\t\t<a href=\"https:\/\/www.facebook.com\/waste2oil\" target=\"_blank\" rel=\"noopener\"><br \/>\n\t\t\t\t\t\tFacebook-f<br \/>\n\t\t\t\t\t\t\t\t\t\t\t<\/a><br \/>\n\t\t\t\t\t<a href=\"https:\/\/www.youtube.com\/watch?v=4dmcew1vrgM&#038;t=11s\" target=\"_blank\" rel=\"noopener\"><br \/>\n\t\t\t\t\t\tYoutube<br \/>\n\t\t\t\t\t\t\t\t\t\t\t<\/a><\/p>\n","protected":false},"excerpt":{"rendered":"<p>De los residuos producimos petr\u00f3leo Lee mas Desperdicios pl\u00e1sticos El pl\u00e1stico es un problema mundial. Nuestro objetivo es transformar los pl\u00e1sticos que terminan en vertederos o se incineran en un bien de gran valor. Neum\u00e1ticos usados La mayor\u00eda de los neum\u00e1ticos usados terminan en vertederos o en la naturaleza. La tecnolog\u00eda Waste2oil es la \u00fanica [&hellip;]<\/p>\n","protected":false},"author":1,"featured_media":0,"parent":0,"menu_order":0,"comment_status":"closed","ping_status":"closed","template":"template-page-builders.php","meta":[],"translation":{"provider":"WPGlobus","version":"2.7.3","language":"es","enabled_languages":["en","es","fr","it","ru","zh"],"languages":{"en":{"title":true,"content":true,"excerpt":false},"es":{"title":true,"content":true,"excerpt":false},"fr":{"title":false,"content":true,"excerpt":false},"it":{"title":false,"content":true,"excerpt":false},"ru":{"title":false,"content":true,"excerpt":false},"zh":{"title":false,"content":true,"excerpt":false}}},"yoast_head":"<!-- This site is optimized with the Yoast SEO plugin v15.3 - https:\/\/yoast.com\/wordpress\/plugins\/seo\/ -->\n<title>Waste to energy - Waste2oil<\/title>\n<meta name=\"robots\" content=\"index, follow, max-snippet:-1, max-image-preview:large, max-video-preview:-1\" \/>\n<link rel=\"canonical\" href=\"https:\/\/waste2oil.eu\/\" \/>\n<meta property=\"og:locale\" content=\"es_ES\" \/>\n<meta property=\"og:type\" content=\"article\" \/>\n<meta property=\"og:title\" content=\"Waste to energy - Waste2oil\" \/>\n<meta property=\"og:url\" content=\"https:\/\/waste2oil.eu\/\" \/>\n<meta property=\"og:site_name\" content=\"Waste2oil\" \/>\n<meta property=\"article:modified_time\" content=\"2023-06-21T12:24:37+00:00\" \/>\n<meta property=\"og:image\" content=\"https:\/\/waste2oil.eu\/wp-content\/uploads\/2020\/08\/Factory-2-1024x486.jpg\" \/>\n<meta name=\"twitter:card\" content=\"summary_large_image\" \/>\n<meta name=\"twitter:label1\" content=\"Escrito por\">\n\t<meta name=\"twitter:data1\" content=\"admin\">\n\t<meta name=\"twitter:label2\" content=\"Tiempo de lectura\">\n\t<meta name=\"twitter:data2\" content=\"19 minutos\">\n<script type=\"application\/ld+json\" class=\"yoast-schema-graph\">{\"@context\":\"https:\/\/schema.org\",\"@graph\":[{\"@type\":\"WebSite\",\"@id\":\"https:\/\/waste2oil.eu\/#website\",\"url\":\"https:\/\/waste2oil.eu\/\",\"name\":\"Waste2oil\",\"description\":\"From waste we make oil\",\"potentialAction\":[{\"@type\":\"SearchAction\",\"target\":\"https:\/\/waste2oil.eu\/?s={search_term_string}\",\"query-input\":\"required name=search_term_string\"}],\"inLanguage\":\"es\"},{\"@type\":\"ImageObject\",\"@id\":\"https:\/\/waste2oil.eu\/#primaryimage\",\"inLanguage\":\"es\",\"url\":\"https:\/\/waste2oil.eu\/wp-content\/uploads\/2020\/08\/Factory-2.jpg\",\"width\":1159,\"height\":550},{\"@type\":\"WebPage\",\"@id\":\"https:\/\/waste2oil.eu\/#webpage\",\"url\":\"https:\/\/waste2oil.eu\/\",\"name\":\"Waste to energy - Waste2oil\",\"isPartOf\":{\"@id\":\"https:\/\/waste2oil.eu\/#website\"},\"primaryImageOfPage\":{\"@id\":\"https:\/\/waste2oil.eu\/#primaryimage\"},\"datePublished\":\"2016-03-24T12:13:42+00:00\",\"dateModified\":\"2023-06-21T12:24:37+00:00\",\"inLanguage\":\"es\",\"potentialAction\":[{\"@type\":\"ReadAction\",\"target\":[\"https:\/\/waste2oil.eu\/\"]}]}]}<\/script>\n<!-- \/ Yoast SEO plugin. -->","_links":{"self":[{"href":"https:\/\/waste2oil.eu\/es\/wp-json\/wp\/v2\/pages\/1396"}],"collection":[{"href":"https:\/\/waste2oil.eu\/es\/wp-json\/wp\/v2\/pages"}],"about":[{"href":"https:\/\/waste2oil.eu\/es\/wp-json\/wp\/v2\/types\/page"}],"author":[{"embeddable":true,"href":"https:\/\/waste2oil.eu\/es\/wp-json\/wp\/v2\/users\/1"}],"replies":[{"embeddable":true,"href":"https:\/\/waste2oil.eu\/es\/wp-json\/wp\/v2\/comments?post=1396"}],"version-history":[{"count":577,"href":"https:\/\/waste2oil.eu\/es\/wp-json\/wp\/v2\/pages\/1396\/revisions"}],"predecessor-version":[{"id":3230,"href":"https:\/\/waste2oil.eu\/es\/wp-json\/wp\/v2\/pages\/1396\/revisions\/3230"}],"wp:attachment":[{"href":"https:\/\/waste2oil.eu\/es\/wp-json\/wp\/v2\/media?parent=1396"}],"curies":[{"name":"wp","href":"https:\/\/api.w.org\/{rel}","templated":true}]}}