{"id":1697,"date":"2020-08-31T08:48:45","date_gmt":"2020-08-31T08:48:45","guid":{"rendered":"http:\/\/waste2oil.eu\/?page_id=1697"},"modified":"2021-05-30T11:35:16","modified_gmt":"2021-05-30T11:35:16","slug":"plastic-waste","status":"publish","type":"page","link":"https:\/\/waste2oil.eu\/es\/plastic-waste\/","title":{"rendered":"Plastic waste"},"content":{"rendered":"<h5>Desperdicios pl\u00e1sticos<\/h5>\n<p style=\"color: #7a7a7a; font-size: 18px;\">Algunos pl\u00e1sticos no valen el costo de reciclarlos..<\/p>\n<p style=\"color: #7a7a7a; font-size: 18px;\">Para nosotros tienen valor..<\/p>\n<p>\t\t\t\t\t\t\t\t\t\t<img width=\"1024\" height=\"683\" src=\"https:\/\/waste2oil.eu\/wp-content\/uploads\/2020\/08\/Waste-plastics-2-1024x683.jpg\" alt=\"\" loading=\"lazy\" srcset=\"https:\/\/waste2oil.eu\/wp-content\/uploads\/2020\/08\/Waste-plastics-2-1024x683.jpg 1024w, https:\/\/waste2oil.eu\/wp-content\/uploads\/2020\/08\/Waste-plastics-2-300x200.jpg 300w, https:\/\/waste2oil.eu\/wp-content\/uploads\/2020\/08\/Waste-plastics-2-768x512.jpg 768w, https:\/\/waste2oil.eu\/wp-content\/uploads\/2020\/08\/Waste-plastics-2-1536x1024.jpg 1536w, https:\/\/waste2oil.eu\/wp-content\/uploads\/2020\/08\/Waste-plastics-2-2048x1365.jpg 2048w\" sizes=\"(max-width: 1024px) 100vw, 1024px\" \/>\t\t\t\t\t\t\t\t\t\t\t<\/p>\n<h4>Seg\u00fan una investigaci\u00f3n de la Universidad de Oxford, de los residuos pl\u00e1sticos producidos entre 1950 y 2015, solo el 9% se recicl\u00f3.<\/h4>\n<h6>Pl\u00e1sticos que se pueden convertir en aceite<\/h6>\n<h2>S\u00edmbolo<\/h2>\n<h2>Pol\u00edmero<\/h2>\n<h2>Usos Comunes<\/h2>\n<h2>Imagen<\/h2>\n<p>\t\t\t\t\t\t\t\t\t\t<img width=\"856\" height=\"970\" src=\"https:\/\/waste2oil.eu\/wp-content\/uploads\/2020\/09\/2.png\" alt=\"\" loading=\"lazy\" srcset=\"https:\/\/waste2oil.eu\/wp-content\/uploads\/2020\/09\/2.png 856w, https:\/\/waste2oil.eu\/wp-content\/uploads\/2020\/09\/2-265x300.png 265w, https:\/\/waste2oil.eu\/wp-content\/uploads\/2020\/09\/2-768x870.png 768w\" sizes=\"(max-width: 856px) 100vw, 856px\" \/>\t\t\t\t\t\t\t\t\t\t\t<\/p>\n<p style=\"text-align: center;\"><strong>Polietileno de alta densidad<\/strong><\/p>\n<p style=\"text-align: center;\">Envases de leche, agentes de limpieza, botellas de champ\u00fa, botellas de lej\u00eda<\/p>\n<p>\t\t\t\t\t\t\t\t\t\t<img width=\"71\" height=\"104\" src=\"https:\/\/waste2oil.eu\/wp-content\/uploads\/2020\/09\/Flaska2.jpg\" alt=\"\" loading=\"lazy\" \/><br \/>\n\t\t\t\t\t\t\t\t\t\t<img width=\"856\" height=\"970\" src=\"https:\/\/waste2oil.eu\/wp-content\/uploads\/2020\/09\/4.png\" alt=\"\" loading=\"lazy\" srcset=\"https:\/\/waste2oil.eu\/wp-content\/uploads\/2020\/09\/4.png 856w, https:\/\/waste2oil.eu\/wp-content\/uploads\/2020\/09\/4-265x300.png 265w, https:\/\/waste2oil.eu\/wp-content\/uploads\/2020\/09\/4-768x870.png 768w\" sizes=\"(max-width: 856px) 100vw, 856px\" \/>\t\t\t\t\t\t\t\t\t\t\t<\/p>\n<p style=\"text-align: center;\"><strong>Polietileno de baja densidad<\/strong><\/p>\n<p style=\"text-align: center;\">Bolsas de pl\u00e1stico, envoltorios de alimentos (por ejemplo, pan, frutas, verduras)<\/p>\n<p>\t\t\t\t\t\t\t\t\t\t<img width=\"100\" height=\"93\" src=\"https:\/\/waste2oil.eu\/wp-content\/uploads\/2020\/09\/Flaska4.jpg\" alt=\"\" loading=\"lazy\" \/><br \/>\n\t\t\t\t\t\t\t\t\t\t<img width=\"856\" height=\"970\" src=\"https:\/\/waste2oil.eu\/wp-content\/uploads\/2020\/09\/5.png\" alt=\"\" loading=\"lazy\" srcset=\"https:\/\/waste2oil.eu\/wp-content\/uploads\/2020\/09\/5.png 856w, https:\/\/waste2oil.eu\/wp-content\/uploads\/2020\/09\/5-265x300.png 265w, https:\/\/waste2oil.eu\/wp-content\/uploads\/2020\/09\/5-768x870.png 768w\" sizes=\"(max-width: 856px) 100vw, 856px\" \/>\t\t\t\t\t\t\t\t\t\t\t<\/p>\n<p style=\"text-align: center;\"><strong>Polipropileno<\/strong><\/p>\n<p style=\"text-align: center;\">Tapas de botellas, recipientes para alimentos, muebles, art\u00edculos para el hogar, desechos m\u00e9dicos, cuerdas, piezas de autom\u00f3viles<\/p>\n<p>\t\t\t\t\t\t\t\t\t\t<img width=\"89\" height=\"102\" src=\"https:\/\/waste2oil.eu\/wp-content\/uploads\/2020\/09\/Flaska5a.jpg\" alt=\"\" loading=\"lazy\" \/><br \/>\n\t\t\t\t\t\t\t\t\t\t<img width=\"856\" height=\"970\" src=\"https:\/\/waste2oil.eu\/wp-content\/uploads\/2020\/09\/7.png\" alt=\"\" loading=\"lazy\" srcset=\"https:\/\/waste2oil.eu\/wp-content\/uploads\/2020\/09\/7.png 856w, https:\/\/waste2oil.eu\/wp-content\/uploads\/2020\/09\/7-265x300.png 265w, https:\/\/waste2oil.eu\/wp-content\/uploads\/2020\/09\/7-768x870.png 768w\" sizes=\"(max-width: 856px) 100vw, 856px\" \/>\t\t\t\t\t\t\t\t\t\t\t<\/p>\n<p style=\"text-align: center;\"><strong>Otro pl\u00e1stico<\/strong> (por ejemplo, acr\u00edlico, policarbonato, fibras polil\u00e1cticas)<\/p>\n<p style=\"text-align: center;\">Botellas de agua, vasos para beb\u00e9s, fibra de vidrio. No todos los pl\u00e1sticos se pueden usar, est\u00e1 sujeto a pruebas de maretial)<\/p>\n<p>\t\t\t\t\t\t\t\t\t\t<img width=\"99\" height=\"90\" src=\"https:\/\/waste2oil.eu\/wp-content\/uploads\/2020\/09\/Flaska7.jpg\" alt=\"\" loading=\"lazy\" \/>\t\t\t\t\t\t\t\t\t\t\t<\/p>\n<h6>Pl\u00e1sticos que no se pueden convertir en aceite<\/h6>\n<h2>S\u00edmbolo<\/h2>\n<h2>Pol\u00edmero<\/h2>\n<h2>Usos Comunes<\/h2>\n<h2>Imagen<\/h2>\n<p>\t\t\t\t\t\t\t\t\t\t<img width=\"856\" height=\"970\" src=\"https:\/\/waste2oil.eu\/wp-content\/uploads\/2020\/09\/1Xaa.png\" alt=\"\" loading=\"lazy\" srcset=\"https:\/\/waste2oil.eu\/wp-content\/uploads\/2020\/09\/1Xaa.png 856w, https:\/\/waste2oil.eu\/wp-content\/uploads\/2020\/09\/1Xaa-265x300.png 265w, https:\/\/waste2oil.eu\/wp-content\/uploads\/2020\/09\/1Xaa-768x870.png 768w\" sizes=\"(max-width: 856px) 100vw, 856px\" \/>\t\t\t\t\t\t\t\t\t\t\t<\/p>\n<p style=\"text-align: center;\"><strong>Tereftalato de polietileno<\/strong><\/p>\n<p style=\"text-align: center;\">Botellas de pl\u00e1stico (agua, refrescos, aceite de cocina)<\/p>\n<p>\t\t\t\t\t\t\t\t\t\t<img width=\"76\" height=\"71\" src=\"https:\/\/waste2oil.eu\/wp-content\/uploads\/2020\/09\/Flaska1.jpg\" alt=\"\" loading=\"lazy\" \/><br \/>\n\t\t\t\t\t\t\t\t\t\t<img width=\"856\" height=\"970\" src=\"https:\/\/waste2oil.eu\/wp-content\/uploads\/2020\/09\/3X.png\" alt=\"\" loading=\"lazy\" srcset=\"https:\/\/waste2oil.eu\/wp-content\/uploads\/2020\/09\/3X.png 856w, https:\/\/waste2oil.eu\/wp-content\/uploads\/2020\/09\/3X-265x300.png 265w, https:\/\/waste2oil.eu\/wp-content\/uploads\/2020\/09\/3X-768x870.png 768w\" sizes=\"(max-width: 856px) 100vw, 856px\" \/>\t\t\t\t\t\t\t\t\t\t\t<\/p>\n<p style=\"text-align: center;\"><strong>Cloruro de polivinilo<\/strong><\/p>\n<p style=\"text-align: center;\">Tuber\u00eda de pl\u00e1stico, pisos de vinilo, l\u00e1minas de techo, aislamiento de cableado<\/p>\n<p>\t\t\t\t\t\t\t\t\t\t<img width=\"108\" height=\"105\" src=\"https:\/\/waste2oil.eu\/wp-content\/uploads\/2020\/09\/Flaska3.jpg\" alt=\"\" loading=\"lazy\" \/><br \/>\n\t\t\t\t\t\t\t\t\t\t<img width=\"856\" height=\"970\" src=\"https:\/\/waste2oil.eu\/wp-content\/uploads\/2020\/09\/6x.png\" alt=\"\" loading=\"lazy\" srcset=\"https:\/\/waste2oil.eu\/wp-content\/uploads\/2020\/09\/6x.png 856w, https:\/\/waste2oil.eu\/wp-content\/uploads\/2020\/09\/6x-265x300.png 265w, https:\/\/waste2oil.eu\/wp-content\/uploads\/2020\/09\/6x-768x870.png 768w\" sizes=\"(max-width: 856px) 100vw, 856px\" \/>\t\t\t\t\t\t\t\t\t\t\t<\/p>\n<p style=\"text-align: center;\"><strong>Poliestireno<\/strong><\/p>\n<p style=\"text-align: center;\">Recipientes para comida para llevar, cubiertos de pl\u00e1stico, bandeja para huevos (solo hasta el 3% de mezcla de pl\u00e1sticos)<\/p>\n<p>\t\t\t\t\t\t\t\t\t\t<img width=\"97\" height=\"84\" src=\"https:\/\/waste2oil.eu\/wp-content\/uploads\/2020\/09\/Flaska6.jpg\" alt=\"\" loading=\"lazy\" \/>\t\t\t\t\t\t\t\t\t\t\t<\/p>\n<h4>PETE y PVC contienen alrededor del 30% de ox\u00edgeno, <br \/>la unidad Waste2oil funciona en un ciclo cerrado <br \/>sin acceso a ox\u00edgeno.<\/h4>\n","protected":false},"excerpt":{"rendered":"<p>Desperdicios pl\u00e1sticos Algunos pl\u00e1sticos no valen el costo de reciclarlos.. Para nosotros tienen valor.. Seg\u00fan una investigaci\u00f3n de la Universidad de Oxford, de los residuos pl\u00e1sticos producidos entre 1950 y 2015, solo el 9% se recicl\u00f3. Pl\u00e1sticos que se pueden convertir en aceite S\u00edmbolo Pol\u00edmero Usos Comunes Imagen Polietileno de alta densidad Envases de leche, [&hellip;]<\/p>\n","protected":false},"author":1,"featured_media":0,"parent":0,"menu_order":0,"comment_status":"closed","ping_status":"closed","template":"template-page-builders.php","meta":[],"translation":{"provider":"WPGlobus","version":"2.7.3","language":"es","enabled_languages":["en","es","fr","it","ru","zh"],"languages":{"en":{"title":true,"content":true,"excerpt":false},"es":{"title":true,"content":true,"excerpt":false},"fr":{"title":false,"content":true,"excerpt":false},"it":{"title":false,"content":true,"excerpt":false},"ru":{"title":false,"content":true,"excerpt":false},"zh":{"title":false,"content":true,"excerpt":false}}},"yoast_head":"<!-- This site is optimized with the Yoast SEO plugin v15.3 - https:\/\/yoast.com\/wordpress\/plugins\/seo\/ -->\n<title>Plastic waste - Waste2oil<\/title>\n<meta name=\"robots\" content=\"index, follow, max-snippet:-1, max-image-preview:large, max-video-preview:-1\" \/>\n<link rel=\"canonical\" href=\"https:\/\/waste2oil.eu\/plastic-waste\/\" \/>\n<meta property=\"og:locale\" content=\"es_ES\" \/>\n<meta property=\"og:type\" content=\"article\" \/>\n<meta property=\"og:title\" content=\"Plastic waste - Waste2oil\" \/>\n<meta property=\"og:url\" content=\"https:\/\/waste2oil.eu\/plastic-waste\/\" \/>\n<meta property=\"og:site_name\" content=\"Waste2oil\" \/>\n<meta property=\"article:modified_time\" content=\"2021-05-30T11:35:16+00:00\" \/>\n<meta property=\"og:image\" content=\"https:\/\/waste2oil.eu\/wp-content\/uploads\/2020\/08\/Waste-plastics-2-1024x683.jpg\" \/>\n<meta name=\"twitter:card\" content=\"summary_large_image\" \/>\n<meta name=\"twitter:label1\" content=\"Escrito por\">\n\t<meta name=\"twitter:data1\" content=\"admin\">\n\t<meta name=\"twitter:label2\" content=\"Tiempo de lectura\">\n\t<meta name=\"twitter:data2\" content=\"3 minutos\">\n<script type=\"application\/ld+json\" class=\"yoast-schema-graph\">{\"@context\":\"https:\/\/schema.org\",\"@graph\":[{\"@type\":\"WebSite\",\"@id\":\"https:\/\/waste2oil.eu\/#website\",\"url\":\"https:\/\/waste2oil.eu\/\",\"name\":\"Waste2oil\",\"description\":\"From waste we make oil\",\"potentialAction\":[{\"@type\":\"SearchAction\",\"target\":\"https:\/\/waste2oil.eu\/?s={search_term_string}\",\"query-input\":\"required name=search_term_string\"}],\"inLanguage\":\"es\"},{\"@type\":\"ImageObject\",\"@id\":\"https:\/\/waste2oil.eu\/plastic-waste\/#primaryimage\",\"inLanguage\":\"es\",\"url\":\"https:\/\/waste2oil.eu\/wp-content\/uploads\/2020\/08\/Waste-plastics-2-1024x683.jpg\"},{\"@type\":\"WebPage\",\"@id\":\"https:\/\/waste2oil.eu\/plastic-waste\/#webpage\",\"url\":\"https:\/\/waste2oil.eu\/plastic-waste\/\",\"name\":\"Plastic waste - Waste2oil\",\"isPartOf\":{\"@id\":\"https:\/\/waste2oil.eu\/#website\"},\"primaryImageOfPage\":{\"@id\":\"https:\/\/waste2oil.eu\/plastic-waste\/#primaryimage\"},\"datePublished\":\"2020-08-31T08:48:45+00:00\",\"dateModified\":\"2021-05-30T11:35:16+00:00\",\"inLanguage\":\"es\",\"potentialAction\":[{\"@type\":\"ReadAction\",\"target\":[\"https:\/\/waste2oil.eu\/plastic-waste\/\"]}]}]}<\/script>\n<!-- \/ Yoast SEO plugin. -->","_links":{"self":[{"href":"https:\/\/waste2oil.eu\/es\/wp-json\/wp\/v2\/pages\/1697"}],"collection":[{"href":"https:\/\/waste2oil.eu\/es\/wp-json\/wp\/v2\/pages"}],"about":[{"href":"https:\/\/waste2oil.eu\/es\/wp-json\/wp\/v2\/types\/page"}],"author":[{"embeddable":true,"href":"https:\/\/waste2oil.eu\/es\/wp-json\/wp\/v2\/users\/1"}],"replies":[{"embeddable":true,"href":"https:\/\/waste2oil.eu\/es\/wp-json\/wp\/v2\/comments?post=1697"}],"version-history":[{"count":57,"href":"https:\/\/waste2oil.eu\/es\/wp-json\/wp\/v2\/pages\/1697\/revisions"}],"predecessor-version":[{"id":3053,"href":"https:\/\/waste2oil.eu\/es\/wp-json\/wp\/v2\/pages\/1697\/revisions\/3053"}],"wp:attachment":[{"href":"https:\/\/waste2oil.eu\/es\/wp-json\/wp\/v2\/media?parent=1697"}],"curies":[{"name":"wp","href":"https:\/\/api.w.org\/{rel}","templated":true}]}}