{"id":1797,"date":"2020-09-03T16:36:04","date_gmt":"2020-09-03T16:36:04","guid":{"rendered":"http:\/\/waste2oil.eu\/?page_id=1797"},"modified":"2021-05-30T11:33:45","modified_gmt":"2021-05-30T11:33:45","slug":"used-tyres","status":"publish","type":"page","link":"https:\/\/waste2oil.eu\/es\/used-tyres\/","title":{"rendered":"Used tyres"},"content":{"rendered":"<h5>Neum\u00e1ticos usados<\/h5>\n<p>Los neum\u00e1ticos usados son el material de desecho ideal para la unidad Waste2oil.<\/p>\n<p>De los neum\u00e1ticos no es necesario quitar cables de acero y fibra.<\/p>\n<p>El acero que queda despu\u00e9s del proceso de reciclaje se comprime y se utiliza para su posterior procesamiento en la industria del acero.<\/p>\n<p>El tama\u00f1o de las migajas del neum\u00e1tico puede ser de hasta 3 cm.<\/p>\n<p>\t\t\t\t\t\t\t\t\t\t<img width=\"1024\" height=\"682\" src=\"https:\/\/waste2oil.eu\/wp-content\/uploads\/2020\/08\/Waste-tires-2-1024x682.jpg\" alt=\"\" loading=\"lazy\" srcset=\"https:\/\/waste2oil.eu\/wp-content\/uploads\/2020\/08\/Waste-tires-2-1024x682.jpg 1024w, https:\/\/waste2oil.eu\/wp-content\/uploads\/2020\/08\/Waste-tires-2-300x200.jpg 300w, https:\/\/waste2oil.eu\/wp-content\/uploads\/2020\/08\/Waste-tires-2-768x511.jpg 768w, https:\/\/waste2oil.eu\/wp-content\/uploads\/2020\/08\/Waste-tires-2-1536x1023.jpg 1536w, https:\/\/waste2oil.eu\/wp-content\/uploads\/2020\/08\/Waste-tires-2-2048x1364.jpg 2048w\" sizes=\"(max-width: 1024px) 100vw, 1024px\" \/>\t\t\t\t\t\t\t\t\t\t\t<\/p>\n<h4>Cada a\u00f1o, los autom\u00f3viles producen m\u00e1s de mil millones de llantas de desecho en el mundo..<br \/> La industria del reciclaje procesa solo 100 millones de llantas cada a\u00f1o.<\/h4>\n<h6>Datos sobre neum\u00e1ticos<\/h6>\n<ul>\n<li>\n\t\t\t\t\t\t\t\t\t\tLa cantidad de llantas de desecho de baja vida \u00fatil aumenta cada a\u00f1o\n\t\t\t\t\t\t\t\t\t<\/li>\n<li>\n\t\t\t\t\t\t\t\t\t\tLos neum\u00e1ticos no son biodegradables, no son fusibles ni son insolubles.\n\t\t\t\t\t\t\t\t\t<\/li>\n<li>\n\t\t\t\t\t\t\t\t\t\tLa acumulaci\u00f3n de este tipo de residuos provoca un importante problema medioambiental\n\t\t\t\t\t\t\t\t\t<\/li>\n<li>\n\t\t\t\t\t\t\t\t\t\tLos diferentes tipos de neum\u00e1ticos tienen composiciones qu\u00edmicas similares.\n\t\t\t\t\t\t\t\t\t<\/li>\n<li>\n\t\t\t\t\t\t\t\t\t\tLa mayor cantidad de neum\u00e1ticos se vierte en vertederos, solo una parte del total se recicla mediante diversas t\u00e9cnicas:<br \/> &#8211; como combustible en hornos de cemento<br \/> &#8211; como aditivos para asfaltos utilizados en carreteras<br \/> &#8211; en incineradores o coincineraci\u00f3n con carb\u00f3n<br \/> &#8211; como materia prima en el caucho industria, <br \/>&#8211; como materia prima para superficies de carreteras, etc.)\n\t\t\t\t\t\t\t\t\t<\/li>\n<\/ul>\n","protected":false},"excerpt":{"rendered":"<p>Neum\u00e1ticos usados Los neum\u00e1ticos usados son el material de desecho ideal para la unidad Waste2oil. De los neum\u00e1ticos no es necesario quitar cables de acero y fibra. El acero que queda despu\u00e9s del proceso de reciclaje se comprime y se utiliza para su posterior procesamiento en la industria del acero. El tama\u00f1o de las migajas [&hellip;]<\/p>\n","protected":false},"author":1,"featured_media":0,"parent":0,"menu_order":0,"comment_status":"closed","ping_status":"closed","template":"elementor_header_footer","meta":[],"translation":{"provider":"WPGlobus","version":"2.7.3","language":"es","enabled_languages":["en","es","fr","it","ru","zh"],"languages":{"en":{"title":true,"content":true,"excerpt":false},"es":{"title":true,"content":true,"excerpt":false},"fr":{"title":false,"content":true,"excerpt":false},"it":{"title":false,"content":true,"excerpt":false},"ru":{"title":false,"content":true,"excerpt":false},"zh":{"title":false,"content":true,"excerpt":false}}},"yoast_head":"<!-- This site is optimized with the Yoast SEO plugin v15.3 - https:\/\/yoast.com\/wordpress\/plugins\/seo\/ -->\n<title>Used tyres - Waste2oil<\/title>\n<meta name=\"robots\" content=\"index, follow, max-snippet:-1, max-image-preview:large, max-video-preview:-1\" \/>\n<link rel=\"canonical\" href=\"https:\/\/waste2oil.eu\/used-tyres\/\" \/>\n<meta property=\"og:locale\" content=\"es_ES\" \/>\n<meta property=\"og:type\" content=\"article\" \/>\n<meta property=\"og:title\" content=\"Used tyres - Waste2oil\" \/>\n<meta property=\"og:url\" content=\"https:\/\/waste2oil.eu\/used-tyres\/\" \/>\n<meta property=\"og:site_name\" content=\"Waste2oil\" \/>\n<meta property=\"article:modified_time\" content=\"2021-05-30T11:33:45+00:00\" \/>\n<meta property=\"og:image\" content=\"https:\/\/waste2oil.eu\/wp-content\/uploads\/2020\/08\/Waste-tires-2-1024x682.jpg\" \/>\n<meta name=\"twitter:card\" content=\"summary_large_image\" \/>\n<meta name=\"twitter:label1\" content=\"Escrito por\">\n\t<meta name=\"twitter:data1\" content=\"admin\">\n\t<meta name=\"twitter:label2\" content=\"Tiempo de lectura\">\n\t<meta name=\"twitter:data2\" content=\"3 minutos\">\n<script type=\"application\/ld+json\" class=\"yoast-schema-graph\">{\"@context\":\"https:\/\/schema.org\",\"@graph\":[{\"@type\":\"WebSite\",\"@id\":\"https:\/\/waste2oil.eu\/#website\",\"url\":\"https:\/\/waste2oil.eu\/\",\"name\":\"Waste2oil\",\"description\":\"From waste we make oil\",\"potentialAction\":[{\"@type\":\"SearchAction\",\"target\":\"https:\/\/waste2oil.eu\/?s={search_term_string}\",\"query-input\":\"required name=search_term_string\"}],\"inLanguage\":\"es\"},{\"@type\":\"ImageObject\",\"@id\":\"https:\/\/waste2oil.eu\/used-tyres\/#primaryimage\",\"inLanguage\":\"es\",\"url\":\"https:\/\/waste2oil.eu\/wp-content\/uploads\/2020\/08\/Waste-tires-2-1024x682.jpg\"},{\"@type\":\"WebPage\",\"@id\":\"https:\/\/waste2oil.eu\/used-tyres\/#webpage\",\"url\":\"https:\/\/waste2oil.eu\/used-tyres\/\",\"name\":\"Used tyres - Waste2oil\",\"isPartOf\":{\"@id\":\"https:\/\/waste2oil.eu\/#website\"},\"primaryImageOfPage\":{\"@id\":\"https:\/\/waste2oil.eu\/used-tyres\/#primaryimage\"},\"datePublished\":\"2020-09-03T16:36:04+00:00\",\"dateModified\":\"2021-05-30T11:33:45+00:00\",\"inLanguage\":\"es\",\"potentialAction\":[{\"@type\":\"ReadAction\",\"target\":[\"https:\/\/waste2oil.eu\/used-tyres\/\"]}]}]}<\/script>\n<!-- \/ Yoast SEO plugin. -->","_links":{"self":[{"href":"https:\/\/waste2oil.eu\/es\/wp-json\/wp\/v2\/pages\/1797"}],"collection":[{"href":"https:\/\/waste2oil.eu\/es\/wp-json\/wp\/v2\/pages"}],"about":[{"href":"https:\/\/waste2oil.eu\/es\/wp-json\/wp\/v2\/types\/page"}],"author":[{"embeddable":true,"href":"https:\/\/waste2oil.eu\/es\/wp-json\/wp\/v2\/users\/1"}],"replies":[{"embeddable":true,"href":"https:\/\/waste2oil.eu\/es\/wp-json\/wp\/v2\/comments?post=1797"}],"version-history":[{"count":28,"href":"https:\/\/waste2oil.eu\/es\/wp-json\/wp\/v2\/pages\/1797\/revisions"}],"predecessor-version":[{"id":3052,"href":"https:\/\/waste2oil.eu\/es\/wp-json\/wp\/v2\/pages\/1797\/revisions\/3052"}],"wp:attachment":[{"href":"https:\/\/waste2oil.eu\/es\/wp-json\/wp\/v2\/media?parent=1797"}],"curies":[{"name":"wp","href":"https:\/\/api.w.org\/{rel}","templated":true}]}}