{"id":1892,"date":"2020-09-09T12:27:00","date_gmt":"2020-09-09T12:27:00","guid":{"rendered":"http:\/\/waste2oil.eu\/?page_id=1892"},"modified":"2021-06-02T16:40:57","modified_gmt":"2021-06-02T16:40:57","slug":"carbon-black","status":"publish","type":"page","link":"https:\/\/waste2oil.eu\/es\/carbon-black\/","title":{"rendered":"Carbon Black"},"content":{"rendered":"<h5>Negro carb\u00f3n<\/h5>\n<p>El uso de negro de carb\u00f3n es un reforzador qu\u00edmico en el caucho y un agente colorante en las industrias de pigmentos. Este precio de negro de carb\u00f3n es muy competitivo en comparaci\u00f3n con el negro de carb\u00f3n de petr\u00f3leo, por lo que el negro de carb\u00f3n de nuestra unidad Waste2oil es una mejor alternativa al negro de carb\u00f3n de petr\u00f3leo.<\/p>\n<p>\t\t\t\t\t\t\t\t\t\t<img width=\"710\" height=\"509\" src=\"https:\/\/waste2oil.eu\/wp-content\/uploads\/2020\/09\/Carbon-Black.jpg\" alt=\"\" loading=\"lazy\" srcset=\"https:\/\/waste2oil.eu\/wp-content\/uploads\/2020\/09\/Carbon-Black.jpg 710w, https:\/\/waste2oil.eu\/wp-content\/uploads\/2020\/09\/Carbon-Black-300x215.jpg 300w\" sizes=\"(max-width: 710px) 100vw, 710px\" \/>\t\t\t\t\t\t\t\t\t\t\t<\/p>\n<h2>Uso de negro de carb\u00f3n<\/h2>\n<p>\t\t\t\t\t\t\t\t\t\t<img width=\"1024\" height=\"686\" src=\"https:\/\/waste2oil.eu\/wp-content\/uploads\/2020\/09\/New_tyres-1024x686.jpg\" alt=\"\" loading=\"lazy\" srcset=\"https:\/\/waste2oil.eu\/wp-content\/uploads\/2020\/09\/New_tyres-1024x686.jpg 1024w, https:\/\/waste2oil.eu\/wp-content\/uploads\/2020\/09\/New_tyres-300x201.jpg 300w, https:\/\/waste2oil.eu\/wp-content\/uploads\/2020\/09\/New_tyres-768x515.jpg 768w, https:\/\/waste2oil.eu\/wp-content\/uploads\/2020\/09\/New_tyres.jpg 1280w\" sizes=\"(max-width: 1024px) 100vw, 1024px\" \/>\t\t\t\t\t\t\t\t\t\t\t<\/p>\n<h3>neum\u00e1ticos<\/h3>\n<p>El negro de carb\u00f3n se agrega al caucho como relleno y como agente reforzante o reforzante. Para varios tipos de neum\u00e1ticos, se utiliza en revestimientos interiores, carcasas, paredes laterales y bandas de rodadura que utilizan diferentes tipos seg\u00fan los requisitos de rendimiento espec\u00edficos.<\/p>\n<p>\t\t\t\t\t\t\t\t\t\t<img width=\"1024\" height=\"682\" src=\"https:\/\/waste2oil.eu\/wp-content\/uploads\/2020\/09\/Farming-1-1024x682.jpg\" alt=\"\" loading=\"lazy\" srcset=\"https:\/\/waste2oil.eu\/wp-content\/uploads\/2020\/09\/Farming-1-1024x682.jpg 1024w, https:\/\/waste2oil.eu\/wp-content\/uploads\/2020\/09\/Farming-1-300x200.jpg 300w, https:\/\/waste2oil.eu\/wp-content\/uploads\/2020\/09\/Farming-1-768x512.jpg 768w, https:\/\/waste2oil.eu\/wp-content\/uploads\/2020\/09\/Farming-1.jpg 1280w\" sizes=\"(max-width: 1024px) 100vw, 1024px\" \/>\t\t\t\t\t\t\t\t\t\t\t<\/p>\n<h3>agricultura<\/h3>\n<p>El material carbonoso se aplica al suelo para mejorar la fertilidad del suelo y el secuestro de carbono. Como efecto secundario positivo, se puede minimizar la movilidad de los plaguicidas y el riesgo de contaminaci\u00f3n de las aguas subterr\u00e1neas. Puedes encontrar mas <a href=\"http:\/\/www.econutrifert.com\">aqui.<\/a><\/p>\n<p>\t\t\t\t\t\t\t\t\t\t<img width=\"1024\" height=\"682\" src=\"https:\/\/waste2oil.eu\/wp-content\/uploads\/2020\/09\/pipes-1024x682.jpg\" alt=\"\" loading=\"lazy\" srcset=\"https:\/\/waste2oil.eu\/wp-content\/uploads\/2020\/09\/pipes-1024x682.jpg 1024w, https:\/\/waste2oil.eu\/wp-content\/uploads\/2020\/09\/pipes-300x200.jpg 300w, https:\/\/waste2oil.eu\/wp-content\/uploads\/2020\/09\/pipes-768x512.jpg 768w, https:\/\/waste2oil.eu\/wp-content\/uploads\/2020\/09\/pipes.jpg 1280w\" sizes=\"(max-width: 1024px) 100vw, 1024px\" \/>\t\t\t\t\t\t\t\t\t\t\t<\/p>\n<h3>PL\u00c1STICA<\/h3>\n<p>Los negros de carb\u00f3n ahora se utilizan ampliamente para empaques conductores, tuber\u00edas de pl\u00e1stico, pel\u00edculas, fibras, molduras, compuestos de cables semiconductores en productos como sacos de basura, bolsas industriales, contenedores fotogr\u00e1ficos, pel\u00edculas para mantillo agr\u00edcola, envolturas el\u00e1sticas y productos el\u00e9ctricos \/ electr\u00f3nicos.<\/p>\n<p>\t\t\t\t\t\t\t\t\t\t<img width=\"1024\" height=\"682\" src=\"https:\/\/waste2oil.eu\/wp-content\/uploads\/2020\/09\/carbon-coating-1024x682.jpg\" alt=\"\" loading=\"lazy\" srcset=\"https:\/\/waste2oil.eu\/wp-content\/uploads\/2020\/09\/carbon-coating-1024x682.jpg 1024w, https:\/\/waste2oil.eu\/wp-content\/uploads\/2020\/09\/carbon-coating-300x200.jpg 300w, https:\/\/waste2oil.eu\/wp-content\/uploads\/2020\/09\/carbon-coating-768x512.jpg 768w, https:\/\/waste2oil.eu\/wp-content\/uploads\/2020\/09\/carbon-coating.jpg 1280w\" sizes=\"(max-width: 1024px) 100vw, 1024px\" \/>\t\t\t\t\t\t\t\t\t\t\t<\/p>\n<h3>Recubrimientos de alto desempe\u00f1o<\/h3>\n<p>Los negros de carb\u00f3n proporcionan pigmentaci\u00f3n, conductividad y protecci\u00f3n UV para una serie de aplicaciones de revestimiento, incluidas las de automoci\u00f3n (capas de base y capas transparentes), marinas, aeroespaciales, decorativas, de madera e industriales.<\/p>\n<p>\t\t\t\t\t\t\t\t\t\t<img width=\"1024\" height=\"682\" src=\"https:\/\/waste2oil.eu\/wp-content\/uploads\/2020\/09\/Toner-1024x682.jpg\" alt=\"\" loading=\"lazy\" srcset=\"https:\/\/waste2oil.eu\/wp-content\/uploads\/2020\/09\/Toner-1024x682.jpg 1024w, https:\/\/waste2oil.eu\/wp-content\/uploads\/2020\/09\/Toner-300x200.jpg 300w, https:\/\/waste2oil.eu\/wp-content\/uploads\/2020\/09\/Toner-768x512.jpg 768w, https:\/\/waste2oil.eu\/wp-content\/uploads\/2020\/09\/Toner.jpg 1280w\" sizes=\"(max-width: 1024px) 100vw, 1024px\" \/>\t\t\t\t\t\t\t\t\t\t\t<\/p>\n<h3>t\u00f3ners y tintas de impresi\u00f3n<\/h3>\n<p>Los negros de carb\u00f3n mejoran las formulaciones y brindan una amplia flexibilidad para cumplir con los requisitos de color espec\u00edficos.<\/p>\n<p>\t\t\t\t\t\t\t\t\t\t<img width=\"1024\" height=\"682\" src=\"https:\/\/waste2oil.eu\/wp-content\/uploads\/2020\/09\/Carbon-1024x682.jpg\" alt=\"\" loading=\"lazy\" srcset=\"https:\/\/waste2oil.eu\/wp-content\/uploads\/2020\/09\/Carbon-1024x682.jpg 1024w, https:\/\/waste2oil.eu\/wp-content\/uploads\/2020\/09\/Carbon-300x200.jpg 300w, https:\/\/waste2oil.eu\/wp-content\/uploads\/2020\/09\/Carbon-768x512.jpg 768w, https:\/\/waste2oil.eu\/wp-content\/uploads\/2020\/09\/Carbon.jpg 1280w\" sizes=\"(max-width: 1024px) 100vw, 1024px\" \/>\t\t\t\t\t\t\t\t\t\t\t<\/p>\n<h3>productos industriales de caucho<\/h3>\n<p>El negro de carb\u00f3n tambi\u00e9n se utiliza en muchos productos de caucho industrial moldeados y extruidos, como correas, mangueras, juntas, diafragmas, dispositivos de aislamiento de vibraciones, casquillos, resortes neum\u00e1ticos, parachoques de chasis y varios tipos de almohadillas, botas, limpiaparabrisas, fascia, transportador ruedas y ojales.<\/p>\n<h2>Otras \u00e1reas de aplicaci\u00f3n<\/h2>\n<ul>\n<li>\n\t\t\t\t\t\t\t\t\t\tLucha contra incendios\n\t\t\t\t\t\t\t\t\t<\/li>\n<li>\n\t\t\t\t\t\t\t\t\t\tRepuestos automotrices\n\t\t\t\t\t\t\t\t\t<\/li>\n<li>\n\t\t\t\t\t\t\t\t\t\tBandas portadoras\n\t\t\t\t\t\t\t\t\t<\/li>\n<li>\n\t\t\t\t\t\t\t\t\t\tBolso de nailon negro\n\t\t\t\t\t\t\t\t\t<\/li>\n<li>\n\t\t\t\t\t\t\t\t\t\tAditivo de caucho\n\t\t\t\t\t\t\t\t\t<\/li>\n<li>\n\t\t\t\t\t\t\t\t\t\tRevestimiento de cables el\u00e9ctricos\n\t\t\t\t\t\t\t\t\t<\/li>\n<li>\n\t\t\t\t\t\t\t\t\t\tManguera y felpudo\n\t\t\t\t\t\t\t\t\t<\/li>\n<li>\n\t\t\t\t\t\t\t\t\t\tAislamiento t\u00e9rmico\n\t\t\t\t\t\t\t\t\t<\/li>\n<li>\n\t\t\t\t\t\t\t\t\t\tColorante negro en materiales de caucho\n\t\t\t\t\t\t\t\t\t<\/li>\n<li>\n\t\t\t\t\t\t\t\t\t\tElectrodom\u00e9sticos y recipientes moldeados por soplado\n\t\t\t\t\t\t\t\t\t<\/li>\n<li>\n\t\t\t\t\t\t\t\t\t\tAplicaciones de moldeo termopl\u00e1stico para automoci\u00f3n\n\t\t\t\t\t\t\t\t\t<\/li>\n<\/ul>\n","protected":false},"excerpt":{"rendered":"<p>Negro carb\u00f3n El uso de negro de carb\u00f3n es un reforzador qu\u00edmico en el caucho y un agente colorante en las industrias de pigmentos. Este precio de negro de carb\u00f3n es muy competitivo en comparaci\u00f3n con el negro de carb\u00f3n de petr\u00f3leo, por lo que el negro de carb\u00f3n de nuestra unidad Waste2oil es una [&hellip;]<\/p>\n","protected":false},"author":1,"featured_media":0,"parent":0,"menu_order":0,"comment_status":"closed","ping_status":"closed","template":"elementor_header_footer","meta":[],"translation":{"provider":"WPGlobus","version":"2.7.3","language":"es","enabled_languages":["en","es","fr","it","ru","zh"],"languages":{"en":{"title":true,"content":true,"excerpt":false},"es":{"title":true,"content":true,"excerpt":false},"fr":{"title":false,"content":true,"excerpt":false},"it":{"title":false,"content":true,"excerpt":false},"ru":{"title":false,"content":true,"excerpt":false},"zh":{"title":false,"content":true,"excerpt":false}}},"yoast_head":"<!-- This site is optimized with the Yoast SEO plugin v15.3 - https:\/\/yoast.com\/wordpress\/plugins\/seo\/ -->\n<title>Carbon Black - Waste2oil<\/title>\n<meta name=\"robots\" content=\"index, follow, max-snippet:-1, max-image-preview:large, max-video-preview:-1\" \/>\n<link rel=\"canonical\" href=\"https:\/\/waste2oil.eu\/carbon-black\/\" \/>\n<meta property=\"og:locale\" content=\"es_ES\" \/>\n<meta property=\"og:type\" content=\"article\" \/>\n<meta property=\"og:title\" content=\"Carbon Black - Waste2oil\" \/>\n<meta property=\"og:url\" content=\"https:\/\/waste2oil.eu\/carbon-black\/\" \/>\n<meta property=\"og:site_name\" content=\"Waste2oil\" \/>\n<meta property=\"article:modified_time\" content=\"2021-06-02T16:40:57+00:00\" \/>\n<meta property=\"og:image\" content=\"https:\/\/waste2oil.eu\/wp-content\/uploads\/2020\/09\/Carbon-Black.jpg\" \/>\n<meta name=\"twitter:card\" content=\"summary_large_image\" \/>\n<meta name=\"twitter:label1\" content=\"Escrito por\">\n\t<meta name=\"twitter:data1\" content=\"admin\">\n\t<meta name=\"twitter:label2\" content=\"Tiempo de lectura\">\n\t<meta name=\"twitter:data2\" content=\"6 minutos\">\n<script type=\"application\/ld+json\" class=\"yoast-schema-graph\">{\"@context\":\"https:\/\/schema.org\",\"@graph\":[{\"@type\":\"WebSite\",\"@id\":\"https:\/\/waste2oil.eu\/#website\",\"url\":\"https:\/\/waste2oil.eu\/\",\"name\":\"Waste2oil\",\"description\":\"From waste we make oil\",\"potentialAction\":[{\"@type\":\"SearchAction\",\"target\":\"https:\/\/waste2oil.eu\/?s={search_term_string}\",\"query-input\":\"required name=search_term_string\"}],\"inLanguage\":\"es\"},{\"@type\":\"ImageObject\",\"@id\":\"https:\/\/waste2oil.eu\/carbon-black\/#primaryimage\",\"inLanguage\":\"es\",\"url\":\"https:\/\/waste2oil.eu\/wp-content\/uploads\/2020\/09\/Carbon-Black.jpg\",\"width\":710,\"height\":509,\"caption\":\"charcoal powder isolated on white background\"},{\"@type\":\"WebPage\",\"@id\":\"https:\/\/waste2oil.eu\/carbon-black\/#webpage\",\"url\":\"https:\/\/waste2oil.eu\/carbon-black\/\",\"name\":\"Carbon Black - Waste2oil\",\"isPartOf\":{\"@id\":\"https:\/\/waste2oil.eu\/#website\"},\"primaryImageOfPage\":{\"@id\":\"https:\/\/waste2oil.eu\/carbon-black\/#primaryimage\"},\"datePublished\":\"2020-09-09T12:27:00+00:00\",\"dateModified\":\"2021-06-02T16:40:57+00:00\",\"inLanguage\":\"es\",\"potentialAction\":[{\"@type\":\"ReadAction\",\"target\":[\"https:\/\/waste2oil.eu\/carbon-black\/\"]}]}]}<\/script>\n<!-- \/ Yoast SEO plugin. -->","_links":{"self":[{"href":"https:\/\/waste2oil.eu\/es\/wp-json\/wp\/v2\/pages\/1892"}],"collection":[{"href":"https:\/\/waste2oil.eu\/es\/wp-json\/wp\/v2\/pages"}],"about":[{"href":"https:\/\/waste2oil.eu\/es\/wp-json\/wp\/v2\/types\/page"}],"author":[{"embeddable":true,"href":"https:\/\/waste2oil.eu\/es\/wp-json\/wp\/v2\/users\/1"}],"replies":[{"embeddable":true,"href":"https:\/\/waste2oil.eu\/es\/wp-json\/wp\/v2\/comments?post=1892"}],"version-history":[{"count":48,"href":"https:\/\/waste2oil.eu\/es\/wp-json\/wp\/v2\/pages\/1892\/revisions"}],"predecessor-version":[{"id":3076,"href":"https:\/\/waste2oil.eu\/es\/wp-json\/wp\/v2\/pages\/1892\/revisions\/3076"}],"wp:attachment":[{"href":"https:\/\/waste2oil.eu\/es\/wp-json\/wp\/v2\/media?parent=1892"}],"curies":[{"name":"wp","href":"https:\/\/api.w.org\/{rel}","templated":true}]}}