{"id":1934,"date":"2020-09-13T20:53:07","date_gmt":"2020-09-13T20:53:07","guid":{"rendered":"http:\/\/waste2oil.eu\/?page_id=1934"},"modified":"2021-05-26T14:49:49","modified_gmt":"2021-05-26T14:49:49","slug":"oil","status":"publish","type":"page","link":"https:\/\/waste2oil.eu\/es\/oil\/","title":{"rendered":"Oil"},"content":{"rendered":"<h5>Petr\u00f3leo<\/h5>\n<p>El aceite es una sustancia l\u00edquida que se obtiene despu\u00e9s del proceso en la unidad Waste2oil. Es una mezcla compleja de mol\u00e9culas que generalmente consta de m\u00e1s de 100 compuestos diferentes resultantes de los productos tratados en la unidad Waste2oil.<\/p>\n<p>Las pruebas de laboratorio de aceite de la tecnolog\u00eda Waste2oil realizadas en Londres muestran que el aceite tiene una composici\u00f3n similar al diesel, por lo que el aceite tiene una amplia gama de usos.<\/p>\n<p>\t\t\t\t\t\t\t\t\t\t<img width=\"599\" height=\"440\" src=\"https:\/\/waste2oil.eu\/wp-content\/uploads\/2020\/08\/Oil1.jpg\" alt=\"\" loading=\"lazy\" srcset=\"https:\/\/waste2oil.eu\/wp-content\/uploads\/2020\/08\/Oil1.jpg 599w, https:\/\/waste2oil.eu\/wp-content\/uploads\/2020\/08\/Oil1-300x220.jpg 300w\" sizes=\"(max-width: 599px) 100vw, 599px\" \/>\t\t\t\t\t\t\t\t\t\t\t<\/p>\n<h6>El aceite de alta calidad se puede utilizar en varias aplicaciones<\/h6>\n<p>\t\t\t\t\t\t\t\t\t\t<img width=\"1024\" height=\"683\" src=\"https:\/\/waste2oil.eu\/wp-content\/uploads\/2020\/09\/energy-1024x683.jpg\" alt=\"\" loading=\"lazy\" srcset=\"https:\/\/waste2oil.eu\/wp-content\/uploads\/2020\/09\/energy-1024x683.jpg 1024w, https:\/\/waste2oil.eu\/wp-content\/uploads\/2020\/09\/energy-300x200.jpg 300w, https:\/\/waste2oil.eu\/wp-content\/uploads\/2020\/09\/energy-768x512.jpg 768w, https:\/\/waste2oil.eu\/wp-content\/uploads\/2020\/09\/energy-1536x1024.jpg 1536w, https:\/\/waste2oil.eu\/wp-content\/uploads\/2020\/09\/energy-2048x1365.jpg 2048w\" sizes=\"(max-width: 1024px) 100vw, 1024px\" \/>\t\t\t\t\t\t\t\t\t\t\t<\/p>\n<h3>Energ\u00eda<\/h3>\n<p>El aceite de la tecnolog\u00eda Waste2oil tiene una estructura similar al diesel. Por eso se puede utilizar en generadores di\u00e9sel para producir electricidad.<\/p>\n<p>\t\t\t\t\t\t\t\t\t\t<img width=\"1024\" height=\"682\" src=\"https:\/\/waste2oil.eu\/wp-content\/uploads\/2020\/09\/radiator-1024x682.jpg\" alt=\"\" loading=\"lazy\" srcset=\"https:\/\/waste2oil.eu\/wp-content\/uploads\/2020\/09\/radiator-1024x682.jpg 1024w, https:\/\/waste2oil.eu\/wp-content\/uploads\/2020\/09\/radiator-300x200.jpg 300w, https:\/\/waste2oil.eu\/wp-content\/uploads\/2020\/09\/radiator-768x512.jpg 768w, https:\/\/waste2oil.eu\/wp-content\/uploads\/2020\/09\/radiator.jpg 1280w\" sizes=\"(max-width: 1024px) 100vw, 1024px\" \/>\t\t\t\t\t\t\t\t\t\t\t<\/p>\n<h3>Producci\u00f3n de calor<\/h3>\n<p>El proceso Waste2oil produce negro de humo, aceite y gas que pueden quemarse para producir calor.<\/p>\n<p>\t\t\t\t\t\t\t\t\t\t<img width=\"1024\" height=\"682\" src=\"https:\/\/waste2oil.eu\/wp-content\/uploads\/2020\/09\/aircon2-1024x682.jpg\" alt=\"\" loading=\"lazy\" srcset=\"https:\/\/waste2oil.eu\/wp-content\/uploads\/2020\/09\/aircon2-1024x682.jpg 1024w, https:\/\/waste2oil.eu\/wp-content\/uploads\/2020\/09\/aircon2-300x200.jpg 300w, https:\/\/waste2oil.eu\/wp-content\/uploads\/2020\/09\/aircon2-768x512.jpg 768w, https:\/\/waste2oil.eu\/wp-content\/uploads\/2020\/09\/aircon2.jpg 1280w\" sizes=\"(max-width: 1024px) 100vw, 1024px\" \/>\t\t\t\t\t\t\t\t\t\t\t<\/p>\n<h3>Enfriamiento<\/h3>\n<p>Alrededor del 40% de la electricidad en todo el mundo se utiliza para aire acondicionado. A partir del calor residual, podemos generar una cantidad significativa de enfriamiento.<\/p>\n<p>\t\t\t\t\t\t\t\t\t\t<img width=\"1024\" height=\"682\" src=\"https:\/\/waste2oil.eu\/wp-content\/uploads\/2020\/09\/ship1-1024x682.jpg\" alt=\"\" loading=\"lazy\" srcset=\"https:\/\/waste2oil.eu\/wp-content\/uploads\/2020\/09\/ship1-1024x682.jpg 1024w, https:\/\/waste2oil.eu\/wp-content\/uploads\/2020\/09\/ship1-300x200.jpg 300w, https:\/\/waste2oil.eu\/wp-content\/uploads\/2020\/09\/ship1-768x512.jpg 768w, https:\/\/waste2oil.eu\/wp-content\/uploads\/2020\/09\/ship1.jpg 1280w\" sizes=\"(max-width: 1024px) 100vw, 1024px\" \/>\t\t\t\t\t\t\t\t\t\t\t<\/p>\n<h3>Transporte<\/h3>\n<p>El aceite se puede utilizar como combustible para barcos, camiones, autobuses y motores di\u00e9sel m\u00e1s antiguos sin inyecci\u00f3n directa de combustible.<\/p>\n<p>\t\t\t\t\t\t\t\t\t\t<img width=\"1024\" height=\"682\" src=\"https:\/\/waste2oil.eu\/wp-content\/uploads\/2020\/09\/refinery2-1024x682.jpg\" alt=\"\" loading=\"lazy\" srcset=\"https:\/\/waste2oil.eu\/wp-content\/uploads\/2020\/09\/refinery2-1024x682.jpg 1024w, https:\/\/waste2oil.eu\/wp-content\/uploads\/2020\/09\/refinery2-300x200.jpg 300w, https:\/\/waste2oil.eu\/wp-content\/uploads\/2020\/09\/refinery2-768x512.jpg 768w, https:\/\/waste2oil.eu\/wp-content\/uploads\/2020\/09\/refinery2.jpg 1280w\" sizes=\"(max-width: 1024px) 100vw, 1024px\" \/>\t\t\t\t\t\t\t\t\t\t\t<\/p>\n<h3>Refiner\u00eda<\/h3>\n<p>El aceite se puede agregar al combustible com\u00fan en la industria de las refiner\u00edas. Nuestro aceite de alta calidad no necesita ser tratado ni limpiado.<\/p>\n<p>\t\t\t\t\t\t\t\t\t\t<img width=\"1024\" height=\"682\" src=\"https:\/\/waste2oil.eu\/wp-content\/uploads\/2020\/09\/Petrochemical-1024x682.jpg\" alt=\"\" loading=\"lazy\" srcset=\"https:\/\/waste2oil.eu\/wp-content\/uploads\/2020\/09\/Petrochemical-1024x682.jpg 1024w, https:\/\/waste2oil.eu\/wp-content\/uploads\/2020\/09\/Petrochemical-300x200.jpg 300w, https:\/\/waste2oil.eu\/wp-content\/uploads\/2020\/09\/Petrochemical-768x512.jpg 768w, https:\/\/waste2oil.eu\/wp-content\/uploads\/2020\/09\/Petrochemical.jpg 1280w\" sizes=\"(max-width: 1024px) 100vw, 1024px\" \/>\t\t\t\t\t\t\t\t\t\t\t<\/p>\n<h3>Petroqu\u00edmico<\/h3>\n<p>Industria petroqu\u00edmica que fabrica pl\u00e1sticos a partir del petr\u00f3leo. Generamos aceite a partir de pl\u00e1sticos que se puede utilizar para fabricar nuevos pl\u00e1sticos.<\/p>\n","protected":false},"excerpt":{"rendered":"<p>Petr\u00f3leo El aceite es una sustancia l\u00edquida que se obtiene despu\u00e9s del proceso en la unidad Waste2oil. Es una mezcla compleja de mol\u00e9culas que generalmente consta de m\u00e1s de 100 compuestos diferentes resultantes de los productos tratados en la unidad Waste2oil. Las pruebas de laboratorio de aceite de la tecnolog\u00eda Waste2oil realizadas en Londres muestran [&hellip;]<\/p>\n","protected":false},"author":1,"featured_media":0,"parent":0,"menu_order":0,"comment_status":"closed","ping_status":"closed","template":"elementor_header_footer","meta":[],"translation":{"provider":"WPGlobus","version":"2.7.3","language":"es","enabled_languages":["en","es","fr","it","ru","zh"],"languages":{"en":{"title":true,"content":true,"excerpt":false},"es":{"title":true,"content":true,"excerpt":false},"fr":{"title":false,"content":true,"excerpt":false},"it":{"title":false,"content":true,"excerpt":false},"ru":{"title":false,"content":true,"excerpt":false},"zh":{"title":false,"content":true,"excerpt":false}}},"yoast_head":"<!-- This site is optimized with the Yoast SEO plugin v15.3 - https:\/\/yoast.com\/wordpress\/plugins\/seo\/ -->\n<title>Oil - Waste2oil<\/title>\n<meta name=\"robots\" content=\"index, follow, max-snippet:-1, max-image-preview:large, max-video-preview:-1\" \/>\n<link rel=\"canonical\" href=\"https:\/\/waste2oil.eu\/oil\/\" \/>\n<meta property=\"og:locale\" content=\"es_ES\" \/>\n<meta property=\"og:type\" content=\"article\" \/>\n<meta property=\"og:title\" content=\"Oil - Waste2oil\" \/>\n<meta property=\"og:url\" content=\"https:\/\/waste2oil.eu\/oil\/\" \/>\n<meta property=\"og:site_name\" content=\"Waste2oil\" \/>\n<meta property=\"article:modified_time\" content=\"2021-05-26T14:49:49+00:00\" \/>\n<meta property=\"og:image\" content=\"https:\/\/waste2oil.eu\/wp-content\/uploads\/2020\/08\/Oil1.jpg\" \/>\n<meta name=\"twitter:card\" content=\"summary_large_image\" \/>\n<meta name=\"twitter:label1\" content=\"Escrito por\">\n\t<meta name=\"twitter:data1\" content=\"admin\">\n\t<meta name=\"twitter:label2\" content=\"Tiempo de lectura\">\n\t<meta name=\"twitter:data2\" content=\"4 minutos\">\n<script type=\"application\/ld+json\" class=\"yoast-schema-graph\">{\"@context\":\"https:\/\/schema.org\",\"@graph\":[{\"@type\":\"WebSite\",\"@id\":\"https:\/\/waste2oil.eu\/#website\",\"url\":\"https:\/\/waste2oil.eu\/\",\"name\":\"Waste2oil\",\"description\":\"From waste we make oil\",\"potentialAction\":[{\"@type\":\"SearchAction\",\"target\":\"https:\/\/waste2oil.eu\/?s={search_term_string}\",\"query-input\":\"required name=search_term_string\"}],\"inLanguage\":\"es\"},{\"@type\":\"ImageObject\",\"@id\":\"https:\/\/waste2oil.eu\/oil\/#primaryimage\",\"inLanguage\":\"es\",\"url\":\"https:\/\/waste2oil.eu\/wp-content\/uploads\/2020\/08\/Oil1.jpg\",\"width\":599,\"height\":440},{\"@type\":\"WebPage\",\"@id\":\"https:\/\/waste2oil.eu\/oil\/#webpage\",\"url\":\"https:\/\/waste2oil.eu\/oil\/\",\"name\":\"Oil - Waste2oil\",\"isPartOf\":{\"@id\":\"https:\/\/waste2oil.eu\/#website\"},\"primaryImageOfPage\":{\"@id\":\"https:\/\/waste2oil.eu\/oil\/#primaryimage\"},\"datePublished\":\"2020-09-13T20:53:07+00:00\",\"dateModified\":\"2021-05-26T14:49:49+00:00\",\"inLanguage\":\"es\",\"potentialAction\":[{\"@type\":\"ReadAction\",\"target\":[\"https:\/\/waste2oil.eu\/oil\/\"]}]}]}<\/script>\n<!-- \/ Yoast SEO plugin. -->","_links":{"self":[{"href":"https:\/\/waste2oil.eu\/es\/wp-json\/wp\/v2\/pages\/1934"}],"collection":[{"href":"https:\/\/waste2oil.eu\/es\/wp-json\/wp\/v2\/pages"}],"about":[{"href":"https:\/\/waste2oil.eu\/es\/wp-json\/wp\/v2\/types\/page"}],"author":[{"embeddable":true,"href":"https:\/\/waste2oil.eu\/es\/wp-json\/wp\/v2\/users\/1"}],"replies":[{"embeddable":true,"href":"https:\/\/waste2oil.eu\/es\/wp-json\/wp\/v2\/comments?post=1934"}],"version-history":[{"count":39,"href":"https:\/\/waste2oil.eu\/es\/wp-json\/wp\/v2\/pages\/1934\/revisions"}],"predecessor-version":[{"id":3024,"href":"https:\/\/waste2oil.eu\/es\/wp-json\/wp\/v2\/pages\/1934\/revisions\/3024"}],"wp:attachment":[{"href":"https:\/\/waste2oil.eu\/es\/wp-json\/wp\/v2\/media?parent=1934"}],"curies":[{"name":"wp","href":"https:\/\/api.w.org\/{rel}","templated":true}]}}