{"id":1996,"date":"2020-09-16T19:40:26","date_gmt":"2020-09-16T19:40:26","guid":{"rendered":"http:\/\/waste2oil.eu\/?page_id=1996"},"modified":"2021-10-22T06:36:09","modified_gmt":"2021-10-22T06:36:09","slug":"faq","status":"publish","type":"page","link":"https:\/\/waste2oil.eu\/es\/faq\/","title":{"rendered":"FAQ"},"content":{"rendered":"<h4>PMF<\/h4>\n<h5>Preguntas y respuestas m\u00e1s frecuentes<\/h5>\n<p>\t\t\t\t\t\t\t\t\t\t\t\t<a href=\"\">\u00bfCu\u00e1l es la diferencia entre la tecnolog\u00eda de pir\u00f3lisis y Waste2oil?<\/a><\/p>\n<p>La principal diferencia es que la mayor\u00eda de las unidades de pir\u00f3lisis no se ejecutan en un proceso continuo. Los desechos se colocan en el interior y se calientan a una cierta temperatura despu\u00e9s de que la unidad de procesamiento debe abrirse, limpiarse y llenarse con nuevos desechos. Se necesitan m\u00e1s empleados para operar la unidad porque los costos de funcionamiento son m\u00e1s altos y tambi\u00e9n se necesita usar m\u00e1s energ\u00eda para recalentar la unidad con los desechos reci\u00e9n llenados.<\/p>\n<p>La calidad del aceite de pir\u00f3lisis debe limpiarse o mezclarse con otras sustancias para obtener aceite para otro uso.<\/p>\n<p>Para la unidad de pir\u00f3lisis, se necesita m\u00e1s espacio para que no pueda caber en contenedores peque\u00f1os, pero tambi\u00e9n se necesita construir la sala.<\/p>\n<p>La unidad Waste2oil funciona en un proceso continuo que utiliza un transportador de tornillo para mover los desechos en el reactor a velocidad continua y temperatura estable.<\/p>\n<p>La unidad Waste2oil se puede colocar en cualquier lugar de la superficie pavimentada en condiciones clim\u00e1ticas que no superen los -40 \u00b0 C a + 50 \u00b0 C.<\/p>\n<p>\t\t\t\t\t\t\t\t\t\t\t\t<a href=\"\">\u00bfPuede la tecnolog\u00eda Waste2oil procesar todo tipo de pl\u00e1sticos?<\/a><\/p>\n<p>No, la tecnolog\u00eda Waste2oil se basa en la descomposici\u00f3n de materiales org\u00e1nicos por acci\u00f3n del calor sin acceso a sustancias oxidantes, en el ambiente anaer\u00f3bico.<\/p>\n<p>Las botellas de PET y PVC contienen ox\u00edgeno, por eso no se puede procesar en nuestras unidades y adem\u00e1s la calidad del aceite ser\u00eda muy baja.<\/p>\n<p>Haga clic aqu\u00ed para ver los tipos de pl\u00e1stico para la unidad Waste2oil.<\/p>\n<p>\t\t\t\t\t\t\t\t\t\t\t\t<a href=\"\">\u00bfCu\u00e1ntos empleados se necesitan para operar la unidad?<\/a><\/p>\n<p>Las unidades TDU est\u00e1n totalmente automatizadas. S\u00f3lo se necesita un empleado capacitado por turno para operar la unidad.<\/p>\n<p>\t\t\t\t\t\t\t\t\t\t\t\t<a href=\"\">\u00bfPueden las altas temperaturas ambientales (por ejemplo, en un \u00e1rea des\u00e9rtica) afectar el funcionamiento de esta tecnolog\u00eda?<\/a><\/p>\n<p>No. Las propias unidades TDU est\u00e1n generalmente aisladas. En general, la mayor\u00eda de los dispositivos pueden funcionar con una temperatura exterior m\u00e1xima de -40 \u00b0 C a + 50 \u00b0 C.<\/p>\n<p>\t\t\t\t\t\t\t\t\t\t\t\t<a href=\"\">\u00bfCon qu\u00e9 frecuencia se mantiene esta tecnolog\u00eda?<\/a><\/p>\n<p>Todo se basa en las reglas de funcionamiento procesadas suponiendo que el dispositivo funciona las 24 horas del d\u00eda, 330 d\u00edas al a\u00f1o.<\/p>\n<p>\t\t\t\t\t\t\t\t\t\t\t\t<a href=\"\">\u00bfCu\u00e1nto tiempo se tarda en fabricar una unidad?<\/a><\/p>\n<p>8 meses.<\/p>\n<p>\t\t\t\t\t\t\t\t\t\t\t\t<a href=\"\">\u00bfCu\u00e1l es el retorno de la inversi\u00f3n?<\/a><\/p>\n<p>ROI: el retorno de la inversi\u00f3n depende de muchos factores.<\/p>\n<p>Primero, \u00bfqu\u00e9 tipo de material se procesar\u00e1 en la unidad Waste2oil?<\/p>\n<p>\u00bfPara qu\u00e9 se utilizar\u00e1 el aceite, el gas y el negro de carb\u00f3n? En cada pa\u00eds existen diferentes precios del petr\u00f3leo, la electricidad, etc.<\/p>\n<p>\u00bfApoya su gobierno subsidios si tratar\u00e1 los desechos y ayudar\u00e1 al medio ambiente?<\/p>\n<p>El ROI exacto puede basarse solo en el estudio de caso.<\/p>\n<p>A pesar de esto, la tecnolog\u00eda Waste2oil tiene un retorno de inversi\u00f3n de 2 a 5 a\u00f1os.<\/p>\n","protected":false},"excerpt":{"rendered":"<p>PMF Preguntas y respuestas m\u00e1s frecuentes \u00bfCu\u00e1l es la diferencia entre la tecnolog\u00eda de pir\u00f3lisis y Waste2oil? La principal diferencia es que la mayor\u00eda de las unidades de pir\u00f3lisis no se ejecutan en un proceso continuo. Los desechos se colocan en el interior y se calientan a una cierta temperatura despu\u00e9s de que la unidad [&hellip;]<\/p>\n","protected":false},"author":1,"featured_media":0,"parent":0,"menu_order":0,"comment_status":"closed","ping_status":"closed","template":"elementor_header_footer","meta":[],"translation":{"provider":"WPGlobus","version":"2.7.3","language":"es","enabled_languages":["en","es","fr","it","ru","zh"],"languages":{"en":{"title":true,"content":true,"excerpt":false},"es":{"title":true,"content":true,"excerpt":false},"fr":{"title":false,"content":true,"excerpt":false},"it":{"title":false,"content":true,"excerpt":false},"ru":{"title":false,"content":true,"excerpt":false},"zh":{"title":false,"content":true,"excerpt":false}}},"yoast_head":"<!-- This site is optimized with the Yoast SEO plugin v15.3 - https:\/\/yoast.com\/wordpress\/plugins\/seo\/ -->\n<title>FAQ - Waste2oil<\/title>\n<meta name=\"robots\" content=\"index, follow, max-snippet:-1, max-image-preview:large, max-video-preview:-1\" \/>\n<link rel=\"canonical\" href=\"https:\/\/waste2oil.eu\/faq\/\" \/>\n<meta property=\"og:locale\" content=\"es_ES\" \/>\n<meta property=\"og:type\" content=\"article\" \/>\n<meta property=\"og:title\" content=\"FAQ - Waste2oil\" \/>\n<meta property=\"og:url\" content=\"https:\/\/waste2oil.eu\/faq\/\" \/>\n<meta property=\"og:site_name\" content=\"Waste2oil\" \/>\n<meta property=\"article:modified_time\" content=\"2021-10-22T06:36:09+00:00\" \/>\n<meta name=\"twitter:card\" content=\"summary_large_image\" \/>\n<meta name=\"twitter:label1\" content=\"Escrito por\">\n\t<meta name=\"twitter:data1\" content=\"admin\">\n\t<meta name=\"twitter:label2\" content=\"Tiempo de lectura\">\n\t<meta name=\"twitter:data2\" content=\"8 minutos\">\n<script type=\"application\/ld+json\" class=\"yoast-schema-graph\">{\"@context\":\"https:\/\/schema.org\",\"@graph\":[{\"@type\":\"WebSite\",\"@id\":\"https:\/\/waste2oil.eu\/#website\",\"url\":\"https:\/\/waste2oil.eu\/\",\"name\":\"Waste2oil\",\"description\":\"From waste we make oil\",\"potentialAction\":[{\"@type\":\"SearchAction\",\"target\":\"https:\/\/waste2oil.eu\/?s={search_term_string}\",\"query-input\":\"required name=search_term_string\"}],\"inLanguage\":\"es\"},{\"@type\":\"WebPage\",\"@id\":\"https:\/\/waste2oil.eu\/faq\/#webpage\",\"url\":\"https:\/\/waste2oil.eu\/faq\/\",\"name\":\"FAQ - Waste2oil\",\"isPartOf\":{\"@id\":\"https:\/\/waste2oil.eu\/#website\"},\"datePublished\":\"2020-09-16T19:40:26+00:00\",\"dateModified\":\"2021-10-22T06:36:09+00:00\",\"inLanguage\":\"es\",\"potentialAction\":[{\"@type\":\"ReadAction\",\"target\":[\"https:\/\/waste2oil.eu\/faq\/\"]}]}]}<\/script>\n<!-- \/ Yoast SEO plugin. -->","_links":{"self":[{"href":"https:\/\/waste2oil.eu\/es\/wp-json\/wp\/v2\/pages\/1996"}],"collection":[{"href":"https:\/\/waste2oil.eu\/es\/wp-json\/wp\/v2\/pages"}],"about":[{"href":"https:\/\/waste2oil.eu\/es\/wp-json\/wp\/v2\/types\/page"}],"author":[{"embeddable":true,"href":"https:\/\/waste2oil.eu\/es\/wp-json\/wp\/v2\/users\/1"}],"replies":[{"embeddable":true,"href":"https:\/\/waste2oil.eu\/es\/wp-json\/wp\/v2\/comments?post=1996"}],"version-history":[{"count":41,"href":"https:\/\/waste2oil.eu\/es\/wp-json\/wp\/v2\/pages\/1996\/revisions"}],"predecessor-version":[{"id":3181,"href":"https:\/\/waste2oil.eu\/es\/wp-json\/wp\/v2\/pages\/1996\/revisions\/3181"}],"wp:attachment":[{"href":"https:\/\/waste2oil.eu\/es\/wp-json\/wp\/v2\/media?parent=1996"}],"curies":[{"name":"wp","href":"https:\/\/api.w.org\/{rel}","templated":true}]}}