{"id":2101,"date":"2020-10-04T18:05:39","date_gmt":"2020-10-04T18:05:39","guid":{"rendered":"http:\/\/waste2oil.eu\/?page_id=2101"},"modified":"2021-10-21T09:16:18","modified_gmt":"2021-10-21T09:16:18","slug":"tdu-700","status":"publish","type":"page","link":"https:\/\/waste2oil.eu\/es\/tdu-700\/","title":{"rendered":"TDU 700"},"content":{"rendered":"<h5>TDU 700<\/h5>\n<p>La unidad m\u00f3vil con una capacidad m\u00e1xima de 700 kg \/ hora en funcionamiento continuo est\u00e1 enfocada en el <strong>m\u00e1ximo rendimiento y la m\u00e1s alta calidad<\/strong> de aceite durante el proceso de reciclaje del material a expensas de la potencia de entrada.<\/p>\n<p>Est\u00e1 desarrollado y construido para reciclar <strong>residuos pl\u00e1sticos, mascarillas usadas, residuos m\u00e9dicos, pellets de biomasa, sustrato y digestato de plantas de biog\u00e1s, lodos residuales de plantas de tratamiento de aguas residuales.<\/strong><\/p>\n<p><img loading=\"lazy\" src=\"https:\/\/waste2oil.eu\/wp-content\/uploads\/2020\/08\/Factory-2-1024x486.jpg\" sizes=\"(max-width: 1024px) 100vw, 1024px\" srcset=\"https:\/\/waste2oil.eu\/wp-content\/uploads\/2020\/08\/Factory-2-1024x486.jpg 1024w, https:\/\/waste2oil.eu\/wp-content\/uploads\/2020\/08\/Factory-2-300x142.jpg 300w, https:\/\/waste2oil.eu\/wp-content\/uploads\/2020\/08\/Factory-2-768x364.jpg 768w, https:\/\/waste2oil.eu\/wp-content\/uploads\/2020\/08\/Factory-2.jpg 1159w\" alt=\"\" width=\"1024\" height=\"486\" \/><\/p>\n<p>Tras el proceso de reciclaje de residuos, podemos obtener <strong>aceite de alta calidad con un rendimiento de hasta el 90% en peso, es decir. hasta 700 litros de aceite.<\/strong> A partir de <strong>1 kg de pl\u00e1sticos clasificados<\/strong>, podemos crear hasta <strong>1 l de aceite de alta calidad.<\/strong><\/p>\n<p>Despu\u00e9s del proceso de reciclaje de residuos, tenemos tres productos principales: <strong>Petr\u00f3leo, Gas, Negro de Carb\u00f3n.<\/strong><\/p>\n<p>Todas las materias primas obtenidas se pueden utilizar ecol\u00f3gicamente como material de entrada para su posterior procesamiento, pero sobre todo para la producci\u00f3n de energ\u00eda y para el transporte.<\/p>\n<p>El volumen de los productos depende no solo de la composici\u00f3n y propiedades de la materia prima, sino tambi\u00e9n de las condiciones del proceso durante el proceso de reciclaje en s\u00ed, por ejemplo, <strong>el tipo de material de entrada, la temperatura del proceso, la velocidad de calentamiento, el tiempo de residencia, las condiciones hidrodin\u00e1micas, otros equipos del unidad, especialmente forma y m\u00e9todo de condensaci\u00f3n.<\/strong><\/p>\n<p>Los vol\u00famenes individuales de los productos, seg\u00fan las condiciones descritas, dentro del rango:<\/p>\n<h3>Petr\u00f3leo<\/h3>\n<p style=\"text-align: center;\">30 a 90% en peso<\/p>\n<h3>Gas<\/h3>\n<p style=\"text-align: center;\">5 a 36% en peso<\/p>\n<h3>Negro carb\u00f3n<\/h3>\n<p>3 a 45% en peso<\/p>\n<p>La tecnolog\u00eda Waste2oil se desarrolla y construye como una tecnolog\u00eda sin desperdicio. Todos los productos obtenidos se pueden utilizar de forma segura.<\/p>\n<p>El gas de proceso se puede utilizar para alimentar turbinas de gas para producir energ\u00eda para su uso, sin la necesidad permanente de conectarse a una fuente de energ\u00eda externa para su funcionamiento. El gas de proceso casi siempre, debido a su dif\u00edcil almacenamiento y compresibilidad, se utiliza como combustible con alto potencial energ\u00e9tico.<\/p>\n<p>La unidad <strong>TDU 700<\/strong> puede procesar <strong>hasta 5.600 toneladas<\/strong> de residuos por a\u00f1o y producir una cantidad significativa de:<\/p>\n<h3>Petr\u00f3leo<\/h3>\n<p style=\"text-align: center;\">Con un poder calor\u00edfico de aprox. 40 MJ\/kg<\/p>\n<h3>Gas<\/h3>\n<p style=\"text-align: center;\">Con un poder calor\u00edfico de 31 MJ\/kg<\/p>\n<h3>Negro carb\u00f3n<\/h3>\n<p>Con un alto contenido de carbono puro<\/p>\n<p>Dependiendo de la extensi\u00f3n de los perif\u00e9ricos opcionales, podemos producir una cantidad interesante de energ\u00eda el\u00e9ctrica y t\u00e9rmica utilizable, u opcionalmente refrigeraci\u00f3n, a partir de los productos obtenidos de esta manera.<\/p>\n<p>La tecnolog\u00eda Waste2oil, as\u00ed como sus perif\u00e9ricos opcionales, est\u00e1n dispuestos en m\u00f3dulos m\u00f3viles, que se pueden ubicar y operar solo en un \u00e1rea pavimentada <strong>de hasta<\/strong> <strong>600 metros cuadrados<\/strong>.<\/p>\n<h2>La unidad TDU 700 se puede utilizar para<\/h2>\n<p><a href=\"http:\/\/waste2oil.eu\/plastic-waste\/\"><br \/>\n<img loading=\"lazy\" src=\"https:\/\/waste2oil.eu\/wp-content\/uploads\/2020\/08\/Waste-plastics-2-1024x683.jpg\" sizes=\"(max-width: 1024px) 100vw, 1024px\" srcset=\"https:\/\/waste2oil.eu\/wp-content\/uploads\/2020\/08\/Waste-plastics-2-1024x683.jpg 1024w, https:\/\/waste2oil.eu\/wp-content\/uploads\/2020\/08\/Waste-plastics-2-300x200.jpg 300w, https:\/\/waste2oil.eu\/wp-content\/uploads\/2020\/08\/Waste-plastics-2-768x512.jpg 768w, https:\/\/waste2oil.eu\/wp-content\/uploads\/2020\/08\/Waste-plastics-2-1536x1024.jpg 1536w, https:\/\/waste2oil.eu\/wp-content\/uploads\/2020\/08\/Waste-plastics-2-2048x1365.jpg 2048w\" alt=\"\" width=\"1024\" height=\"683\" \/> <\/a><\/p>\n<h3>desperdicios pl\u00e1sticos<\/h3>\n<p>El pl\u00e1stico es un problema mundial. Nuestro objetivo es transformar los pl\u00e1sticos que acaban en vertederos o se incineran en un bien de gran valor.<\/p>\n<p><a href=\"http:\/\/waste2oil.eu\/used-face-masks\/\"><br \/>\n<img loading=\"lazy\" src=\"https:\/\/waste2oil.eu\/wp-content\/uploads\/2020\/08\/Waste-face-mask-scaled-e1598687780641-1024x682.jpg\" sizes=\"(max-width: 1024px) 100vw, 1024px\" srcset=\"https:\/\/waste2oil.eu\/wp-content\/uploads\/2020\/08\/Waste-face-mask-scaled-e1598687780641-1024x682.jpg 1024w, https:\/\/waste2oil.eu\/wp-content\/uploads\/2020\/08\/Waste-face-mask-scaled-e1598687780641-300x200.jpg 300w, https:\/\/waste2oil.eu\/wp-content\/uploads\/2020\/08\/Waste-face-mask-scaled-e1598687780641-768x512.jpg 768w, https:\/\/waste2oil.eu\/wp-content\/uploads\/2020\/08\/Waste-face-mask-scaled-e1598687780641-1536x1024.jpg 1536w, https:\/\/waste2oil.eu\/wp-content\/uploads\/2020\/08\/Waste-face-mask-scaled-e1598687780641-2048x1365.jpg 2048w\" alt=\"\" width=\"1024\" height=\"682\" \/> <\/a><\/p>\n<h3>mascarillas faciales usadas<\/h3>\n<p>Muchos pa\u00edses tienen dificultades para saber qu\u00e9 hacer con las mascarillas faciales usadas. La tecnolog\u00eda Waste2oil puede resolver su problema.<\/p>\n<p><img loading=\"lazy\" src=\"https:\/\/waste2oil.eu\/wp-content\/uploads\/2021\/03\/Hospital-waste.jpg\" sizes=\"(max-width: 430px) 100vw, 430px\" srcset=\"https:\/\/waste2oil.eu\/wp-content\/uploads\/2021\/03\/Hospital-waste.jpg 430w, https:\/\/waste2oil.eu\/wp-content\/uploads\/2021\/03\/Hospital-waste-300x195.jpg 300w\" alt=\"\" width=\"430\" height=\"279\" \/><\/p>\n<h3>Desechos m\u00e9dicos<\/h3>\n<p>Los desechos m\u00e9dicos son una variedad de desechos peligrosos con m\u00faltiples componentes. La tecnolog\u00eda Waste2oil puede convertir de manera segura los desechos m\u00e9dicos en aceite de alta calidad.<\/p>\n<p><img loading=\"lazy\" src=\"https:\/\/waste2oil.eu\/wp-content\/uploads\/2020\/09\/pellets1-1024x682.jpg\" sizes=\"(max-width: 1024px) 100vw, 1024px\" srcset=\"https:\/\/waste2oil.eu\/wp-content\/uploads\/2020\/09\/pellets1-1024x682.jpg 1024w, https:\/\/waste2oil.eu\/wp-content\/uploads\/2020\/09\/pellets1-300x200.jpg 300w, https:\/\/waste2oil.eu\/wp-content\/uploads\/2020\/09\/pellets1-768x512.jpg 768w, https:\/\/waste2oil.eu\/wp-content\/uploads\/2020\/09\/pellets1.jpg 1280w\" alt=\"\" width=\"1024\" height=\"682\" \/><\/p>\n<h3>PELLETS<br \/>\nDE BIOMASA<\/h3>\n<p>Podemos producir aceite de alta calidad a partir de madera, miscanto, paja y abrasi\u00f3n por granulaci\u00f3n.<\/p>\n<p><img loading=\"lazy\" src=\"https:\/\/waste2oil.eu\/wp-content\/uploads\/2020\/09\/Biogas-1024x682.jpg\" sizes=\"(max-width: 1024px) 100vw, 1024px\" srcset=\"https:\/\/waste2oil.eu\/wp-content\/uploads\/2020\/09\/Biogas-1024x682.jpg 1024w, https:\/\/waste2oil.eu\/wp-content\/uploads\/2020\/09\/Biogas-300x200.jpg 300w, https:\/\/waste2oil.eu\/wp-content\/uploads\/2020\/09\/Biogas-768x512.jpg 768w, https:\/\/waste2oil.eu\/wp-content\/uploads\/2020\/09\/Biogas.jpg 1280w\" alt=\"\" width=\"1024\" height=\"682\" \/><\/p>\n<h3>Sustrato y digestato de plantas de biog\u00e1s<\/h3>\n<p>A partir del sustrato y el digestato de las plantas de biog\u00e1s, podemos crear aceite de alta calidad.<\/p>\n<p><img loading=\"lazy\" src=\"https:\/\/waste2oil.eu\/wp-content\/uploads\/2020\/09\/Sludge-1024x682.jpg\" sizes=\"(max-width: 1024px) 100vw, 1024px\" srcset=\"https:\/\/waste2oil.eu\/wp-content\/uploads\/2020\/09\/Sludge-1024x682.jpg 1024w, https:\/\/waste2oil.eu\/wp-content\/uploads\/2020\/09\/Sludge-300x200.jpg 300w, https:\/\/waste2oil.eu\/wp-content\/uploads\/2020\/09\/Sludge-768x512.jpg 768w, https:\/\/waste2oil.eu\/wp-content\/uploads\/2020\/09\/Sludge.jpg 1280w\" alt=\"\" width=\"1024\" height=\"682\" \/><\/p>\n<h3>lodos residuales de plantas de tratamiento de aguas residuales<\/h3>\n<p>La tecnolog\u00eda Waste Oil permite resolver el problema de la eliminaci\u00f3n de los lodos de depuradora en la naturaleza y la contaminaci\u00f3n ambiental.<\/p>\n<h2>Sistemas de seguridad<\/h2>\n<p>Los <strong>sofisticados sistemas de seguridad<\/strong> instalados minimizan o, en algunos casos, eliminan los posibles comandos err\u00f3neos del operador. Una indicaci\u00f3n de una anomal\u00eda en el proceso, estos sistemas pueden corregir o eliminar las causas de esta anomal\u00eda. Cuando hay una indicaci\u00f3n de condici\u00f3n de emergencia, el sistema se apagar\u00e1 en todas las circunstancias de manera controlada.<\/p>\n<p><img loading=\"lazy\" src=\"https:\/\/waste2oil.eu\/wp-content\/uploads\/2020\/09\/electrician-681x1024.jpg\" sizes=\"(max-width: 681px) 100vw, 681px\" srcset=\"https:\/\/waste2oil.eu\/wp-content\/uploads\/2020\/09\/electrician-681x1024.jpg 681w, https:\/\/waste2oil.eu\/wp-content\/uploads\/2020\/09\/electrician-200x300.jpg 200w, https:\/\/waste2oil.eu\/wp-content\/uploads\/2020\/09\/electrician-768x1155.jpg 768w, https:\/\/waste2oil.eu\/wp-content\/uploads\/2020\/09\/electrician-1022x1536.jpg 1022w, https:\/\/waste2oil.eu\/wp-content\/uploads\/2020\/09\/electrician.jpg 1277w\" alt=\"\" width=\"681\" height=\"1024\" \/><br \/>\n<img loading=\"lazy\" src=\"https:\/\/waste2oil.eu\/wp-content\/uploads\/2020\/09\/Picture1.png\" sizes=\"(max-width: 558px) 100vw, 558px\" srcset=\"https:\/\/waste2oil.eu\/wp-content\/uploads\/2020\/09\/Picture1.png 558w, https:\/\/waste2oil.eu\/wp-content\/uploads\/2020\/09\/Picture1-300x170.png 300w\" alt=\"\" width=\"558\" height=\"317\" \/><\/p>\n<p>Los m\u00f3dulos individuales y otros puntos cr\u00edticos del dispositivo est\u00e1n equipados, adem\u00e1s de los elementos de seguridad obligatorios esenciales, tambi\u00e9n por un circuito<strong> de c\u00e1mara avanzado con detectores y sensores<\/strong>, que forma parte del control central. En caso de peligro, estos elementos de seguridad avanzados <strong>activan la secuencia de apagado de todo<\/strong> el dispositivo y detienen el proceso de forma controlada.<\/p>\n<p>Las funciones de los sistemas de seguridad no est\u00e1n limitadas por un posible corte de energ\u00eda. La tecnolog\u00eda est\u00e1 equipada con una <strong>fuente de alimentaci\u00f3n de respaldo electr\u00f3nico<\/strong>, que cubre completamente las necesidades <strong>energ\u00e9ticas para el apagado seguro del equipo.<\/strong><\/p>\n<p><img loading=\"lazy\" src=\"https:\/\/waste2oil.eu\/wp-content\/uploads\/2020\/09\/power_supply-1024x627.jpg\" sizes=\"(max-width: 1024px) 100vw, 1024px\" srcset=\"https:\/\/waste2oil.eu\/wp-content\/uploads\/2020\/09\/power_supply-1024x627.jpg 1024w, https:\/\/waste2oil.eu\/wp-content\/uploads\/2020\/09\/power_supply-300x184.jpg 300w, https:\/\/waste2oil.eu\/wp-content\/uploads\/2020\/09\/power_supply-768x470.jpg 768w, https:\/\/waste2oil.eu\/wp-content\/uploads\/2020\/09\/power_supply-1536x941.jpg 1536w, https:\/\/waste2oil.eu\/wp-content\/uploads\/2020\/09\/power_supply.jpg 1920w\" alt=\"\" width=\"1024\" height=\"627\" \/><\/p>\n","protected":false},"excerpt":{"rendered":"<p>TDU 700 La unidad m\u00f3vil con una capacidad m\u00e1xima de 700 kg \/ hora en funcionamiento continuo est\u00e1 enfocada en el m\u00e1ximo rendimiento y la m\u00e1s alta calidad de aceite durante el proceso de reciclaje del material a expensas de la potencia de entrada. Est\u00e1 desarrollado y construido para reciclar residuos pl\u00e1sticos, mascarillas usadas, residuos [&hellip;]<\/p>\n","protected":false},"author":1,"featured_media":0,"parent":0,"menu_order":0,"comment_status":"closed","ping_status":"closed","template":"elementor_header_footer","meta":[],"translation":{"provider":"WPGlobus","version":"2.7.3","language":"es","enabled_languages":["en","es","fr","it","ru","zh"],"languages":{"en":{"title":true,"content":true,"excerpt":false},"es":{"title":true,"content":true,"excerpt":false},"fr":{"title":true,"content":true,"excerpt":false},"it":{"title":true,"content":true,"excerpt":false},"ru":{"title":true,"content":true,"excerpt":false},"zh":{"title":true,"content":true,"excerpt":false}}},"yoast_head":"<!-- This site is optimized with the Yoast SEO plugin v15.3 - https:\/\/yoast.com\/wordpress\/plugins\/seo\/ -->\n<title>TDU 700 - Waste2oil<\/title>\n<meta name=\"robots\" content=\"index, follow, max-snippet:-1, max-image-preview:large, max-video-preview:-1\" \/>\n<link rel=\"canonical\" href=\"https:\/\/waste2oil.eu\/tdu-700\/\" \/>\n<meta property=\"og:locale\" content=\"es_ES\" \/>\n<meta property=\"og:type\" content=\"article\" \/>\n<meta property=\"og:title\" content=\"TDU 700 - Waste2oil\" \/>\n<meta property=\"og:url\" content=\"https:\/\/waste2oil.eu\/tdu-700\/\" \/>\n<meta property=\"og:site_name\" content=\"Waste2oil\" \/>\n<meta property=\"article:modified_time\" content=\"2021-10-21T09:16:18+00:00\" \/>\n<meta property=\"og:image\" content=\"https:\/\/waste2oil.eu\/wp-content\/uploads\/2020\/08\/Factory-2-1024x486.jpg\" \/>\n<meta name=\"twitter:card\" content=\"summary_large_image\" \/>\n<meta name=\"twitter:label1\" content=\"Escrito por\">\n\t<meta name=\"twitter:data1\" content=\"admin\">\n\t<meta name=\"twitter:label2\" content=\"Tiempo de lectura\">\n\t<meta name=\"twitter:data2\" content=\"13 minutos\">\n<script type=\"application\/ld+json\" class=\"yoast-schema-graph\">{\"@context\":\"https:\/\/schema.org\",\"@graph\":[{\"@type\":\"WebSite\",\"@id\":\"https:\/\/waste2oil.eu\/#website\",\"url\":\"https:\/\/waste2oil.eu\/\",\"name\":\"Waste2oil\",\"description\":\"From waste we make oil\",\"potentialAction\":[{\"@type\":\"SearchAction\",\"target\":\"https:\/\/waste2oil.eu\/?s={search_term_string}\",\"query-input\":\"required name=search_term_string\"}],\"inLanguage\":\"es\"},{\"@type\":\"ImageObject\",\"@id\":\"https:\/\/waste2oil.eu\/tdu-700\/#primaryimage\",\"inLanguage\":\"es\",\"url\":\"https:\/\/waste2oil.eu\/wp-content\/uploads\/2020\/08\/Factory-2.jpg\",\"width\":1159,\"height\":550},{\"@type\":\"WebPage\",\"@id\":\"https:\/\/waste2oil.eu\/tdu-700\/#webpage\",\"url\":\"https:\/\/waste2oil.eu\/tdu-700\/\",\"name\":\"TDU 700 - Waste2oil\",\"isPartOf\":{\"@id\":\"https:\/\/waste2oil.eu\/#website\"},\"primaryImageOfPage\":{\"@id\":\"https:\/\/waste2oil.eu\/tdu-700\/#primaryimage\"},\"datePublished\":\"2020-10-04T18:05:39+00:00\",\"dateModified\":\"2021-10-21T09:16:18+00:00\",\"description\":\"Unit TDU 700 with a capacity of 700kg\/h is focused on maximum yield and highest quality of liquid fraction.\",\"inLanguage\":\"es\",\"potentialAction\":[{\"@type\":\"ReadAction\",\"target\":[\"https:\/\/waste2oil.eu\/tdu-700\/\"]}]}]}<\/script>\n<!-- \/ Yoast SEO plugin. -->","_links":{"self":[{"href":"https:\/\/waste2oil.eu\/es\/wp-json\/wp\/v2\/pages\/2101"}],"collection":[{"href":"https:\/\/waste2oil.eu\/es\/wp-json\/wp\/v2\/pages"}],"about":[{"href":"https:\/\/waste2oil.eu\/es\/wp-json\/wp\/v2\/types\/page"}],"author":[{"embeddable":true,"href":"https:\/\/waste2oil.eu\/es\/wp-json\/wp\/v2\/users\/1"}],"replies":[{"embeddable":true,"href":"https:\/\/waste2oil.eu\/es\/wp-json\/wp\/v2\/comments?post=2101"}],"version-history":[{"count":64,"href":"https:\/\/waste2oil.eu\/es\/wp-json\/wp\/v2\/pages\/2101\/revisions"}],"predecessor-version":[{"id":3143,"href":"https:\/\/waste2oil.eu\/es\/wp-json\/wp\/v2\/pages\/2101\/revisions\/3143"}],"wp:attachment":[{"href":"https:\/\/waste2oil.eu\/es\/wp-json\/wp\/v2\/media?parent=2101"}],"curies":[{"name":"wp","href":"https:\/\/api.w.org\/{rel}","templated":true}]}}