{"id":2130,"date":"2020-10-05T19:27:32","date_gmt":"2020-10-05T19:27:32","guid":{"rendered":"http:\/\/waste2oil.eu\/?page_id=2130"},"modified":"2022-05-05T07:13:46","modified_gmt":"2022-05-05T07:13:46","slug":"tdu-1000","status":"publish","type":"page","link":"https:\/\/waste2oil.eu\/es\/tdu-1000\/","title":{"rendered":"TDU 1000"},"content":{"rendered":"<h5>TDU 1000<\/h5>\n<p>La unidad m\u00f3vil con una capacidad m\u00e1xima de 1000 kg \/ h en funcionamiento continuo est\u00e1 desarrollada y construida para el reciclaje de <strong>neum\u00e1ticos usados.<\/strong><\/p>\n<p>La tecnolog\u00eda Waste2oil es un proceso de conversi\u00f3n termoqu\u00edmica. Este proceso se basa en la descomposici\u00f3n de materiales org\u00e1nicos por acci\u00f3n del calor sin acceso a sustancias oxidantes, en el ambiente anaer\u00f3bico.<\/p>\n<p>\t\t\t\t\t\t\t\t\t\t<img width=\"900\" height=\"500\" src=\"https:\/\/waste2oil.eu\/wp-content\/uploads\/2020\/08\/Factory-1.jpg\" alt=\"\" loading=\"lazy\" srcset=\"https:\/\/waste2oil.eu\/wp-content\/uploads\/2020\/08\/Factory-1.jpg 900w, https:\/\/waste2oil.eu\/wp-content\/uploads\/2020\/08\/Factory-1-300x167.jpg 300w, https:\/\/waste2oil.eu\/wp-content\/uploads\/2020\/08\/Factory-1-768x427.jpg 768w\" sizes=\"(max-width: 900px) 100vw, 900px\" \/>\t\t\t\t\t\t\t\t\t\t\t<\/p>\n<p>Luego del proceso de reciclaje de llantas usadas, tenemos cuatro productos principales: <strong>Petr\u00f3leo, Gas, Negro de Carb\u00f3n y Acero.<\/strong><\/p>\n<p>Todas las materias primas obtenidas se pueden utilizar ecol\u00f3gicamente como material de entrada para su posterior procesamiento, pero sobre todo para la producci\u00f3n de energ\u00eda.<\/p>\n<p>El volumen de los productos depende no solo de la composici\u00f3n y propiedades de la materia prima, sino tambi\u00e9n de las condiciones del proceso durante el proceso de reciclaje en s\u00ed, por ejemplo, <strong>el tipo de material de entrada, la temperatura del proceso, la velocidad de calentamiento, el tiempo de residencia, las condiciones hidrodin\u00e1micas, otros equipos del unidad, especialmente forma y m\u00e9todo de condensaci\u00f3n.<\/strong> Los vol\u00famenes individuales de los productos, seg\u00fan las condiciones descritas, dentro del rango:<\/p>\n<h3>Petr\u00f3leo<\/h3>\n<p style=\"text-align: center;\">30 a 90% en peso<\/p>\n<h3>Gas<\/h3>\n<p style=\"text-align: center;\">5 a 36% en peso<\/p>\n<h3>Negro carb\u00f3n<\/h3>\n<p style=\"text-align: center;\">3 a 45% en peso<\/p>\n<h3>ACERO<\/h3>\n<p>\t\thasta 5% en peso\t\t<\/p>\n<p>La tecnolog\u00eda Waste2oil se desarrolla y construye como una tecnolog\u00eda sin desperdicio. Todos los productos obtenidos se pueden utilizar de forma segura.<\/p>\n<p>El gas de proceso se puede utilizar para alimentar turbinas de gas para producir energ\u00eda para su uso, sin la necesidad permanente de conectarse a una fuente de energ\u00eda externa para su funcionamiento. El gas de proceso casi siempre, debido a su dif\u00edcil almacenamiento y compresibilidad, se utiliza como combustible con alto potencial energ\u00e9tico.<\/p>\n<p>La unidad <strong>TDU 1000<\/strong> puede procesar <strong>hasta 8,000 toneladas<\/strong> de llantas usadas por a\u00f1o y producir una cantidad significativa de:<\/p>\n<h3>Petr\u00f3leo<\/h3>\n<p style=\"text-align: center;\">Con un poder calor\u00edfico de aprox. 40 MJ\/kg<\/p>\n<h3>Gas<\/h3>\n<p style=\"text-align: center;\">Con un poder calor\u00edfico de 31 MJ\/kg<\/p>\n<h3>Negro carb\u00f3n<\/h3>\n<p>\t\tCon un alto contenido de carbono puro<\/p>\n<p>Dependiendo de la extensi\u00f3n de los perif\u00e9ricos opcionales, podemos producir una cantidad interesante de energ\u00eda el\u00e9ctrica y t\u00e9rmica utilizable, u opcionalmente refrigeraci\u00f3n, a partir de los productos obtenidos de esta manera.<\/p>\n<p>La tecnolog\u00eda Waste2oil, as\u00ed como sus perif\u00e9ricos opcionales, est\u00e1n dispuestos en m\u00f3dulos m\u00f3viles, que se pueden ubicar y operar solo en un \u00e1rea pavimentada <strong>de hasta<\/strong> <strong>600 metros cuadrados<\/strong>.<\/p>\n<h2>Sistemas de seguridad<\/h2>\n<p>Los <strong>sofisticados sistemas de seguridad<\/strong> instalados minimizan o, en algunos casos, eliminan los posibles comandos err\u00f3neos del operador. Una indicaci\u00f3n de una anomal\u00eda en el proceso, estos sistemas pueden corregir o eliminar las causas de esta anomal\u00eda. Cuando hay una indicaci\u00f3n de condici\u00f3n de emergencia, el sistema se apagar\u00e1 en todas las circunstancias de manera controlada.<\/p>\n<p>\t\t\t\t\t\t\t\t\t\t<img width=\"681\" height=\"1024\" src=\"https:\/\/waste2oil.eu\/wp-content\/uploads\/2020\/09\/electrician-681x1024.jpg\" alt=\"\" loading=\"lazy\" srcset=\"https:\/\/waste2oil.eu\/wp-content\/uploads\/2020\/09\/electrician-681x1024.jpg 681w, https:\/\/waste2oil.eu\/wp-content\/uploads\/2020\/09\/electrician-200x300.jpg 200w, https:\/\/waste2oil.eu\/wp-content\/uploads\/2020\/09\/electrician-768x1155.jpg 768w, https:\/\/waste2oil.eu\/wp-content\/uploads\/2020\/09\/electrician-1022x1536.jpg 1022w, https:\/\/waste2oil.eu\/wp-content\/uploads\/2020\/09\/electrician.jpg 1277w\" sizes=\"(max-width: 681px) 100vw, 681px\" \/><br \/>\n\t\t\t\t\t\t\t\t\t\t<img width=\"558\" height=\"317\" src=\"https:\/\/waste2oil.eu\/wp-content\/uploads\/2020\/09\/Picture1.png\" alt=\"\" loading=\"lazy\" srcset=\"https:\/\/waste2oil.eu\/wp-content\/uploads\/2020\/09\/Picture1.png 558w, https:\/\/waste2oil.eu\/wp-content\/uploads\/2020\/09\/Picture1-300x170.png 300w\" sizes=\"(max-width: 558px) 100vw, 558px\" \/>\t\t\t\t\t\t\t\t\t\t\t<\/p>\n<p>Los m\u00f3dulos individuales y otros puntos cr\u00edticos del dispositivo est\u00e1n equipados, adem\u00e1s de los elementos de seguridad obligatorios esenciales, tambi\u00e9n por un circuito<strong> de c\u00e1mara avanzado con detectores y sensores<\/strong>, que forma parte del control central. En caso de peligro, estos elementos de seguridad avanzados <strong>activan la secuencia de apagado de todo<\/strong> el dispositivo y detienen el proceso de forma controlada.<\/p>\n<p>Las funciones de los sistemas de seguridad no est\u00e1n limitadas por un posible corte de energ\u00eda. La tecnolog\u00eda est\u00e1 equipada con una <strong>fuente de alimentaci\u00f3n de respaldo electr\u00f3nico<\/strong>, que cubre completamente las necesidades <strong>energ\u00e9ticas para el apagado seguro del equipo.<\/strong><\/p>\n<p>\t\t\t\t\t\t\t\t\t\t<img width=\"1024\" height=\"627\" src=\"https:\/\/waste2oil.eu\/wp-content\/uploads\/2020\/09\/power_supply-1024x627.jpg\" alt=\"\" loading=\"lazy\" srcset=\"https:\/\/waste2oil.eu\/wp-content\/uploads\/2020\/09\/power_supply-1024x627.jpg 1024w, https:\/\/waste2oil.eu\/wp-content\/uploads\/2020\/09\/power_supply-300x184.jpg 300w, https:\/\/waste2oil.eu\/wp-content\/uploads\/2020\/09\/power_supply-768x470.jpg 768w, https:\/\/waste2oil.eu\/wp-content\/uploads\/2020\/09\/power_supply-1536x941.jpg 1536w, https:\/\/waste2oil.eu\/wp-content\/uploads\/2020\/09\/power_supply.jpg 1920w\" sizes=\"(max-width: 1024px) 100vw, 1024px\" \/><\/p>\n","protected":false},"excerpt":{"rendered":"<p>TDU 1000 La unidad m\u00f3vil con una capacidad m\u00e1xima de 1000 kg \/ h en funcionamiento continuo est\u00e1 desarrollada y construida para el reciclaje de neum\u00e1ticos usados. La tecnolog\u00eda Waste2oil es un proceso de conversi\u00f3n termoqu\u00edmica. Este proceso se basa en la descomposici\u00f3n de materiales org\u00e1nicos por acci\u00f3n del calor sin acceso a sustancias oxidantes, [&hellip;]<\/p>\n","protected":false},"author":1,"featured_media":0,"parent":0,"menu_order":0,"comment_status":"closed","ping_status":"closed","template":"elementor_header_footer","meta":[],"translation":{"provider":"WPGlobus","version":"2.7.3","language":"es","enabled_languages":["en","es","fr","it","ru","zh"],"languages":{"en":{"title":true,"content":true,"excerpt":false},"es":{"title":true,"content":true,"excerpt":false},"fr":{"title":false,"content":true,"excerpt":false},"it":{"title":false,"content":true,"excerpt":false},"ru":{"title":false,"content":true,"excerpt":false},"zh":{"title":false,"content":true,"excerpt":false}}},"yoast_head":"<!-- This site is optimized with the Yoast SEO plugin v15.3 - https:\/\/yoast.com\/wordpress\/plugins\/seo\/ -->\n<title>TDU 1000 - Waste2oil<\/title>\n<meta name=\"robots\" content=\"index, follow, max-snippet:-1, max-image-preview:large, max-video-preview:-1\" \/>\n<link rel=\"canonical\" href=\"https:\/\/waste2oil.eu\/tdu-1000\/\" \/>\n<meta property=\"og:locale\" content=\"es_ES\" \/>\n<meta property=\"og:type\" content=\"article\" \/>\n<meta property=\"og:title\" content=\"TDU 1000 - Waste2oil\" \/>\n<meta property=\"og:url\" content=\"https:\/\/waste2oil.eu\/tdu-1000\/\" \/>\n<meta property=\"og:site_name\" content=\"Waste2oil\" \/>\n<meta property=\"article:modified_time\" content=\"2022-05-05T07:13:46+00:00\" \/>\n<meta property=\"og:image\" content=\"https:\/\/waste2oil.eu\/wp-content\/uploads\/2020\/08\/Factory-1.jpg\" \/>\n<meta name=\"twitter:card\" content=\"summary_large_image\" \/>\n<meta name=\"twitter:label1\" content=\"Escrito por\">\n\t<meta name=\"twitter:data1\" content=\"admin\">\n\t<meta name=\"twitter:label2\" content=\"Tiempo de lectura\">\n\t<meta name=\"twitter:data2\" content=\"9 minutos\">\n<script type=\"application\/ld+json\" class=\"yoast-schema-graph\">{\"@context\":\"https:\/\/schema.org\",\"@graph\":[{\"@type\":\"WebSite\",\"@id\":\"https:\/\/waste2oil.eu\/#website\",\"url\":\"https:\/\/waste2oil.eu\/\",\"name\":\"Waste2oil\",\"description\":\"From waste we make oil\",\"potentialAction\":[{\"@type\":\"SearchAction\",\"target\":\"https:\/\/waste2oil.eu\/?s={search_term_string}\",\"query-input\":\"required name=search_term_string\"}],\"inLanguage\":\"es\"},{\"@type\":\"ImageObject\",\"@id\":\"https:\/\/waste2oil.eu\/tdu-1000\/#primaryimage\",\"inLanguage\":\"es\",\"url\":\"https:\/\/waste2oil.eu\/wp-content\/uploads\/2020\/08\/Factory-1.jpg\",\"width\":900,\"height\":500},{\"@type\":\"WebPage\",\"@id\":\"https:\/\/waste2oil.eu\/tdu-1000\/#webpage\",\"url\":\"https:\/\/waste2oil.eu\/tdu-1000\/\",\"name\":\"TDU 1000 - Waste2oil\",\"isPartOf\":{\"@id\":\"https:\/\/waste2oil.eu\/#website\"},\"primaryImageOfPage\":{\"@id\":\"https:\/\/waste2oil.eu\/tdu-1000\/#primaryimage\"},\"datePublished\":\"2020-10-05T19:27:32+00:00\",\"dateModified\":\"2022-05-05T07:13:46+00:00\",\"inLanguage\":\"es\",\"potentialAction\":[{\"@type\":\"ReadAction\",\"target\":[\"https:\/\/waste2oil.eu\/tdu-1000\/\"]}]}]}<\/script>\n<!-- \/ Yoast SEO plugin. -->","_links":{"self":[{"href":"https:\/\/waste2oil.eu\/es\/wp-json\/wp\/v2\/pages\/2130"}],"collection":[{"href":"https:\/\/waste2oil.eu\/es\/wp-json\/wp\/v2\/pages"}],"about":[{"href":"https:\/\/waste2oil.eu\/es\/wp-json\/wp\/v2\/types\/page"}],"author":[{"embeddable":true,"href":"https:\/\/waste2oil.eu\/es\/wp-json\/wp\/v2\/users\/1"}],"replies":[{"embeddable":true,"href":"https:\/\/waste2oil.eu\/es\/wp-json\/wp\/v2\/comments?post=2130"}],"version-history":[{"count":64,"href":"https:\/\/waste2oil.eu\/es\/wp-json\/wp\/v2\/pages\/2130\/revisions"}],"predecessor-version":[{"id":3191,"href":"https:\/\/waste2oil.eu\/es\/wp-json\/wp\/v2\/pages\/2130\/revisions\/3191"}],"wp:attachment":[{"href":"https:\/\/waste2oil.eu\/es\/wp-json\/wp\/v2\/media?parent=2130"}],"curies":[{"name":"wp","href":"https:\/\/api.w.org\/{rel}","templated":true}]}}