{"id":1396,"date":"2016-03-24T12:13:42","date_gmt":"2016-03-24T12:13:42","guid":{"rendered":"http:\/\/demo.themes4wp.com\/gama-store\/?page_id=10"},"modified":"2023-06-21T12:24:37","modified_gmt":"2023-06-21T12:24:37","slug":"waste-to-energy","status":"publish","type":"page","link":"https:\/\/waste2oil.eu\/fr\/","title":{"rendered":"Waste to energy"},"content":{"rendered":"<h2><b>\u00c0 partir des d\u00e9chets,<br \/> nous fabriquons de l&#8217;huile<\/b><\/h2>\n<p>\t\t\t<a href=\"#technology\" role=\"button\"><br \/>\n\t\t\t\t\t\tLire la suite<br \/>\n\t\t\t\t\t<\/a><br \/>\n\t\t\t<a href=\"https:\/\/waste2oil.eu\/fr\/plastic-waste\/\" role=\"button\"><br \/>\n\t\t\t\t\t\tD\u00e9chets plastiques<br \/>\n\t\t\t\t\t<\/a><\/p>\n<p>Le plastique est un probl\u00e8me mondial. Notre objectif est de transformer les plastiques qui finissent dans les d\u00e9charges ou sont incin\u00e9r\u00e9s en une marchandise de grande valeur.<\/p>\n<p>\t\t\t<a href=\"https:\/\/waste2oil.eu\/fr\/used-tyres\/\" role=\"button\"><br \/>\n\t\t\t\t\t\tPneus usag\u00e9s<br \/>\n\t\t\t\t\t<\/a><\/p>\n<p>La plupart des pneus usag\u00e9s se retrouvent dans des d\u00e9charges ou dans la nature. La technologie Waste2oil est la seule o\u00f9 il n&#8217;est pas n\u00e9cessaire d&#8217;enlever les fils d&#8217;acier et les fibres.<\/p>\n<p>\t\t\t<a href=\"https:\/\/waste2oil.eu\/fr\/used-face-masks\/\" role=\"button\"><br \/>\n\t\t\t\t\t\tMasques faciaux usag\u00e9s<br \/>\n\t\t\t\t\t<\/a><\/p>\n<p>De nombreux pays ont du mal \u00e0 savoir quoi faire avec les masques faciaux usag\u00e9s et autres d\u00e9chets m\u00e9dicaux. La technologie Waste2oil peut r\u00e9soudre leur probl\u00e8me.<\/p>\n<h5>Technologie Waste2oil<\/h5>\n<p>La plupart des d\u00e9chets plastiques, pneus usag\u00e9s et masques faciaux usag\u00e9s finissent dans les d\u00e9charges ou dans la nature. Nous avons une solution \u00e9cologique et \u00e9conomique, plac\u00e9e dans des conteneurs d&#8217;exp\u00e9dition qui transforment ce type de d\u00e9chets en huile de haute qualit\u00e9.<\/p>\n<p>\t\t\t\t\t\t\t\t\t\t<img width=\"1024\" height=\"486\" src=\"https:\/\/waste2oil.eu\/wp-content\/uploads\/2020\/08\/Factory-2-1024x486.jpg\" alt=\"\" loading=\"lazy\" srcset=\"https:\/\/waste2oil.eu\/wp-content\/uploads\/2020\/08\/Factory-2-1024x486.jpg 1024w, https:\/\/waste2oil.eu\/wp-content\/uploads\/2020\/08\/Factory-2-300x142.jpg 300w, https:\/\/waste2oil.eu\/wp-content\/uploads\/2020\/08\/Factory-2-768x364.jpg 768w, https:\/\/waste2oil.eu\/wp-content\/uploads\/2020\/08\/Factory-2.jpg 1159w\" sizes=\"(max-width: 1024px) 100vw, 1024px\" \/>\t\t\t\t\t\t\t\t\t\t\t<\/p>\n<h3>z\u00e9ro \u00e9mission<\/h3>\n<h3>Huile de haute qualit\u00e9<\/h3>\n<h3>Co\u00fbts de fonctionnement tr\u00e8s faibles<\/h3>\n<h3>Solution modulaire<\/h3>\n<h3>retour rapide de l&#8217;investissement<\/h3>\n<h3>utilisable pour plus de types de d\u00e9chets<\/h3>\n<h2>L&#8217;ensemble de la technologie tient dans 4 conteneurs <br \/>et est assembl\u00e9 sur place en 2 jours<\/h2>\n<h5>Technologie Waste2oil<\/h5>\n<p>\t\t\t<a href=\"https:\/\/waste2oil.eu\/fr\/tdu-700\/\" role=\"button\"><br \/>\n\t\t\t\t\t\tTDU 700<br \/>\n\t\t\t\t\t<\/a><\/p>\n<p>L&#8217;unit\u00e9 mobile d&#8217;une capacit\u00e9 allant jusqu&#8217;\u00e0 700 kg \/ h se concentre sur un rendement maximal et la plus haute qualit\u00e9 de fraction liquide.<\/p>\n<p>\t\t\t<a href=\"https:\/\/waste2oil.eu\/fr\/tdu-1000\/\" role=\"button\"><br \/>\n\t\t\t\t\t\tTDU 1000<br \/>\n\t\t\t\t\t<\/a><\/p>\n<p>L&#8217;unit\u00e9 mobile d&#8217;une capacit\u00e9 de 1000 kg \/ h est d\u00e9velopp\u00e9e et construite pour le recyclage des pneus usag\u00e9s.<\/p>\n<h4>Les tests en laboratoire montrent que l&#8217;huile est class\u00e9e comme diesel \u00e0 haute teneur en soufre (HSD) et est conforme \u00e0 la r\u00e9glementation EN 590 sur la qualit\u00e9 du carburant, elle a donc un large \u00e9ventail d&#8217;utilisations.<\/h4>\n<p>Toutes les mati\u00e8res premi\u00e8res obtenues peuvent \u00eatre utilis\u00e9es de mani\u00e8re \u00e9cologique comme mati\u00e8re premi\u00e8re pour un traitement ult\u00e9rieur, mais surtout pour la production d&#8217;\u00e9nergie et pour le transport.<\/p>\n<h5>Apr\u00e8s le processus, nous avons trois produits principaux:<\/h5>\n<p>\t\t\t<a href=\"https:\/\/waste2oil.eu\/fr\/oil\/\" role=\"button\"><br \/>\n\t\t\t\t\t\tHuile<br \/>\n\t\t\t\t\t<\/a><\/p>\n<p>Le p\u00e9trole peut \u00eatre utilis\u00e9 pour produire de l&#8217;\u00e9lectricit\u00e9 ainsi que pour le transport ou peut \u00eatre vendu \u00e0 l&#8217;industrie p\u00e9trochimique et de la raffinerie.<\/p>\n<p>\t\t\t<a href=\"https:\/\/waste2oil.eu\/fr\/gas\/\" role=\"button\"><br \/>\n\t\t\t\t\t\tGaz<br \/>\n\t\t\t\t\t<\/a><\/p>\n<p>Le gaz peut \u00eatre utilis\u00e9 pour produire de l&#8217;\u00e9lectricit\u00e9 dans des turbines \u00e0 gaz ou peut \u00eatre vendu directement aux industries chimiques.<\/p>\n<p>\t\t\t<a href=\"https:\/\/waste2oil.eu\/fr\/carbon-black\/\" role=\"button\"><br \/>\n\t\t\t\t\t\tNoir carbone<br \/>\n\t\t\t\t\t<\/a><\/p>\n<p>Le noir de carbone peut \u00eatre utilis\u00e9 dans la production de pneus neufs, de plastiques, de produits industriels en caoutchouc, de rev\u00eatements haute performance, d&#8217;agriculture, etc.<\/p>\n<h2>1kg de plastiques ~ 1L d&#8217;huile<\/h2>\n<h6>Une huile de haute qualit\u00e9 peut \u00eatre utilis\u00e9e dans ces domaines<\/h6>\n<figure><img width=\"2560\" height=\"1707\" src=\"https:\/\/waste2oil.eu\/wp-content\/uploads\/2020\/09\/energy-scaled.jpg\" alt=\"\" loading=\"lazy\" srcset=\"https:\/\/waste2oil.eu\/wp-content\/uploads\/2020\/09\/energy-scaled.jpg 2560w, https:\/\/waste2oil.eu\/wp-content\/uploads\/2020\/09\/energy-300x200.jpg 300w, https:\/\/waste2oil.eu\/wp-content\/uploads\/2020\/09\/energy-1024x683.jpg 1024w, https:\/\/waste2oil.eu\/wp-content\/uploads\/2020\/09\/energy-768x512.jpg 768w, https:\/\/waste2oil.eu\/wp-content\/uploads\/2020\/09\/energy-1536x1024.jpg 1536w, https:\/\/waste2oil.eu\/wp-content\/uploads\/2020\/09\/energy-2048x1365.jpg 2048w\" sizes=\"(max-width: 2560px) 100vw, 2560px\" \/><\/figure>\n<h3>\u00c9nergie<\/h3>\n<p>L&#8217;huile issue de la technologie Waste2oil a une structure similaire \u00e0 celle du diesel. L&#8217;huile peut \u00eatre utilis\u00e9e dans les g\u00e9n\u00e9rateurs diesel ou la production de chaleur.<\/p>\n<figure><img width=\"1280\" height=\"853\" src=\"https:\/\/waste2oil.eu\/wp-content\/uploads\/2020\/09\/ship1.jpg\" alt=\"\" loading=\"lazy\" srcset=\"https:\/\/waste2oil.eu\/wp-content\/uploads\/2020\/09\/ship1.jpg 1280w, https:\/\/waste2oil.eu\/wp-content\/uploads\/2020\/09\/ship1-300x200.jpg 300w, https:\/\/waste2oil.eu\/wp-content\/uploads\/2020\/09\/ship1-1024x682.jpg 1024w, https:\/\/waste2oil.eu\/wp-content\/uploads\/2020\/09\/ship1-768x512.jpg 768w\" sizes=\"(max-width: 1280px) 100vw, 1280px\" \/><\/figure>\n<h3>Transport<\/h3>\n<p>L&#8217;huile peut \u00eatre utilis\u00e9e comme carburant pour les navires, les camions, les bus et dans les moteurs diesel plus anciens sans injection directe de carburant.<\/p>\n<figure><img width=\"1280\" height=\"853\" src=\"https:\/\/waste2oil.eu\/wp-content\/uploads\/2020\/09\/refinery2.jpg\" alt=\"\" loading=\"lazy\" srcset=\"https:\/\/waste2oil.eu\/wp-content\/uploads\/2020\/09\/refinery2.jpg 1280w, https:\/\/waste2oil.eu\/wp-content\/uploads\/2020\/09\/refinery2-300x200.jpg 300w, https:\/\/waste2oil.eu\/wp-content\/uploads\/2020\/09\/refinery2-1024x682.jpg 1024w, https:\/\/waste2oil.eu\/wp-content\/uploads\/2020\/09\/refinery2-768x512.jpg 768w\" sizes=\"(max-width: 1280px) 100vw, 1280px\" \/><\/figure>\n<h3>Raffinerie<\/h3>\n<p>Le p\u00e9trole peut \u00eatre ajout\u00e9 au carburant commun dans l&#8217;industrie de la raffinerie. Notre huile de haute qualit\u00e9 n&#8217;a pas besoin d&#8217;\u00eatre trait\u00e9e ou nettoy\u00e9e.<\/p>\n<figure><img width=\"1280\" height=\"853\" src=\"https:\/\/waste2oil.eu\/wp-content\/uploads\/2020\/09\/Petrochemical.jpg\" alt=\"\" loading=\"lazy\" srcset=\"https:\/\/waste2oil.eu\/wp-content\/uploads\/2020\/09\/Petrochemical.jpg 1280w, https:\/\/waste2oil.eu\/wp-content\/uploads\/2020\/09\/Petrochemical-300x200.jpg 300w, https:\/\/waste2oil.eu\/wp-content\/uploads\/2020\/09\/Petrochemical-1024x682.jpg 1024w, https:\/\/waste2oil.eu\/wp-content\/uploads\/2020\/09\/Petrochemical-768x512.jpg 768w\" sizes=\"(max-width: 1280px) 100vw, 1280px\" \/><\/figure>\n<h3>P\u00e9trochimique<\/h3>\n<p>Industrie p\u00e9trochimique fabriquant des plastiques \u00e0 partir du p\u00e9trole. Nous g\u00e9n\u00e9rons de l&#8217;huile \u00e0 partir de plastiques qui peut \u00eatre utilis\u00e9e pour fabriquer de nouveaux plastiques.<\/p>\n<h4>De 1 tonne de d\u00e9chets peuvent \u00eatre produits jusqu&#8217;\u00e0 3 MW d&#8217;\u00e9lectricit\u00e9.<\/h4>\n<p>La technologie Waste2oil est d\u00e9velopp\u00e9e et construite comme une technologie sans gaspillage.<\/p>\n<p>Tous les produits obtenus peuvent \u00eatre utilis\u00e9s en toute s\u00e9curit\u00e9 et transform\u00e9s en profit.<\/p>\n<h5>Technologie Waste2oil<\/h5>\n<p>\t\t\t\t\t\t\t\t\t\t<img width=\"768\" height=\"576\" src=\"https:\/\/waste2oil.eu\/wp-content\/uploads\/2021\/06\/Active-cooling-system-768x576.jpg\" alt=\"\" loading=\"lazy\" srcset=\"https:\/\/waste2oil.eu\/wp-content\/uploads\/2021\/06\/Active-cooling-system-768x576.jpg 768w, https:\/\/waste2oil.eu\/wp-content\/uploads\/2021\/06\/Active-cooling-system-300x225.jpg 300w, https:\/\/waste2oil.eu\/wp-content\/uploads\/2021\/06\/Active-cooling-system-600x450.jpg 600w, https:\/\/waste2oil.eu\/wp-content\/uploads\/2021\/06\/Active-cooling-system-865x649.jpg 865w, https:\/\/waste2oil.eu\/wp-content\/uploads\/2021\/06\/Active-cooling-system.jpg 1024w\" sizes=\"(max-width: 768px) 100vw, 768px\" \/><br \/>\n\t\t\t\t\t\t\t\t\t\t<img width=\"345\" height=\"214\" src=\"https:\/\/waste2oil.eu\/wp-content\/uploads\/2020\/08\/Depo-2.png\" alt=\"\" loading=\"lazy\" srcset=\"https:\/\/waste2oil.eu\/wp-content\/uploads\/2020\/08\/Depo-2.png 345w, https:\/\/waste2oil.eu\/wp-content\/uploads\/2020\/08\/Depo-2-300x186.png 300w\" sizes=\"(max-width: 345px) 100vw, 345px\" \/><br \/>\n\t\t\t\t\t\t\t\t\t\t<img width=\"376\" height=\"435\" src=\"https:\/\/waste2oil.eu\/wp-content\/uploads\/2020\/08\/Depo1.png\" alt=\"\" loading=\"lazy\" srcset=\"https:\/\/waste2oil.eu\/wp-content\/uploads\/2020\/08\/Depo1.png 376w, https:\/\/waste2oil.eu\/wp-content\/uploads\/2020\/08\/Depo1-259x300.png 259w\" sizes=\"(max-width: 376px) 100vw, 376px\" \/>\t\t\t\t\t\t\t\t\t\t\t<\/p>\n<h2>L&#8217;unit\u00e9 TDU 1000 peut traiter jusqu&#8217;\u00e0 8000 tonnes de d\u00e9chets par an<\/h2>\n<h5>La solution modulaire peut \u00eatre plac\u00e9e simplement n&#8217;importe o\u00f9.<\/h5>\n<p>L&#8217;unit\u00e9 Waste2oil est capable de fonctionner dans une zone \u00e9loign\u00e9e ainsi que sur l&#8217;\u00eele car elle est absolument autonome.<\/p>\n<p>Il n&#8217;est pas n\u00e9cessaire de construire un nouveau b\u00e2timent. Les unit\u00e9s Waste2oil peuvent \u00eatre plac\u00e9es \u00e0 l&#8217;ext\u00e9rieur dans des conditions m\u00e9t\u00e9orologiques ne d\u00e9passant pas -40 \u00b0 C jusqu&#8217;\u00e0 + 50 \u00b0 C.<\/p>\n<p>Seule une surface pav\u00e9e est n\u00e9cessaire.<\/p>\n<p>\t\t\t\t\t\t\t\t\t\t<img width=\"1024\" height=\"477\" src=\"https:\/\/waste2oil.eu\/wp-content\/uploads\/2021\/05\/Foto-technologie-1024x477.jpg\" alt=\"\" loading=\"lazy\" srcset=\"https:\/\/waste2oil.eu\/wp-content\/uploads\/2021\/05\/Foto-technologie-1024x477.jpg 1024w, https:\/\/waste2oil.eu\/wp-content\/uploads\/2021\/05\/Foto-technologie-300x140.jpg 300w, https:\/\/waste2oil.eu\/wp-content\/uploads\/2021\/05\/Foto-technologie-768x358.jpg 768w, https:\/\/waste2oil.eu\/wp-content\/uploads\/2021\/05\/Foto-technologie-1536x716.jpg 1536w, https:\/\/waste2oil.eu\/wp-content\/uploads\/2021\/05\/Foto-technologie-600x280.jpg 600w, https:\/\/waste2oil.eu\/wp-content\/uploads\/2021\/05\/Foto-technologie-1393x649.jpg 1393w, https:\/\/waste2oil.eu\/wp-content\/uploads\/2021\/05\/Foto-technologie.jpg 1811w\" sizes=\"(max-width: 1024px) 100vw, 1024px\" \/>\t\t\t\t\t\t\t\t\t\t\t<\/p>\n<h2>Avantages<\/h2>\n<p>Nos unit\u00e9s produisent une huile de la plus haute qualit\u00e9<\/p>\n<p>Conforme \u00e0 la norme EN 590<\/p>\n<p>Z\u00e9ro \u00e9mission<\/p>\n<p>SYST\u00c8ME DE SAUVEGARDE UNIQUE POUR UNE UTILISATION S\u00c9CURIS\u00c9E<\/p>\n<p>assembl\u00e9 sur site en 2 jours<\/p>\n<h4>FAQ<\/h4>\n<h5>Questions et r\u00e9ponses les plus fr\u00e9quentes<\/h5>\n<p>\t\t\t\t\t\t\t\t\t\t\t\t<a href=\"\">Quelle est la diff\u00e9rence entre la technologie Pyrolyse et Waste2oil?<\/a><\/p>\n<p>La principale diff\u00e9rence est que la plupart des unit\u00e9s de pyrolyse ne fonctionnent pas dans un processus continu. Les d\u00e9chets sont plac\u00e9s \u00e0 l&#8217;int\u00e9rieur et chauff\u00e9s \u00e0 une certaine temp\u00e9rature apr\u00e8s que l&#8217;unit\u00e9 de traitement doit \u00eatre ouverte, nettoy\u00e9e et remplie de nouveaux d\u00e9chets. Davantage d&#8217;employ\u00e9s sont n\u00e9cessaires pour faire fonctionner l&#8217;unit\u00e9, car les co\u00fbts de fonctionnement sont plus \u00e9lev\u00e9s et plus d&#8217;\u00e9nergie doit \u00eatre utilis\u00e9e pour r\u00e9chauffer l&#8217;unit\u00e9 avec les d\u00e9chets nouvellement remplis.<\/p>\n<p>La qualit\u00e9 de l&#8217;huile de pyrolyse doit \u00eatre nettoy\u00e9e ou m\u00e9lang\u00e9e \u00e0 d&#8217;autres substances pour obtenir de l&#8217;huile pour une autre utilisation.<\/p>\n<p>Pour l\u2019unit\u00e9 de pyrolyse, il faut plus d\u2019espace pour qu\u2019elle ne puisse pas \u00eatre plac\u00e9e dans de petits conteneurs, mais la salle doit \u00e9galement \u00eatre construite.<\/p>\n<p>L&#8217;unit\u00e9 Waste2oil fonctionne selon un processus continu qui utilise un convoyeur \u00e0 vis pour d\u00e9placer les d\u00e9chets dans le r\u00e9acteur \u00e0 une vitesse continue et \u00e0 une temp\u00e9rature stable.<\/p>\n<p>L&#8217;unit\u00e9 Waste2oil peut \u00eatre plac\u00e9e n&#8217;importe o\u00f9 sur la surface pav\u00e9e dans des conditions m\u00e9t\u00e9orologiques ne d\u00e9passant pas -40 \u00b0 C \u00e0 + 50 \u00b0 C.<\/p>\n<p>\t\t\t\t\t\t\t\t\t\t\t\t<a href=\"\">La technologie Waste2oil peut-elle traiter toutes sortes de plastiques?<\/a><\/p>\n<p>Non, la technologie Waste2oil est bas\u00e9e sur la d\u00e9composition de mati\u00e8res organiques par l&#8217;action de la chaleur sans acc\u00e8s \u00e0 des substances oxydantes, en milieu ana\u00e9robie.<\/p>\n<p>Les bouteilles en PET et le PVC contiennent de l\u2019oxyg\u00e8ne, c\u2019est pourquoi il ne peut pas \u00eatre trait\u00e9 dans nos unit\u00e9s et la qualit\u00e9 de l\u2019huile serait \u00e9galement tr\u00e8s faible.<\/p>\n<p><a href=\"https:\/\/waste2oil.eu\/fr\/plastic-waste\/\">Cliquez ici<\/a> pour voir les types de plastique pour l&#8217;unit\u00e9 Waste2oil.<\/p>\n<p>\t\t\t\t\t\t\t\t\t\t\t\t<a href=\"\">Combien d&#8217;employ\u00e9s sont n\u00e9cessaires pour faire fonctionner l&#8217;unit\u00e9?<\/a><\/p>\n<p>Les unit\u00e9s TDU sont enti\u00e8rement automatis\u00e9es. Un seul employ\u00e9 form\u00e9 par \u00e9quipe est n\u00e9cessaire pour faire fonctionner l&#8217;unit\u00e9.<\/p>\n<p>\t\t\t\t\t\t\t\t\t\t\t\t<a href=\"\">Les temp\u00e9ratures ambiantes \u00e9lev\u00e9es (par exemple dans une zone d\u00e9sertique) peuvent-elles affecter le fonctionnement de cette technologie?<\/a><\/p>\n<p>Non. Les unit\u00e9s TDU elles-m\u00eames sont g\u00e9n\u00e9ralement isol\u00e9es. En g\u00e9n\u00e9ral, la plupart des appareils peuvent fonctionner avec une temp\u00e9rature ext\u00e9rieure maximale de -40 \u00b0 C \u00e0 + 50 \u00b0 C.<\/p>\n<p>\t\t\t\t\t\t\t\t\t\t\t\t<a href=\"\">\u00c0 quelle fr\u00e9quence cette technologie est-elle maintenue?<\/a><\/p>\n<p>Tout est bas\u00e9 sur les r\u00e8gles de fonctionnement trait\u00e9es supposant que l&#8217;appareil fonctionne 24 heures \/ jour, 330 jours \/ an.<\/p>\n<p>\t\t\t\t\t\t\t\t\t\t\t\t<a href=\"\">Combien de temps faut-il pour fabriquer une unit\u00e9?<\/a><\/p>\n<p>8 mois.<\/p>\n<p>\t\t\t\t\t\t\t\t\t\t\t\t<a href=\"\">Quel est le retour sur investissement?<\/a><\/p>\n<p>ROI &#8211; Le retour sur investissement d\u00e9pend de nombreux facteurs.<\/p>\n<p>Tout d&#8217;abord, quel type de mat\u00e9riau sera trait\u00e9 dans l&#8217;unit\u00e9 Waste2oil?<\/p>\n<p>Pour quoi seront utilis\u00e9s le p\u00e9trole, le gaz et le noir de carbone? Dans chaque pays, il existe des prix diff\u00e9rents pour le p\u00e9trole, l&#8217;\u00e9lectricit\u00e9, etc.<\/p>\n<p>Votre gouvernement soutient-il les subventions si vous voulez traiter les d\u00e9chets et aider l&#8217;environnement?<\/p>\n<p>Le retour sur investissement exact ne peut \u00eatre bas\u00e9 que sur l&#8217;\u00e9tude de cas.<\/p>\n<p>Malgr\u00e9 cela, la technologie Waste2oil a un retour sur investissement de 2 \u00e0 5 ans.<\/p>\n<h2>Contactons<\/h2>\n<h2>nous<\/h2>\n<h3>\n\t\t\t\t\tAdresse e-mail<br \/>\n\t\t\t\t<\/h3>\n<p>info@waste2oil.eu<\/p>\n<h3>\n\t\t\t\t\tAppelez-nous<br \/>\n\t\t\t\t<\/h3>\n<p>+420 605 905 133<\/p>\n<h3>\n\t\t\t\t\tAdresse<br \/>\n\t\t\t\t<\/h3>\n<p>EA TRADE s.r.o. <br \/>\nPricna 1892\/4, <br \/>Nove Mesto, 110 00 <br \/>Prague, Czech Republic<\/p>\n<h3>M\u00e9dias sociaux<\/h3>\n<p>\t\t\t\t\t<a href=\"https:\/\/www.facebook.com\/waste2oil\" target=\"_blank\" rel=\"noopener\"><br \/>\n\t\t\t\t\t\tFacebook-f<br \/>\n\t\t\t\t\t\t\t\t\t\t\t<\/a><br \/>\n\t\t\t\t\t<a href=\"https:\/\/www.youtube.com\/watch?v=4dmcew1vrgM&#038;t=11s\" target=\"_blank\" rel=\"noopener\"><br \/>\n\t\t\t\t\t\tYoutube<br \/>\n\t\t\t\t\t\t\t\t\t\t\t<\/a><\/p>\n","protected":false},"excerpt":{"rendered":"<p>\u00c0 partir des d\u00e9chets, nous fabriquons de l&#8217;huile Lire la suite D\u00e9chets plastiques Le plastique est un probl\u00e8me mondial. Notre objectif est de transformer les plastiques qui finissent dans les d\u00e9charges ou sont incin\u00e9r\u00e9s en une marchandise de grande valeur. Pneus usag\u00e9s La plupart des pneus usag\u00e9s se retrouvent dans des d\u00e9charges ou dans la [&hellip;]<\/p>\n","protected":false},"author":1,"featured_media":0,"parent":0,"menu_order":0,"comment_status":"closed","ping_status":"closed","template":"template-page-builders.php","meta":[],"translation":{"provider":"WPGlobus","version":"2.7.3","language":"fr","enabled_languages":["en","es","fr","it","ru","zh"],"languages":{"en":{"title":true,"content":true,"excerpt":false},"es":{"title":true,"content":true,"excerpt":false},"fr":{"title":false,"content":true,"excerpt":false},"it":{"title":false,"content":true,"excerpt":false},"ru":{"title":false,"content":true,"excerpt":false},"zh":{"title":false,"content":true,"excerpt":false}}},"yoast_head":"<!-- This site is optimized with the Yoast SEO plugin v15.3 - https:\/\/yoast.com\/wordpress\/plugins\/seo\/ -->\n<title>- Waste2oil<\/title>\n<meta name=\"robots\" content=\"index, follow, max-snippet:-1, max-image-preview:large, max-video-preview:-1\" \/>\n<link rel=\"canonical\" href=\"https:\/\/waste2oil.eu\/\" \/>\n<meta property=\"og:locale\" content=\"fr_FR\" \/>\n<meta property=\"og:type\" content=\"article\" \/>\n<meta property=\"og:title\" content=\"- Waste2oil\" \/>\n<meta property=\"og:url\" content=\"https:\/\/waste2oil.eu\/\" \/>\n<meta property=\"og:site_name\" content=\"Waste2oil\" \/>\n<meta property=\"article:modified_time\" content=\"2023-06-21T12:24:37+00:00\" \/>\n<meta property=\"og:image\" content=\"https:\/\/waste2oil.eu\/wp-content\/uploads\/2020\/08\/Factory-2-1024x486.jpg\" \/>\n<meta name=\"twitter:card\" content=\"summary_large_image\" \/>\n<meta name=\"twitter:label1\" content=\"Written by\">\n\t<meta name=\"twitter:data1\" content=\"admin\">\n\t<meta name=\"twitter:label2\" content=\"Est. reading time\">\n\t<meta name=\"twitter:data2\" content=\"19 minutes\">\n<script type=\"application\/ld+json\" class=\"yoast-schema-graph\">{\"@context\":\"https:\/\/schema.org\",\"@graph\":[{\"@type\":\"WebSite\",\"@id\":\"https:\/\/waste2oil.eu\/#website\",\"url\":\"https:\/\/waste2oil.eu\/\",\"name\":\"Waste2oil\",\"description\":\"From waste we make oil\",\"potentialAction\":[{\"@type\":\"SearchAction\",\"target\":\"https:\/\/waste2oil.eu\/?s={search_term_string}\",\"query-input\":\"required name=search_term_string\"}],\"inLanguage\":\"fr-FR\"},{\"@type\":\"ImageObject\",\"@id\":\"https:\/\/waste2oil.eu\/#primaryimage\",\"inLanguage\":\"fr-FR\",\"url\":\"https:\/\/waste2oil.eu\/wp-content\/uploads\/2020\/08\/Factory-2.jpg\",\"width\":1159,\"height\":550},{\"@type\":\"WebPage\",\"@id\":\"https:\/\/waste2oil.eu\/#webpage\",\"url\":\"https:\/\/waste2oil.eu\/\",\"name\":\" - Waste2oil\",\"isPartOf\":{\"@id\":\"https:\/\/waste2oil.eu\/#website\"},\"primaryImageOfPage\":{\"@id\":\"https:\/\/waste2oil.eu\/#primaryimage\"},\"datePublished\":\"2016-03-24T12:13:42+00:00\",\"dateModified\":\"2023-06-21T12:24:37+00:00\",\"inLanguage\":\"fr-FR\",\"potentialAction\":[{\"@type\":\"ReadAction\",\"target\":[\"https:\/\/waste2oil.eu\/\"]}]}]}<\/script>\n<!-- \/ Yoast SEO plugin. -->","_links":{"self":[{"href":"https:\/\/waste2oil.eu\/fr\/wp-json\/wp\/v2\/pages\/1396"}],"collection":[{"href":"https:\/\/waste2oil.eu\/fr\/wp-json\/wp\/v2\/pages"}],"about":[{"href":"https:\/\/waste2oil.eu\/fr\/wp-json\/wp\/v2\/types\/page"}],"author":[{"embeddable":true,"href":"https:\/\/waste2oil.eu\/fr\/wp-json\/wp\/v2\/users\/1"}],"replies":[{"embeddable":true,"href":"https:\/\/waste2oil.eu\/fr\/wp-json\/wp\/v2\/comments?post=1396"}],"version-history":[{"count":577,"href":"https:\/\/waste2oil.eu\/fr\/wp-json\/wp\/v2\/pages\/1396\/revisions"}],"predecessor-version":[{"id":3230,"href":"https:\/\/waste2oil.eu\/fr\/wp-json\/wp\/v2\/pages\/1396\/revisions\/3230"}],"wp:attachment":[{"href":"https:\/\/waste2oil.eu\/fr\/wp-json\/wp\/v2\/media?parent=1396"}],"curies":[{"name":"wp","href":"https:\/\/api.w.org\/{rel}","templated":true}]}}