{"id":1697,"date":"2020-08-31T08:48:45","date_gmt":"2020-08-31T08:48:45","guid":{"rendered":"http:\/\/waste2oil.eu\/?page_id=1697"},"modified":"2021-05-30T11:35:16","modified_gmt":"2021-05-30T11:35:16","slug":"plastic-waste","status":"publish","type":"page","link":"https:\/\/waste2oil.eu\/fr\/plastic-waste\/","title":{"rendered":"Plastic waste"},"content":{"rendered":"<h5>D\u00e9chets plastiques<\/h5>\n<p style=\"color: #7a7a7a; font-size: 18px;\">Certains plastiques ne valent pas le co\u00fbt de leur recyclage..<\/p>\n<p style=\"color: #7a7a7a; font-size: 18px;\">Pour nous, ils en valent la peine..<\/p>\n<p>\t\t\t\t\t\t\t\t\t\t<img width=\"1024\" height=\"683\" src=\"https:\/\/waste2oil.eu\/wp-content\/uploads\/2020\/08\/Waste-plastics-2-1024x683.jpg\" alt=\"\" loading=\"lazy\" srcset=\"https:\/\/waste2oil.eu\/wp-content\/uploads\/2020\/08\/Waste-plastics-2-1024x683.jpg 1024w, https:\/\/waste2oil.eu\/wp-content\/uploads\/2020\/08\/Waste-plastics-2-300x200.jpg 300w, https:\/\/waste2oil.eu\/wp-content\/uploads\/2020\/08\/Waste-plastics-2-768x512.jpg 768w, https:\/\/waste2oil.eu\/wp-content\/uploads\/2020\/08\/Waste-plastics-2-1536x1024.jpg 1536w, https:\/\/waste2oil.eu\/wp-content\/uploads\/2020\/08\/Waste-plastics-2-2048x1365.jpg 2048w\" sizes=\"(max-width: 1024px) 100vw, 1024px\" \/>\t\t\t\t\t\t\t\t\t\t\t<\/p>\n<h4>Selon une \u00e9tude de l&#8217;Universit\u00e9 d&#8217;Oxford, sur les d\u00e9chets plastiques produits entre 1950 et 2015, seuls 9% de ceux-ci ont \u00e9t\u00e9 recycl\u00e9s.<\/h4>\n<h6>Plastiques susceptibles de se transformer en huile<\/h6>\n<h2>Symbole<\/h2>\n<h2>Polym\u00e8re<\/h2>\n<h2>Usages courants<\/h2>\n<h2>Photo<\/h2>\n<p>\t\t\t\t\t\t\t\t\t\t<img width=\"856\" height=\"970\" src=\"https:\/\/waste2oil.eu\/wp-content\/uploads\/2020\/09\/2.png\" alt=\"\" loading=\"lazy\" srcset=\"https:\/\/waste2oil.eu\/wp-content\/uploads\/2020\/09\/2.png 856w, https:\/\/waste2oil.eu\/wp-content\/uploads\/2020\/09\/2-265x300.png 265w, https:\/\/waste2oil.eu\/wp-content\/uploads\/2020\/09\/2-768x870.png 768w\" sizes=\"(max-width: 856px) 100vw, 856px\" \/>\t\t\t\t\t\t\t\t\t\t\t<\/p>\n<p style=\"text-align: center;\"><strong>Poly\u00e9thyl\u00e8ne de haute densit\u00e9<\/strong><\/p>\n<p style=\"text-align: center;\">Contenants de lait, agents de nettoyage, bouteilles de shampoing, bouteilles d&#8217;eau de Javel<\/p>\n<p>\t\t\t\t\t\t\t\t\t\t<img width=\"71\" height=\"104\" src=\"https:\/\/waste2oil.eu\/wp-content\/uploads\/2020\/09\/Flaska2.jpg\" alt=\"\" loading=\"lazy\" \/><br \/>\n\t\t\t\t\t\t\t\t\t\t<img width=\"856\" height=\"970\" src=\"https:\/\/waste2oil.eu\/wp-content\/uploads\/2020\/09\/4.png\" alt=\"\" loading=\"lazy\" srcset=\"https:\/\/waste2oil.eu\/wp-content\/uploads\/2020\/09\/4.png 856w, https:\/\/waste2oil.eu\/wp-content\/uploads\/2020\/09\/4-265x300.png 265w, https:\/\/waste2oil.eu\/wp-content\/uploads\/2020\/09\/4-768x870.png 768w\" sizes=\"(max-width: 856px) 100vw, 856px\" \/>\t\t\t\t\t\t\t\t\t\t\t<\/p>\n<p style=\"text-align: center;\"><strong>Poly\u00e9thyl\u00e8ne basse densit\u00e9<\/strong><\/p>\n<p style=\"text-align: center;\">Sacs en plastique, emballage alimentaire (p. Ex. Pain, fruits, l\u00e9gumes)<\/p>\n<p>\t\t\t\t\t\t\t\t\t\t<img width=\"100\" height=\"93\" src=\"https:\/\/waste2oil.eu\/wp-content\/uploads\/2020\/09\/Flaska4.jpg\" alt=\"\" loading=\"lazy\" \/><br \/>\n\t\t\t\t\t\t\t\t\t\t<img width=\"856\" height=\"970\" src=\"https:\/\/waste2oil.eu\/wp-content\/uploads\/2020\/09\/5.png\" alt=\"\" loading=\"lazy\" srcset=\"https:\/\/waste2oil.eu\/wp-content\/uploads\/2020\/09\/5.png 856w, https:\/\/waste2oil.eu\/wp-content\/uploads\/2020\/09\/5-265x300.png 265w, https:\/\/waste2oil.eu\/wp-content\/uploads\/2020\/09\/5-768x870.png 768w\" sizes=\"(max-width: 856px) 100vw, 856px\" \/>\t\t\t\t\t\t\t\t\t\t\t<\/p>\n<p style=\"text-align: center;\"><strong>Polypropyl\u00e8ne <\/strong><\/p>\n<p style=\"text-align: center;\">Couvercles de bouteilles, bacs \u00e0 nourriture, meubles, articles m\u00e9nagers, d\u00e9chets m\u00e9dicaux, corde, pi\u00e8ces automobiles<\/p>\n<p>\t\t\t\t\t\t\t\t\t\t<img width=\"89\" height=\"102\" src=\"https:\/\/waste2oil.eu\/wp-content\/uploads\/2020\/09\/Flaska5a.jpg\" alt=\"\" loading=\"lazy\" \/><br \/>\n\t\t\t\t\t\t\t\t\t\t<img width=\"856\" height=\"970\" src=\"https:\/\/waste2oil.eu\/wp-content\/uploads\/2020\/09\/7.png\" alt=\"\" loading=\"lazy\" srcset=\"https:\/\/waste2oil.eu\/wp-content\/uploads\/2020\/09\/7.png 856w, https:\/\/waste2oil.eu\/wp-content\/uploads\/2020\/09\/7-265x300.png 265w, https:\/\/waste2oil.eu\/wp-content\/uploads\/2020\/09\/7-768x870.png 768w\" sizes=\"(max-width: 856px) 100vw, 856px\" \/>\t\t\t\t\t\t\t\t\t\t\t<\/p>\n<p style=\"text-align: center;\"><strong>Autre plastique<\/strong> (par ex. Acrylique, polycarbonate, fibres polylactiques)<\/p>\n<p style=\"text-align: center;\">Biberons, tasses pour b\u00e9b\u00e9, fibre de verre. Tous les plastiques ne peuvent pas \u00eatre utilis\u00e9s, ils sont soumis \u00e0 des tests de mat\u00e9riaux)<\/p>\n<p>\t\t\t\t\t\t\t\t\t\t<img width=\"99\" height=\"90\" src=\"https:\/\/waste2oil.eu\/wp-content\/uploads\/2020\/09\/Flaska7.jpg\" alt=\"\" loading=\"lazy\" \/>\t\t\t\t\t\t\t\t\t\t\t<\/p>\n<h6>Plastiques qui ne peuvent pas se transformer en huile<\/h6>\n<h2>Symbole<\/h2>\n<h2>Polym\u00e8re<\/h2>\n<h2>Usages courants<\/h2>\n<h2>Photo<\/h2>\n<p>\t\t\t\t\t\t\t\t\t\t<img width=\"856\" height=\"970\" src=\"https:\/\/waste2oil.eu\/wp-content\/uploads\/2020\/09\/1Xaa.png\" alt=\"\" loading=\"lazy\" srcset=\"https:\/\/waste2oil.eu\/wp-content\/uploads\/2020\/09\/1Xaa.png 856w, https:\/\/waste2oil.eu\/wp-content\/uploads\/2020\/09\/1Xaa-265x300.png 265w, https:\/\/waste2oil.eu\/wp-content\/uploads\/2020\/09\/1Xaa-768x870.png 768w\" sizes=\"(max-width: 856px) 100vw, 856px\" \/>\t\t\t\t\t\t\t\t\t\t\t<\/p>\n<p style=\"text-align: center;\"><strong>Poly\u00e9thyl\u00e8ne t\u00e9r\u00e9phtalate<\/strong><\/p>\n<p style=\"text-align: center;\">Bouteilles en plastique (eau, boissons gazeuses, huile de cuisson)<\/p>\n<p>\t\t\t\t\t\t\t\t\t\t<img width=\"76\" height=\"71\" src=\"https:\/\/waste2oil.eu\/wp-content\/uploads\/2020\/09\/Flaska1.jpg\" alt=\"\" loading=\"lazy\" \/><br \/>\n\t\t\t\t\t\t\t\t\t\t<img width=\"856\" height=\"970\" src=\"https:\/\/waste2oil.eu\/wp-content\/uploads\/2020\/09\/3X.png\" alt=\"\" loading=\"lazy\" srcset=\"https:\/\/waste2oil.eu\/wp-content\/uploads\/2020\/09\/3X.png 856w, https:\/\/waste2oil.eu\/wp-content\/uploads\/2020\/09\/3X-265x300.png 265w, https:\/\/waste2oil.eu\/wp-content\/uploads\/2020\/09\/3X-768x870.png 768w\" sizes=\"(max-width: 856px) 100vw, 856px\" \/>\t\t\t\t\t\t\t\t\t\t\t<\/p>\n<p style=\"text-align: center;\"><strong>Chlorure de polyvinyle<\/strong><\/p>\n<p style=\"text-align: center;\">Tuyauterie en plastique, rev\u00eatement de sol en vinyle, rev\u00eatement de toit, isolation des c\u00e2bles<\/p>\n<p>\t\t\t\t\t\t\t\t\t\t<img width=\"108\" height=\"105\" src=\"https:\/\/waste2oil.eu\/wp-content\/uploads\/2020\/09\/Flaska3.jpg\" alt=\"\" loading=\"lazy\" \/><br \/>\n\t\t\t\t\t\t\t\t\t\t<img width=\"856\" height=\"970\" src=\"https:\/\/waste2oil.eu\/wp-content\/uploads\/2020\/09\/6x.png\" alt=\"\" loading=\"lazy\" srcset=\"https:\/\/waste2oil.eu\/wp-content\/uploads\/2020\/09\/6x.png 856w, https:\/\/waste2oil.eu\/wp-content\/uploads\/2020\/09\/6x-265x300.png 265w, https:\/\/waste2oil.eu\/wp-content\/uploads\/2020\/09\/6x-768x870.png 768w\" sizes=\"(max-width: 856px) 100vw, 856px\" \/>\t\t\t\t\t\t\t\t\t\t\t<\/p>\n<p style=\"text-align: center;\"><strong>Polystyr\u00e8ne<\/strong><\/p>\n<p style=\"text-align: center;\">Contenants alimentaires \u00e0 emporter, couverts en plastique, plateau \u00e0 \u0153ufs (seulement jusqu&#8217;\u00e0 3% de plastique m\u00e9lang\u00e9)<\/p>\n<p>\t\t\t\t\t\t\t\t\t\t<img width=\"97\" height=\"84\" src=\"https:\/\/waste2oil.eu\/wp-content\/uploads\/2020\/09\/Flaska6.jpg\" alt=\"\" loading=\"lazy\" \/>\t\t\t\t\t\t\t\t\t\t\t<\/p>\n<h4>\nLe PETE et le PVC contiennent environ 30% d&#8217;oxyg\u00e8ne, l&#8217;unit\u00e9 Waste2oil fonctionne en cycle ferm\u00e9<br \/> sans acc\u00e8s \u00e0 l&#8217;oxyg\u00e8ne.<\/h4>\n","protected":false},"excerpt":{"rendered":"<p>D\u00e9chets plastiques Certains plastiques ne valent pas le co\u00fbt de leur recyclage.. Pour nous, ils en valent la peine.. Selon une \u00e9tude de l&#8217;Universit\u00e9 d&#8217;Oxford, sur les d\u00e9chets plastiques produits entre 1950 et 2015, seuls 9% de ceux-ci ont \u00e9t\u00e9 recycl\u00e9s. Plastiques susceptibles de se transformer en huile Symbole Polym\u00e8re Usages courants Photo Poly\u00e9thyl\u00e8ne de [&hellip;]<\/p>\n","protected":false},"author":1,"featured_media":0,"parent":0,"menu_order":0,"comment_status":"closed","ping_status":"closed","template":"template-page-builders.php","meta":[],"translation":{"provider":"WPGlobus","version":"2.7.3","language":"fr","enabled_languages":["en","es","fr","it","ru","zh"],"languages":{"en":{"title":true,"content":true,"excerpt":false},"es":{"title":true,"content":true,"excerpt":false},"fr":{"title":false,"content":true,"excerpt":false},"it":{"title":false,"content":true,"excerpt":false},"ru":{"title":false,"content":true,"excerpt":false},"zh":{"title":false,"content":true,"excerpt":false}}},"yoast_head":"<!-- This site is optimized with the Yoast SEO plugin v15.3 - https:\/\/yoast.com\/wordpress\/plugins\/seo\/ -->\n<title>- Waste2oil<\/title>\n<meta name=\"robots\" content=\"index, follow, max-snippet:-1, max-image-preview:large, max-video-preview:-1\" \/>\n<link rel=\"canonical\" href=\"https:\/\/waste2oil.eu\/plastic-waste\/\" \/>\n<meta property=\"og:locale\" content=\"fr_FR\" \/>\n<meta property=\"og:type\" content=\"article\" \/>\n<meta property=\"og:title\" content=\"- Waste2oil\" \/>\n<meta property=\"og:url\" content=\"https:\/\/waste2oil.eu\/plastic-waste\/\" \/>\n<meta property=\"og:site_name\" content=\"Waste2oil\" \/>\n<meta property=\"article:modified_time\" content=\"2021-05-30T11:35:16+00:00\" \/>\n<meta property=\"og:image\" content=\"https:\/\/waste2oil.eu\/wp-content\/uploads\/2020\/08\/Waste-plastics-2-1024x683.jpg\" \/>\n<meta name=\"twitter:card\" content=\"summary_large_image\" \/>\n<meta name=\"twitter:label1\" content=\"Written by\">\n\t<meta name=\"twitter:data1\" content=\"admin\">\n\t<meta name=\"twitter:label2\" content=\"Est. reading time\">\n\t<meta name=\"twitter:data2\" content=\"3 minutes\">\n<script type=\"application\/ld+json\" class=\"yoast-schema-graph\">{\"@context\":\"https:\/\/schema.org\",\"@graph\":[{\"@type\":\"WebSite\",\"@id\":\"https:\/\/waste2oil.eu\/#website\",\"url\":\"https:\/\/waste2oil.eu\/\",\"name\":\"Waste2oil\",\"description\":\"From waste we make oil\",\"potentialAction\":[{\"@type\":\"SearchAction\",\"target\":\"https:\/\/waste2oil.eu\/?s={search_term_string}\",\"query-input\":\"required name=search_term_string\"}],\"inLanguage\":\"fr-FR\"},{\"@type\":\"ImageObject\",\"@id\":\"https:\/\/waste2oil.eu\/plastic-waste\/#primaryimage\",\"inLanguage\":\"fr-FR\",\"url\":\"https:\/\/waste2oil.eu\/wp-content\/uploads\/2020\/08\/Waste-plastics-2-1024x683.jpg\"},{\"@type\":\"WebPage\",\"@id\":\"https:\/\/waste2oil.eu\/plastic-waste\/#webpage\",\"url\":\"https:\/\/waste2oil.eu\/plastic-waste\/\",\"name\":\" - Waste2oil\",\"isPartOf\":{\"@id\":\"https:\/\/waste2oil.eu\/#website\"},\"primaryImageOfPage\":{\"@id\":\"https:\/\/waste2oil.eu\/plastic-waste\/#primaryimage\"},\"datePublished\":\"2020-08-31T08:48:45+00:00\",\"dateModified\":\"2021-05-30T11:35:16+00:00\",\"inLanguage\":\"fr-FR\",\"potentialAction\":[{\"@type\":\"ReadAction\",\"target\":[\"https:\/\/waste2oil.eu\/plastic-waste\/\"]}]}]}<\/script>\n<!-- \/ Yoast SEO plugin. -->","_links":{"self":[{"href":"https:\/\/waste2oil.eu\/fr\/wp-json\/wp\/v2\/pages\/1697"}],"collection":[{"href":"https:\/\/waste2oil.eu\/fr\/wp-json\/wp\/v2\/pages"}],"about":[{"href":"https:\/\/waste2oil.eu\/fr\/wp-json\/wp\/v2\/types\/page"}],"author":[{"embeddable":true,"href":"https:\/\/waste2oil.eu\/fr\/wp-json\/wp\/v2\/users\/1"}],"replies":[{"embeddable":true,"href":"https:\/\/waste2oil.eu\/fr\/wp-json\/wp\/v2\/comments?post=1697"}],"version-history":[{"count":57,"href":"https:\/\/waste2oil.eu\/fr\/wp-json\/wp\/v2\/pages\/1697\/revisions"}],"predecessor-version":[{"id":3053,"href":"https:\/\/waste2oil.eu\/fr\/wp-json\/wp\/v2\/pages\/1697\/revisions\/3053"}],"wp:attachment":[{"href":"https:\/\/waste2oil.eu\/fr\/wp-json\/wp\/v2\/media?parent=1697"}],"curies":[{"name":"wp","href":"https:\/\/api.w.org\/{rel}","templated":true}]}}