{"id":1726,"date":"2020-08-31T16:40:41","date_gmt":"2020-08-31T16:40:41","guid":{"rendered":"http:\/\/waste2oil.eu\/?page_id=1726"},"modified":"2023-06-21T11:54:29","modified_gmt":"2023-06-21T11:54:29","slug":"about-us","status":"publish","type":"page","link":"https:\/\/waste2oil.eu\/fr\/about-us\/","title":{"rendered":"About us"},"content":{"rendered":"<h5>\u00c0 propos de nous<\/h5>\n<p>Nous sommes une \u00e9quipe de sp\u00e9cialistes qui commande la reconnaissance et le respect non seulement entre les concurrents, mais \u00e9galement appr\u00e9ci\u00e9s et reconnus au niveau acad\u00e9mique.<\/p>\n<p>Nous avons une coop\u00e9ration \u00e9troite avec plusieurs universit\u00e9s de premier plan.<\/p>\n<p>Waste2oil rassemble des professionnels poss\u00e9dant les meilleures connaissances pratiques et des scientifiques ayant une exp\u00e9rience p\u00e9dagogique dans le domaine de l&#8217;environnement.<\/p>\n<p>\t\t\t\t\t\t\t\t\t\t<img width=\"1024\" height=\"640\" src=\"https:\/\/waste2oil.eu\/wp-content\/uploads\/2020\/08\/meeting-1024x640.jpg\" alt=\"\" loading=\"lazy\" srcset=\"https:\/\/waste2oil.eu\/wp-content\/uploads\/2020\/08\/meeting-1024x640.jpg 1024w, https:\/\/waste2oil.eu\/wp-content\/uploads\/2020\/08\/meeting-300x188.jpg 300w, https:\/\/waste2oil.eu\/wp-content\/uploads\/2020\/08\/meeting-768x480.jpg 768w, https:\/\/waste2oil.eu\/wp-content\/uploads\/2020\/08\/meeting-1536x960.jpg 1536w, https:\/\/waste2oil.eu\/wp-content\/uploads\/2020\/08\/meeting.jpg 1920w\" sizes=\"(max-width: 1024px) 100vw, 1024px\" \/>\t\t\t\t\t\t\t\t\t\t\t<\/p>\n<p>\u00a0<\/p>\n<p>\u00a0<\/p>\n<p>\u00a0<\/p>\n","protected":false},"excerpt":{"rendered":"<p>\u00c0 propos de nous Nous sommes une \u00e9quipe de sp\u00e9cialistes qui commande la reconnaissance et le respect non seulement entre les concurrents, mais \u00e9galement appr\u00e9ci\u00e9s et reconnus au niveau acad\u00e9mique. Nous avons une coop\u00e9ration \u00e9troite avec plusieurs universit\u00e9s de premier plan. Waste2oil rassemble des professionnels poss\u00e9dant les meilleures connaissances pratiques et des scientifiques ayant une [&hellip;]<\/p>\n","protected":false},"author":1,"featured_media":0,"parent":0,"menu_order":0,"comment_status":"closed","ping_status":"closed","template":"elementor_header_footer","meta":[],"translation":{"provider":"WPGlobus","version":"2.7.3","language":"fr","enabled_languages":["en","es","fr","it","ru","zh"],"languages":{"en":{"title":true,"content":true,"excerpt":false},"es":{"title":true,"content":true,"excerpt":false},"fr":{"title":false,"content":true,"excerpt":false},"it":{"title":false,"content":true,"excerpt":false},"ru":{"title":false,"content":true,"excerpt":false},"zh":{"title":false,"content":true,"excerpt":false}}},"yoast_head":"<!-- This site is optimized with the Yoast SEO plugin v15.3 - https:\/\/yoast.com\/wordpress\/plugins\/seo\/ -->\n<title>- Waste2oil<\/title>\n<meta name=\"robots\" content=\"index, follow, max-snippet:-1, max-image-preview:large, max-video-preview:-1\" \/>\n<link rel=\"canonical\" href=\"https:\/\/waste2oil.eu\/about-us\/\" \/>\n<meta property=\"og:locale\" content=\"fr_FR\" \/>\n<meta property=\"og:type\" content=\"article\" \/>\n<meta property=\"og:title\" content=\"- Waste2oil\" \/>\n<meta property=\"og:url\" content=\"https:\/\/waste2oil.eu\/about-us\/\" \/>\n<meta property=\"og:site_name\" content=\"Waste2oil\" \/>\n<meta property=\"article:modified_time\" content=\"2023-06-21T11:54:29+00:00\" \/>\n<meta property=\"og:image\" content=\"https:\/\/waste2oil.eu\/wp-content\/uploads\/2020\/08\/meeting-1024x640.jpg\" \/>\n<meta name=\"twitter:card\" content=\"summary_large_image\" \/>\n<meta name=\"twitter:label1\" content=\"Written by\">\n\t<meta name=\"twitter:data1\" content=\"admin\">\n\t<meta name=\"twitter:label2\" content=\"Est. reading time\">\n\t<meta name=\"twitter:data2\" content=\"1 minute\">\n<script type=\"application\/ld+json\" class=\"yoast-schema-graph\">{\"@context\":\"https:\/\/schema.org\",\"@graph\":[{\"@type\":\"WebSite\",\"@id\":\"https:\/\/waste2oil.eu\/#website\",\"url\":\"https:\/\/waste2oil.eu\/\",\"name\":\"Waste2oil\",\"description\":\"From waste we make oil\",\"potentialAction\":[{\"@type\":\"SearchAction\",\"target\":\"https:\/\/waste2oil.eu\/?s={search_term_string}\",\"query-input\":\"required name=search_term_string\"}],\"inLanguage\":\"fr-FR\"},{\"@type\":\"ImageObject\",\"@id\":\"https:\/\/waste2oil.eu\/about-us\/#primaryimage\",\"inLanguage\":\"fr-FR\",\"url\":\"https:\/\/waste2oil.eu\/wp-content\/uploads\/2020\/08\/meeting.jpg\",\"width\":1920,\"height\":1200},{\"@type\":\"WebPage\",\"@id\":\"https:\/\/waste2oil.eu\/about-us\/#webpage\",\"url\":\"https:\/\/waste2oil.eu\/about-us\/\",\"name\":\" - Waste2oil\",\"isPartOf\":{\"@id\":\"https:\/\/waste2oil.eu\/#website\"},\"primaryImageOfPage\":{\"@id\":\"https:\/\/waste2oil.eu\/about-us\/#primaryimage\"},\"datePublished\":\"2020-08-31T16:40:41+00:00\",\"dateModified\":\"2023-06-21T11:54:29+00:00\",\"inLanguage\":\"fr-FR\",\"potentialAction\":[{\"@type\":\"ReadAction\",\"target\":[\"https:\/\/waste2oil.eu\/about-us\/\"]}]}]}<\/script>\n<!-- \/ Yoast SEO plugin. -->","_links":{"self":[{"href":"https:\/\/waste2oil.eu\/fr\/wp-json\/wp\/v2\/pages\/1726"}],"collection":[{"href":"https:\/\/waste2oil.eu\/fr\/wp-json\/wp\/v2\/pages"}],"about":[{"href":"https:\/\/waste2oil.eu\/fr\/wp-json\/wp\/v2\/types\/page"}],"author":[{"embeddable":true,"href":"https:\/\/waste2oil.eu\/fr\/wp-json\/wp\/v2\/users\/1"}],"replies":[{"embeddable":true,"href":"https:\/\/waste2oil.eu\/fr\/wp-json\/wp\/v2\/comments?post=1726"}],"version-history":[{"count":22,"href":"https:\/\/waste2oil.eu\/fr\/wp-json\/wp\/v2\/pages\/1726\/revisions"}],"predecessor-version":[{"id":3039,"href":"https:\/\/waste2oil.eu\/fr\/wp-json\/wp\/v2\/pages\/1726\/revisions\/3039"}],"wp:attachment":[{"href":"https:\/\/waste2oil.eu\/fr\/wp-json\/wp\/v2\/media?parent=1726"}],"curies":[{"name":"wp","href":"https:\/\/api.w.org\/{rel}","templated":true}]}}