{"id":1797,"date":"2020-09-03T16:36:04","date_gmt":"2020-09-03T16:36:04","guid":{"rendered":"http:\/\/waste2oil.eu\/?page_id=1797"},"modified":"2021-05-30T11:33:45","modified_gmt":"2021-05-30T11:33:45","slug":"used-tyres","status":"publish","type":"page","link":"https:\/\/waste2oil.eu\/fr\/used-tyres\/","title":{"rendered":"Used tyres"},"content":{"rendered":"<h5>Pneus usag\u00e9s<\/h5>\n<p>Les pneus usag\u00e9s sont les d\u00e9chets id\u00e9aux pour l&#8217;unit\u00e9 Waste2oil.<\/p>\n<p>Des pneus, il n&#8217;est pas n\u00e9cessaire de retirer les fils d&#8217;acier et les fibres.<\/p>\n<p>L&#8217;acier restant apr\u00e8s le processus de recyclage est comprim\u00e9 et utilis\u00e9 pour un traitement ult\u00e9rieur dans l&#8217;industrie sid\u00e9rurgique.<\/p>\n<p>La taille des miettes de pneus peut atteindre 3 cm.<\/p>\n<p>\t\t\t\t\t\t\t\t\t\t<img width=\"1024\" height=\"682\" src=\"https:\/\/waste2oil.eu\/wp-content\/uploads\/2020\/08\/Waste-tires-2-1024x682.jpg\" alt=\"\" loading=\"lazy\" srcset=\"https:\/\/waste2oil.eu\/wp-content\/uploads\/2020\/08\/Waste-tires-2-1024x682.jpg 1024w, https:\/\/waste2oil.eu\/wp-content\/uploads\/2020\/08\/Waste-tires-2-300x200.jpg 300w, https:\/\/waste2oil.eu\/wp-content\/uploads\/2020\/08\/Waste-tires-2-768x511.jpg 768w, https:\/\/waste2oil.eu\/wp-content\/uploads\/2020\/08\/Waste-tires-2-1536x1023.jpg 1536w, https:\/\/waste2oil.eu\/wp-content\/uploads\/2020\/08\/Waste-tires-2-2048x1364.jpg 2048w\" sizes=\"(max-width: 1024px) 100vw, 1024px\" \/>\t\t\t\t\t\t\t\t\t\t\t<\/p>\n<h4>Chaque ann\u00e9e, les automobiles produisent plus d&#8217;un milliard de pneus de rebut dans le monde. <br \/>L&#8217;industrie du recyclage ne traite que 100 millions de pneus chaque ann\u00e9e.<\/h4>\n<h6>Faits sur les pneus<\/h6>\n<ul>\n<li>\n\t\t\t\t\t\t\t\t\t\tLe nombre de pneus usag\u00e9s \u00e0 faible dur\u00e9e de vie augmente chaque ann\u00e9e\n\t\t\t\t\t\t\t\t\t<\/li>\n<li>\n\t\t\t\t\t\t\t\t\t\tLes pneus sont non biod\u00e9gradables, non fusibles, insolubles\n\t\t\t\t\t\t\t\t\t<\/li>\n<li>\n\t\t\t\t\t\t\t\t\t\tL&#8217;accumulation de ce type de d\u00e9chets pose un probl\u00e8me environnemental important\n\t\t\t\t\t\t\t\t\t<\/li>\n<li>\n\t\t\t\t\t\t\t\t\t\tDiff\u00e9rents types de pneus ont des compositions chimiques similaires\n\t\t\t\t\t\t\t\t\t<\/li>\n<li>\n\t\t\t\t\t\t\t\t\t\tLa plus grande quantit\u00e9 de pneus est mise en d\u00e9charge, seule une partie du total est recycl\u00e9e par diverses techniques: <br \/> &#8211; comme combustible dans les fours \u00e0 ciment <br \/> &#8211; comme additifs aux enrob\u00e9s utilis\u00e9s sur les routes <br \/> &#8211; dans les incin\u00e9rateurs ou la co-incin\u00e9ration avec charbon <br \/> &#8211; comme mati\u00e8re premi\u00e8re dans l&#8217;industrie du caoutchouc, telle que mati\u00e8re premi\u00e8re pour les rev\u00eatements routiers, etc.)\n\t\t\t\t\t\t\t\t\t<\/li>\n<\/ul>\n","protected":false},"excerpt":{"rendered":"<p>Pneus usag\u00e9s Les pneus usag\u00e9s sont les d\u00e9chets id\u00e9aux pour l&#8217;unit\u00e9 Waste2oil. Des pneus, il n&#8217;est pas n\u00e9cessaire de retirer les fils d&#8217;acier et les fibres. L&#8217;acier restant apr\u00e8s le processus de recyclage est comprim\u00e9 et utilis\u00e9 pour un traitement ult\u00e9rieur dans l&#8217;industrie sid\u00e9rurgique. La taille des miettes de pneus peut atteindre 3 cm. Chaque [&hellip;]<\/p>\n","protected":false},"author":1,"featured_media":0,"parent":0,"menu_order":0,"comment_status":"closed","ping_status":"closed","template":"elementor_header_footer","meta":[],"translation":{"provider":"WPGlobus","version":"2.7.3","language":"fr","enabled_languages":["en","es","fr","it","ru","zh"],"languages":{"en":{"title":true,"content":true,"excerpt":false},"es":{"title":true,"content":true,"excerpt":false},"fr":{"title":false,"content":true,"excerpt":false},"it":{"title":false,"content":true,"excerpt":false},"ru":{"title":false,"content":true,"excerpt":false},"zh":{"title":false,"content":true,"excerpt":false}}},"yoast_head":"<!-- This site is optimized with the Yoast SEO plugin v15.3 - https:\/\/yoast.com\/wordpress\/plugins\/seo\/ -->\n<title>- Waste2oil<\/title>\n<meta name=\"robots\" content=\"index, follow, max-snippet:-1, max-image-preview:large, max-video-preview:-1\" \/>\n<link rel=\"canonical\" href=\"https:\/\/waste2oil.eu\/used-tyres\/\" \/>\n<meta property=\"og:locale\" content=\"fr_FR\" \/>\n<meta property=\"og:type\" content=\"article\" \/>\n<meta property=\"og:title\" content=\"- Waste2oil\" \/>\n<meta property=\"og:url\" content=\"https:\/\/waste2oil.eu\/used-tyres\/\" \/>\n<meta property=\"og:site_name\" content=\"Waste2oil\" \/>\n<meta property=\"article:modified_time\" content=\"2021-05-30T11:33:45+00:00\" \/>\n<meta property=\"og:image\" content=\"https:\/\/waste2oil.eu\/wp-content\/uploads\/2020\/08\/Waste-tires-2-1024x682.jpg\" \/>\n<meta name=\"twitter:card\" content=\"summary_large_image\" \/>\n<meta name=\"twitter:label1\" content=\"Written by\">\n\t<meta name=\"twitter:data1\" content=\"admin\">\n\t<meta name=\"twitter:label2\" content=\"Est. reading time\">\n\t<meta name=\"twitter:data2\" content=\"3 minutes\">\n<script type=\"application\/ld+json\" class=\"yoast-schema-graph\">{\"@context\":\"https:\/\/schema.org\",\"@graph\":[{\"@type\":\"WebSite\",\"@id\":\"https:\/\/waste2oil.eu\/#website\",\"url\":\"https:\/\/waste2oil.eu\/\",\"name\":\"Waste2oil\",\"description\":\"From waste we make oil\",\"potentialAction\":[{\"@type\":\"SearchAction\",\"target\":\"https:\/\/waste2oil.eu\/?s={search_term_string}\",\"query-input\":\"required name=search_term_string\"}],\"inLanguage\":\"fr-FR\"},{\"@type\":\"ImageObject\",\"@id\":\"https:\/\/waste2oil.eu\/used-tyres\/#primaryimage\",\"inLanguage\":\"fr-FR\",\"url\":\"https:\/\/waste2oil.eu\/wp-content\/uploads\/2020\/08\/Waste-tires-2-1024x682.jpg\"},{\"@type\":\"WebPage\",\"@id\":\"https:\/\/waste2oil.eu\/used-tyres\/#webpage\",\"url\":\"https:\/\/waste2oil.eu\/used-tyres\/\",\"name\":\" - Waste2oil\",\"isPartOf\":{\"@id\":\"https:\/\/waste2oil.eu\/#website\"},\"primaryImageOfPage\":{\"@id\":\"https:\/\/waste2oil.eu\/used-tyres\/#primaryimage\"},\"datePublished\":\"2020-09-03T16:36:04+00:00\",\"dateModified\":\"2021-05-30T11:33:45+00:00\",\"inLanguage\":\"fr-FR\",\"potentialAction\":[{\"@type\":\"ReadAction\",\"target\":[\"https:\/\/waste2oil.eu\/used-tyres\/\"]}]}]}<\/script>\n<!-- \/ Yoast SEO plugin. -->","_links":{"self":[{"href":"https:\/\/waste2oil.eu\/fr\/wp-json\/wp\/v2\/pages\/1797"}],"collection":[{"href":"https:\/\/waste2oil.eu\/fr\/wp-json\/wp\/v2\/pages"}],"about":[{"href":"https:\/\/waste2oil.eu\/fr\/wp-json\/wp\/v2\/types\/page"}],"author":[{"embeddable":true,"href":"https:\/\/waste2oil.eu\/fr\/wp-json\/wp\/v2\/users\/1"}],"replies":[{"embeddable":true,"href":"https:\/\/waste2oil.eu\/fr\/wp-json\/wp\/v2\/comments?post=1797"}],"version-history":[{"count":28,"href":"https:\/\/waste2oil.eu\/fr\/wp-json\/wp\/v2\/pages\/1797\/revisions"}],"predecessor-version":[{"id":3052,"href":"https:\/\/waste2oil.eu\/fr\/wp-json\/wp\/v2\/pages\/1797\/revisions\/3052"}],"wp:attachment":[{"href":"https:\/\/waste2oil.eu\/fr\/wp-json\/wp\/v2\/media?parent=1797"}],"curies":[{"name":"wp","href":"https:\/\/api.w.org\/{rel}","templated":true}]}}