{"id":1831,"date":"2020-09-08T15:25:05","date_gmt":"2020-09-08T15:25:05","guid":{"rendered":"http:\/\/waste2oil.eu\/?page_id=1831"},"modified":"2021-05-26T17:09:36","modified_gmt":"2021-05-26T17:09:36","slug":"used-face-masks","status":"publish","type":"page","link":"https:\/\/waste2oil.eu\/fr\/used-face-masks\/","title":{"rendered":"Used face masks"},"content":{"rendered":"<h5>Masques faciaux usag\u00e9s<\/h5>\n<p>..un d\u00e9sastre environnemental qui pourrait durer des g\u00e9n\u00e9rations.<\/p>\n<p>Gr\u00e2ce \u00e0 notre technologie, nous pouvons en cr\u00e9er une huile de haute qualit\u00e9 pour r\u00e9duire les d\u00e9chets de masque facial.<\/p>\n<p>\t\t\t\t\t\t\t\t\t\t<img width=\"1024\" height=\"682\" src=\"https:\/\/waste2oil.eu\/wp-content\/uploads\/2020\/08\/Waste-face-mask-scaled-e1598687780641-1024x682.jpg\" alt=\"\" loading=\"lazy\" srcset=\"https:\/\/waste2oil.eu\/wp-content\/uploads\/2020\/08\/Waste-face-mask-scaled-e1598687780641-1024x682.jpg 1024w, https:\/\/waste2oil.eu\/wp-content\/uploads\/2020\/08\/Waste-face-mask-scaled-e1598687780641-300x200.jpg 300w, https:\/\/waste2oil.eu\/wp-content\/uploads\/2020\/08\/Waste-face-mask-scaled-e1598687780641-768x512.jpg 768w, https:\/\/waste2oil.eu\/wp-content\/uploads\/2020\/08\/Waste-face-mask-scaled-e1598687780641-1536x1024.jpg 1536w, https:\/\/waste2oil.eu\/wp-content\/uploads\/2020\/08\/Waste-face-mask-scaled-e1598687780641-2048x1365.jpg 2048w\" sizes=\"(max-width: 1024px) 100vw, 1024px\" \/>\t\t\t\t\t\t\t\t\t\t\t<\/p>\n<h4>Les masques faciaux sont une obligation l\u00e9gale dans de nombreux espaces publics \u00e0 travers le monde.<br \/>\nMais avant m\u00eame qu&#8217;ils ne deviennent obligatoires, les masques causaient des probl\u00e8mes de d\u00e9chets sur terre et en mer.<\/h4>\n","protected":false},"excerpt":{"rendered":"<p>Masques faciaux usag\u00e9s ..un d\u00e9sastre environnemental qui pourrait durer des g\u00e9n\u00e9rations. Gr\u00e2ce \u00e0 notre technologie, nous pouvons en cr\u00e9er une huile de haute qualit\u00e9 pour r\u00e9duire les d\u00e9chets de masque facial. Les masques faciaux sont une obligation l\u00e9gale dans de nombreux espaces publics \u00e0 travers le monde. Mais avant m\u00eame qu&#8217;ils ne deviennent obligatoires, les [&hellip;]<\/p>\n","protected":false},"author":1,"featured_media":0,"parent":0,"menu_order":0,"comment_status":"closed","ping_status":"closed","template":"elementor_header_footer","meta":[],"translation":{"provider":"WPGlobus","version":"2.7.3","language":"fr","enabled_languages":["en","es","fr","it","ru","zh"],"languages":{"en":{"title":true,"content":true,"excerpt":false},"es":{"title":true,"content":true,"excerpt":false},"fr":{"title":false,"content":true,"excerpt":false},"it":{"title":false,"content":true,"excerpt":false},"ru":{"title":false,"content":true,"excerpt":false},"zh":{"title":false,"content":true,"excerpt":false}}},"yoast_head":"<!-- This site is optimized with the Yoast SEO plugin v15.3 - https:\/\/yoast.com\/wordpress\/plugins\/seo\/ -->\n<title>- Waste2oil<\/title>\n<meta name=\"robots\" content=\"index, follow, max-snippet:-1, max-image-preview:large, max-video-preview:-1\" \/>\n<link rel=\"canonical\" href=\"https:\/\/waste2oil.eu\/used-face-masks\/\" \/>\n<meta property=\"og:locale\" content=\"fr_FR\" \/>\n<meta property=\"og:type\" content=\"article\" \/>\n<meta property=\"og:title\" content=\"- Waste2oil\" \/>\n<meta property=\"og:url\" content=\"https:\/\/waste2oil.eu\/used-face-masks\/\" \/>\n<meta property=\"og:site_name\" content=\"Waste2oil\" \/>\n<meta property=\"article:modified_time\" content=\"2021-05-26T17:09:36+00:00\" \/>\n<meta property=\"og:image\" content=\"https:\/\/waste2oil.eu\/wp-content\/uploads\/2020\/08\/Waste-face-mask-scaled-e1598687780641-1024x682.jpg\" \/>\n<meta name=\"twitter:card\" content=\"summary_large_image\" \/>\n<meta name=\"twitter:label1\" content=\"Written by\">\n\t<meta name=\"twitter:data1\" content=\"admin\">\n\t<meta name=\"twitter:label2\" content=\"Est. reading time\">\n\t<meta name=\"twitter:data2\" content=\"1 minute\">\n<script type=\"application\/ld+json\" class=\"yoast-schema-graph\">{\"@context\":\"https:\/\/schema.org\",\"@graph\":[{\"@type\":\"WebSite\",\"@id\":\"https:\/\/waste2oil.eu\/#website\",\"url\":\"https:\/\/waste2oil.eu\/\",\"name\":\"Waste2oil\",\"description\":\"From waste we make oil\",\"potentialAction\":[{\"@type\":\"SearchAction\",\"target\":\"https:\/\/waste2oil.eu\/?s={search_term_string}\",\"query-input\":\"required name=search_term_string\"}],\"inLanguage\":\"fr-FR\"},{\"@type\":\"ImageObject\",\"@id\":\"https:\/\/waste2oil.eu\/used-face-masks\/#primaryimage\",\"inLanguage\":\"fr-FR\",\"url\":\"https:\/\/waste2oil.eu\/wp-content\/uploads\/2020\/08\/Waste-face-mask-scaled-e1598687780641.jpg\",\"width\":2560,\"height\":1706},{\"@type\":\"WebPage\",\"@id\":\"https:\/\/waste2oil.eu\/used-face-masks\/#webpage\",\"url\":\"https:\/\/waste2oil.eu\/used-face-masks\/\",\"name\":\" - Waste2oil\",\"isPartOf\":{\"@id\":\"https:\/\/waste2oil.eu\/#website\"},\"primaryImageOfPage\":{\"@id\":\"https:\/\/waste2oil.eu\/used-face-masks\/#primaryimage\"},\"datePublished\":\"2020-09-08T15:25:05+00:00\",\"dateModified\":\"2021-05-26T17:09:36+00:00\",\"inLanguage\":\"fr-FR\",\"potentialAction\":[{\"@type\":\"ReadAction\",\"target\":[\"https:\/\/waste2oil.eu\/used-face-masks\/\"]}]}]}<\/script>\n<!-- \/ Yoast SEO plugin. -->","_links":{"self":[{"href":"https:\/\/waste2oil.eu\/fr\/wp-json\/wp\/v2\/pages\/1831"}],"collection":[{"href":"https:\/\/waste2oil.eu\/fr\/wp-json\/wp\/v2\/pages"}],"about":[{"href":"https:\/\/waste2oil.eu\/fr\/wp-json\/wp\/v2\/types\/page"}],"author":[{"embeddable":true,"href":"https:\/\/waste2oil.eu\/fr\/wp-json\/wp\/v2\/users\/1"}],"replies":[{"embeddable":true,"href":"https:\/\/waste2oil.eu\/fr\/wp-json\/wp\/v2\/comments?post=1831"}],"version-history":[{"count":29,"href":"https:\/\/waste2oil.eu\/fr\/wp-json\/wp\/v2\/pages\/1831\/revisions"}],"predecessor-version":[{"id":3037,"href":"https:\/\/waste2oil.eu\/fr\/wp-json\/wp\/v2\/pages\/1831\/revisions\/3037"}],"wp:attachment":[{"href":"https:\/\/waste2oil.eu\/fr\/wp-json\/wp\/v2\/media?parent=1831"}],"curies":[{"name":"wp","href":"https:\/\/api.w.org\/{rel}","templated":true}]}}