{"id":1892,"date":"2020-09-09T12:27:00","date_gmt":"2020-09-09T12:27:00","guid":{"rendered":"http:\/\/waste2oil.eu\/?page_id=1892"},"modified":"2021-06-02T16:40:57","modified_gmt":"2021-06-02T16:40:57","slug":"carbon-black","status":"publish","type":"page","link":"https:\/\/waste2oil.eu\/fr\/carbon-black\/","title":{"rendered":"Carbon Black"},"content":{"rendered":"<h5>Noir carbone<\/h5>\n<p>Le noir de carbone est utilis\u00e9 comme agent de renforcement chimique dans le caoutchouc et comme agent colorant dans les industries des pigments. Ce prix du noir de carbone est tr\u00e8s comp\u00e9titif par rapport au noir de carbone de p\u00e9trole, donc le noir de carbone de notre unit\u00e9 Waste2oil est une meilleure alternative au noir de carbone de p\u00e9trole.<\/p>\n<p>\t\t\t\t\t\t\t\t\t\t<img width=\"710\" height=\"509\" src=\"https:\/\/waste2oil.eu\/wp-content\/uploads\/2020\/09\/Carbon-Black.jpg\" alt=\"\" loading=\"lazy\" srcset=\"https:\/\/waste2oil.eu\/wp-content\/uploads\/2020\/09\/Carbon-Black.jpg 710w, https:\/\/waste2oil.eu\/wp-content\/uploads\/2020\/09\/Carbon-Black-300x215.jpg 300w\" sizes=\"(max-width: 710px) 100vw, 710px\" \/>\t\t\t\t\t\t\t\t\t\t\t<\/p>\n<h2>Utilisation de noir de carbone<\/h2>\n<p>\t\t\t\t\t\t\t\t\t\t<img width=\"1024\" height=\"686\" src=\"https:\/\/waste2oil.eu\/wp-content\/uploads\/2020\/09\/New_tyres-1024x686.jpg\" alt=\"\" loading=\"lazy\" srcset=\"https:\/\/waste2oil.eu\/wp-content\/uploads\/2020\/09\/New_tyres-1024x686.jpg 1024w, https:\/\/waste2oil.eu\/wp-content\/uploads\/2020\/09\/New_tyres-300x201.jpg 300w, https:\/\/waste2oil.eu\/wp-content\/uploads\/2020\/09\/New_tyres-768x515.jpg 768w, https:\/\/waste2oil.eu\/wp-content\/uploads\/2020\/09\/New_tyres.jpg 1280w\" sizes=\"(max-width: 1024px) 100vw, 1024px\" \/>\t\t\t\t\t\t\t\t\t\t\t<\/p>\n<h3>pneus<\/h3>\n<p>Le noir de carbone est ajout\u00e9 au caoutchouc \u00e0 la fois comme charge et comme agent de renforcement ou de renforcement. Pour divers types de pneus, il est utilis\u00e9 dans les rev\u00eatements int\u00e9rieurs, les carcasses, les flancs et les bandes de roulement en utilisant diff\u00e9rents types en fonction d\u2019exigences de performance sp\u00e9cifiques.<\/p>\n<p>\t\t\t\t\t\t\t\t\t\t<img width=\"1024\" height=\"682\" src=\"https:\/\/waste2oil.eu\/wp-content\/uploads\/2020\/09\/Farming-1-1024x682.jpg\" alt=\"\" loading=\"lazy\" srcset=\"https:\/\/waste2oil.eu\/wp-content\/uploads\/2020\/09\/Farming-1-1024x682.jpg 1024w, https:\/\/waste2oil.eu\/wp-content\/uploads\/2020\/09\/Farming-1-300x200.jpg 300w, https:\/\/waste2oil.eu\/wp-content\/uploads\/2020\/09\/Farming-1-768x512.jpg 768w, https:\/\/waste2oil.eu\/wp-content\/uploads\/2020\/09\/Farming-1.jpg 1280w\" sizes=\"(max-width: 1024px) 100vw, 1024px\" \/>\t\t\t\t\t\t\t\t\t\t\t<\/p>\n<h3>agriculture<\/h3>\n<p>La mati\u00e8re carbon\u00e9e est appliqu\u00e9e au sol pour am\u00e9liorer la fertilit\u00e9 du sol et la s\u00e9questration du carbone. En tant qu\u2019effet secondaire positif, la mobilit\u00e9 des pesticides et le risque de contamination des eaux souterraines peuvent \u00eatre minimis\u00e9s. Vous pouvez en savoir plus <a href=\"http:\/\/www.econutrifert.com\">ici.<\/a><\/p>\n<p>\t\t\t\t\t\t\t\t\t\t<img width=\"1024\" height=\"682\" src=\"https:\/\/waste2oil.eu\/wp-content\/uploads\/2020\/09\/pipes-1024x682.jpg\" alt=\"\" loading=\"lazy\" srcset=\"https:\/\/waste2oil.eu\/wp-content\/uploads\/2020\/09\/pipes-1024x682.jpg 1024w, https:\/\/waste2oil.eu\/wp-content\/uploads\/2020\/09\/pipes-300x200.jpg 300w, https:\/\/waste2oil.eu\/wp-content\/uploads\/2020\/09\/pipes-768x512.jpg 768w, https:\/\/waste2oil.eu\/wp-content\/uploads\/2020\/09\/pipes.jpg 1280w\" sizes=\"(max-width: 1024px) 100vw, 1024px\" \/>\t\t\t\t\t\t\t\t\t\t\t<\/p>\n<h3>PLASTIQUES<\/h3>\n<p>Les noirs de carbone sont maintenant largement utilis\u00e9s pour les emballages conducteurs, les tuyaux en plastique, les films, les fibres, les moulages, les compos\u00e9s de c\u00e2bles semi-conducteurs dans des produits tels que les sacs \u00e0 ordures, les sacs industriels, les conteneurs photographiques, les films de paillage agricole, les emballages \u00e9tirables et les produits \u00e9lectriques \/ \u00e9lectroniques.<\/p>\n<p>\t\t\t\t\t\t\t\t\t\t<img width=\"1024\" height=\"682\" src=\"https:\/\/waste2oil.eu\/wp-content\/uploads\/2020\/09\/carbon-coating-1024x682.jpg\" alt=\"\" loading=\"lazy\" srcset=\"https:\/\/waste2oil.eu\/wp-content\/uploads\/2020\/09\/carbon-coating-1024x682.jpg 1024w, https:\/\/waste2oil.eu\/wp-content\/uploads\/2020\/09\/carbon-coating-300x200.jpg 300w, https:\/\/waste2oil.eu\/wp-content\/uploads\/2020\/09\/carbon-coating-768x512.jpg 768w, https:\/\/waste2oil.eu\/wp-content\/uploads\/2020\/09\/carbon-coating.jpg 1280w\" sizes=\"(max-width: 1024px) 100vw, 1024px\" \/>\t\t\t\t\t\t\t\t\t\t\t<\/p>\n<h3>Rev\u00eatements haute performance<\/h3>\n<p>Les noirs de carbone fournissent la pigmentation, la conductivit\u00e9 et la protection UV pour un certain nombre d\u2019applications de rev\u00eatement, y compris les rev\u00eatements automobiles (couches de base et vernis), marins, a\u00e9rospatiaux, d\u00e9coratifs, bois et industriels.<\/p>\n<p>\t\t\t\t\t\t\t\t\t\t<img width=\"1024\" height=\"682\" src=\"https:\/\/waste2oil.eu\/wp-content\/uploads\/2020\/09\/Toner-1024x682.jpg\" alt=\"\" loading=\"lazy\" srcset=\"https:\/\/waste2oil.eu\/wp-content\/uploads\/2020\/09\/Toner-1024x682.jpg 1024w, https:\/\/waste2oil.eu\/wp-content\/uploads\/2020\/09\/Toner-300x200.jpg 300w, https:\/\/waste2oil.eu\/wp-content\/uploads\/2020\/09\/Toner-768x512.jpg 768w, https:\/\/waste2oil.eu\/wp-content\/uploads\/2020\/09\/Toner.jpg 1280w\" sizes=\"(max-width: 1024px) 100vw, 1024px\" \/>\t\t\t\t\t\t\t\t\t\t\t<\/p>\n<h3>toners et encres<br \/> d&#8217;imprimerie<\/h3>\n<p>Les noirs de carbone am\u00e9liorent les formulations et offrent une grande flexibilit\u00e9 pour r\u00e9pondre aux exigences de couleur sp\u00e9cifiques.<\/p>\n<p>\t\t\t\t\t\t\t\t\t\t<img width=\"1024\" height=\"682\" src=\"https:\/\/waste2oil.eu\/wp-content\/uploads\/2020\/09\/Carbon-1024x682.jpg\" alt=\"\" loading=\"lazy\" srcset=\"https:\/\/waste2oil.eu\/wp-content\/uploads\/2020\/09\/Carbon-1024x682.jpg 1024w, https:\/\/waste2oil.eu\/wp-content\/uploads\/2020\/09\/Carbon-300x200.jpg 300w, https:\/\/waste2oil.eu\/wp-content\/uploads\/2020\/09\/Carbon-768x512.jpg 768w, https:\/\/waste2oil.eu\/wp-content\/uploads\/2020\/09\/Carbon.jpg 1280w\" sizes=\"(max-width: 1024px) 100vw, 1024px\" \/>\t\t\t\t\t\t\t\t\t\t\t<\/p>\n<h3>produits en caoutchouc industriels<\/h3>\n<p>Le noir de carbone est \u00e9galement utilis\u00e9 dans de nombreux produits en caoutchouc industriel moul\u00e9s et extrud\u00e9s, tels que les courroies, les tuyaux, les joints, les diaphragmes, les dispositifs d\u2019isolation des vibrations, les bagues, les ressorts pneumatiques, les pare-chocs de ch\u00e2ssis et plusieurs types de tampons, bottes, balais d\u2019essuie-glace, fascia, convoyeur roues et \u0153illets.<\/p>\n<h2>Autres domaines d&#8217;application<\/h2>\n<ul>\n<li>\n\t\t\t\t\t\t\t\t\t\tLutte contre l&#8217;incendie\n\t\t\t\t\t\t\t\t\t<\/li>\n<li>\n\t\t\t\t\t\t\t\t\t\tPi\u00e8ces d\u00e9tach\u00e9es automobiles\n\t\t\t\t\t\t\t\t\t<\/li>\n<li>\n\t\t\t\t\t\t\t\t\t\tBandes de support\n\t\t\t\t\t\t\t\t\t<\/li>\n<li>\n\t\t\t\t\t\t\t\t\t\tSac en nylon noir\n\t\t\t\t\t\t\t\t\t<\/li>\n<li>\n\t\t\t\t\t\t\t\t\t\tAdditif de caoutchouc\n\t\t\t\t\t\t\t\t\t<\/li>\n<li>\n\t\t\t\t\t\t\t\t\t\tGaine de c\u00e2ble \u00e9lectrique\n\t\t\t\t\t\t\t\t\t<\/li>\n<li>\n\t\t\t\t\t\t\t\t\t\tTuyau et paillasson\n\t\t\t\t\t\t\t\t\t<\/li>\n<li>\n\t\t\t\t\t\t\t\t\t\tIsolation thermique\n\t\t\t\t\t\t\t\t\t<\/li>\n<li>\n\t\t\t\t\t\t\t\t\t\tColorant noir dans les mat\u00e9riaux en caoutchouc\n\t\t\t\t\t\t\t\t\t<\/li>\n<li>\n\t\t\t\t\t\t\t\t\t\tAppareils \u00e9lectrom\u00e9nagers et contenants moul\u00e9s par soufflage\n\t\t\t\t\t\t\t\t\t<\/li>\n<li>\n\t\t\t\t\t\t\t\t\t\tApplications de moulage thermoplastique pour l&#8217;automobile\n\t\t\t\t\t\t\t\t\t<\/li>\n<\/ul>\n","protected":false},"excerpt":{"rendered":"<p>Noir carbone Le noir de carbone est utilis\u00e9 comme agent de renforcement chimique dans le caoutchouc et comme agent colorant dans les industries des pigments. Ce prix du noir de carbone est tr\u00e8s comp\u00e9titif par rapport au noir de carbone de p\u00e9trole, donc le noir de carbone de notre unit\u00e9 Waste2oil est une meilleure alternative [&hellip;]<\/p>\n","protected":false},"author":1,"featured_media":0,"parent":0,"menu_order":0,"comment_status":"closed","ping_status":"closed","template":"elementor_header_footer","meta":[],"translation":{"provider":"WPGlobus","version":"2.7.3","language":"fr","enabled_languages":["en","es","fr","it","ru","zh"],"languages":{"en":{"title":true,"content":true,"excerpt":false},"es":{"title":true,"content":true,"excerpt":false},"fr":{"title":false,"content":true,"excerpt":false},"it":{"title":false,"content":true,"excerpt":false},"ru":{"title":false,"content":true,"excerpt":false},"zh":{"title":false,"content":true,"excerpt":false}}},"yoast_head":"<!-- This site is optimized with the Yoast SEO plugin v15.3 - https:\/\/yoast.com\/wordpress\/plugins\/seo\/ -->\n<title>- Waste2oil<\/title>\n<meta name=\"robots\" content=\"index, follow, max-snippet:-1, max-image-preview:large, max-video-preview:-1\" \/>\n<link rel=\"canonical\" href=\"https:\/\/waste2oil.eu\/carbon-black\/\" \/>\n<meta property=\"og:locale\" content=\"fr_FR\" \/>\n<meta property=\"og:type\" content=\"article\" \/>\n<meta property=\"og:title\" content=\"- Waste2oil\" \/>\n<meta property=\"og:url\" content=\"https:\/\/waste2oil.eu\/carbon-black\/\" \/>\n<meta property=\"og:site_name\" content=\"Waste2oil\" \/>\n<meta property=\"article:modified_time\" content=\"2021-06-02T16:40:57+00:00\" \/>\n<meta property=\"og:image\" content=\"https:\/\/waste2oil.eu\/wp-content\/uploads\/2020\/09\/Carbon-Black.jpg\" \/>\n<meta name=\"twitter:card\" content=\"summary_large_image\" \/>\n<meta name=\"twitter:label1\" content=\"Written by\">\n\t<meta name=\"twitter:data1\" content=\"admin\">\n\t<meta name=\"twitter:label2\" content=\"Est. reading time\">\n\t<meta name=\"twitter:data2\" content=\"6 minutes\">\n<script type=\"application\/ld+json\" class=\"yoast-schema-graph\">{\"@context\":\"https:\/\/schema.org\",\"@graph\":[{\"@type\":\"WebSite\",\"@id\":\"https:\/\/waste2oil.eu\/#website\",\"url\":\"https:\/\/waste2oil.eu\/\",\"name\":\"Waste2oil\",\"description\":\"From waste we make oil\",\"potentialAction\":[{\"@type\":\"SearchAction\",\"target\":\"https:\/\/waste2oil.eu\/?s={search_term_string}\",\"query-input\":\"required name=search_term_string\"}],\"inLanguage\":\"fr-FR\"},{\"@type\":\"ImageObject\",\"@id\":\"https:\/\/waste2oil.eu\/carbon-black\/#primaryimage\",\"inLanguage\":\"fr-FR\",\"url\":\"https:\/\/waste2oil.eu\/wp-content\/uploads\/2020\/09\/Carbon-Black.jpg\",\"width\":710,\"height\":509,\"caption\":\"charcoal powder isolated on white background\"},{\"@type\":\"WebPage\",\"@id\":\"https:\/\/waste2oil.eu\/carbon-black\/#webpage\",\"url\":\"https:\/\/waste2oil.eu\/carbon-black\/\",\"name\":\" - Waste2oil\",\"isPartOf\":{\"@id\":\"https:\/\/waste2oil.eu\/#website\"},\"primaryImageOfPage\":{\"@id\":\"https:\/\/waste2oil.eu\/carbon-black\/#primaryimage\"},\"datePublished\":\"2020-09-09T12:27:00+00:00\",\"dateModified\":\"2021-06-02T16:40:57+00:00\",\"inLanguage\":\"fr-FR\",\"potentialAction\":[{\"@type\":\"ReadAction\",\"target\":[\"https:\/\/waste2oil.eu\/carbon-black\/\"]}]}]}<\/script>\n<!-- \/ Yoast SEO plugin. -->","_links":{"self":[{"href":"https:\/\/waste2oil.eu\/fr\/wp-json\/wp\/v2\/pages\/1892"}],"collection":[{"href":"https:\/\/waste2oil.eu\/fr\/wp-json\/wp\/v2\/pages"}],"about":[{"href":"https:\/\/waste2oil.eu\/fr\/wp-json\/wp\/v2\/types\/page"}],"author":[{"embeddable":true,"href":"https:\/\/waste2oil.eu\/fr\/wp-json\/wp\/v2\/users\/1"}],"replies":[{"embeddable":true,"href":"https:\/\/waste2oil.eu\/fr\/wp-json\/wp\/v2\/comments?post=1892"}],"version-history":[{"count":48,"href":"https:\/\/waste2oil.eu\/fr\/wp-json\/wp\/v2\/pages\/1892\/revisions"}],"predecessor-version":[{"id":3076,"href":"https:\/\/waste2oil.eu\/fr\/wp-json\/wp\/v2\/pages\/1892\/revisions\/3076"}],"wp:attachment":[{"href":"https:\/\/waste2oil.eu\/fr\/wp-json\/wp\/v2\/media?parent=1892"}],"curies":[{"name":"wp","href":"https:\/\/api.w.org\/{rel}","templated":true}]}}