{"id":1928,"date":"2020-09-12T19:40:16","date_gmt":"2020-09-12T19:40:16","guid":{"rendered":"http:\/\/waste2oil.eu\/?page_id=1928"},"modified":"2021-05-30T11:05:31","modified_gmt":"2021-05-30T11:05:31","slug":"gas","status":"publish","type":"page","link":"https:\/\/waste2oil.eu\/fr\/gas\/","title":{"rendered":"Gas"},"content":{"rendered":"<h5>Gaz<\/h5>\n<p>Le gaz peut \u00eatre utilis\u00e9 pour alimenter des turbines \u00e0 gaz afin de produire de l&#8217;\u00e9nergie pour son utilisation, sans qu&#8217;il soit n\u00e9cessaire de se connecter en permanence \u00e0 une source d&#8217;alimentation externe pour leur fonctionnement.<\/p>\n<p>L&#8217;unit\u00e9 est alors autonome et peut \u00eatre plac\u00e9e n&#8217;importe o\u00f9, m\u00eame sur l&#8217;\u00eele.<\/p>\n<p>Le gaz de proc\u00e9d\u00e9 est presque toujours, en raison de son stockage et de sa compressibilit\u00e9 difficiles, utilis\u00e9 comme combustible \u00e0 fort potentiel \u00e9nerg\u00e9tique.<\/p>\n<p>\t\t\t\t\t\t\t\t\t\t<img width=\"700\" height=\"345\" src=\"https:\/\/waste2oil.eu\/wp-content\/uploads\/2021\/03\/Turbine_new.png\" alt=\"\" loading=\"lazy\" srcset=\"https:\/\/waste2oil.eu\/wp-content\/uploads\/2021\/03\/Turbine_new.png 700w, https:\/\/waste2oil.eu\/wp-content\/uploads\/2021\/03\/Turbine_new-300x148.png 300w, https:\/\/waste2oil.eu\/wp-content\/uploads\/2021\/03\/Turbine_new-600x296.png 600w\" sizes=\"(max-width: 700px) 100vw, 700px\" \/><\/p>\n","protected":false},"excerpt":{"rendered":"<p>Gaz Le gaz peut \u00eatre utilis\u00e9 pour alimenter des turbines \u00e0 gaz afin de produire de l&#8217;\u00e9nergie pour son utilisation, sans qu&#8217;il soit n\u00e9cessaire de se connecter en permanence \u00e0 une source d&#8217;alimentation externe pour leur fonctionnement. L&#8217;unit\u00e9 est alors autonome et peut \u00eatre plac\u00e9e n&#8217;importe o\u00f9, m\u00eame sur l&#8217;\u00eele. Le gaz de proc\u00e9d\u00e9 est [&hellip;]<\/p>\n","protected":false},"author":1,"featured_media":0,"parent":0,"menu_order":0,"comment_status":"closed","ping_status":"closed","template":"elementor_header_footer","meta":[],"translation":{"provider":"WPGlobus","version":"2.7.3","language":"fr","enabled_languages":["en","es","fr","it","ru","zh"],"languages":{"en":{"title":true,"content":true,"excerpt":false},"es":{"title":true,"content":true,"excerpt":false},"fr":{"title":false,"content":true,"excerpt":false},"it":{"title":false,"content":true,"excerpt":false},"ru":{"title":false,"content":true,"excerpt":false},"zh":{"title":false,"content":true,"excerpt":false}}},"yoast_head":"<!-- This site is optimized with the Yoast SEO plugin v15.3 - https:\/\/yoast.com\/wordpress\/plugins\/seo\/ -->\n<title>- Waste2oil<\/title>\n<meta name=\"robots\" content=\"index, follow, max-snippet:-1, max-image-preview:large, max-video-preview:-1\" \/>\n<link rel=\"canonical\" href=\"https:\/\/waste2oil.eu\/gas\/\" \/>\n<meta property=\"og:locale\" content=\"fr_FR\" \/>\n<meta property=\"og:type\" content=\"article\" \/>\n<meta property=\"og:title\" content=\"- Waste2oil\" \/>\n<meta property=\"og:url\" content=\"https:\/\/waste2oil.eu\/gas\/\" \/>\n<meta property=\"og:site_name\" content=\"Waste2oil\" \/>\n<meta property=\"article:modified_time\" content=\"2021-05-30T11:05:31+00:00\" \/>\n<meta property=\"og:image\" content=\"https:\/\/waste2oil.eu\/wp-content\/uploads\/2021\/03\/Turbine_new.png\" \/>\n<meta name=\"twitter:card\" content=\"summary_large_image\" \/>\n<meta name=\"twitter:label1\" content=\"Written by\">\n\t<meta name=\"twitter:data1\" content=\"admin\">\n\t<meta name=\"twitter:label2\" content=\"Est. reading time\">\n\t<meta name=\"twitter:data2\" content=\"1 minute\">\n<script type=\"application\/ld+json\" class=\"yoast-schema-graph\">{\"@context\":\"https:\/\/schema.org\",\"@graph\":[{\"@type\":\"WebSite\",\"@id\":\"https:\/\/waste2oil.eu\/#website\",\"url\":\"https:\/\/waste2oil.eu\/\",\"name\":\"Waste2oil\",\"description\":\"From waste we make oil\",\"potentialAction\":[{\"@type\":\"SearchAction\",\"target\":\"https:\/\/waste2oil.eu\/?s={search_term_string}\",\"query-input\":\"required name=search_term_string\"}],\"inLanguage\":\"fr-FR\"},{\"@type\":\"ImageObject\",\"@id\":\"https:\/\/waste2oil.eu\/gas\/#primaryimage\",\"inLanguage\":\"fr-FR\",\"url\":\"https:\/\/waste2oil.eu\/wp-content\/uploads\/2021\/03\/Turbine_new.png\",\"width\":700,\"height\":345},{\"@type\":\"WebPage\",\"@id\":\"https:\/\/waste2oil.eu\/gas\/#webpage\",\"url\":\"https:\/\/waste2oil.eu\/gas\/\",\"name\":\" - Waste2oil\",\"isPartOf\":{\"@id\":\"https:\/\/waste2oil.eu\/#website\"},\"primaryImageOfPage\":{\"@id\":\"https:\/\/waste2oil.eu\/gas\/#primaryimage\"},\"datePublished\":\"2020-09-12T19:40:16+00:00\",\"dateModified\":\"2021-05-30T11:05:31+00:00\",\"inLanguage\":\"fr-FR\",\"potentialAction\":[{\"@type\":\"ReadAction\",\"target\":[\"https:\/\/waste2oil.eu\/gas\/\"]}]}]}<\/script>\n<!-- \/ Yoast SEO plugin. -->","_links":{"self":[{"href":"https:\/\/waste2oil.eu\/fr\/wp-json\/wp\/v2\/pages\/1928"}],"collection":[{"href":"https:\/\/waste2oil.eu\/fr\/wp-json\/wp\/v2\/pages"}],"about":[{"href":"https:\/\/waste2oil.eu\/fr\/wp-json\/wp\/v2\/types\/page"}],"author":[{"embeddable":true,"href":"https:\/\/waste2oil.eu\/fr\/wp-json\/wp\/v2\/users\/1"}],"replies":[{"embeddable":true,"href":"https:\/\/waste2oil.eu\/fr\/wp-json\/wp\/v2\/comments?post=1928"}],"version-history":[{"count":20,"href":"https:\/\/waste2oil.eu\/fr\/wp-json\/wp\/v2\/pages\/1928\/revisions"}],"predecessor-version":[{"id":3048,"href":"https:\/\/waste2oil.eu\/fr\/wp-json\/wp\/v2\/pages\/1928\/revisions\/3048"}],"wp:attachment":[{"href":"https:\/\/waste2oil.eu\/fr\/wp-json\/wp\/v2\/media?parent=1928"}],"curies":[{"name":"wp","href":"https:\/\/api.w.org\/{rel}","templated":true}]}}