{"id":1934,"date":"2020-09-13T20:53:07","date_gmt":"2020-09-13T20:53:07","guid":{"rendered":"http:\/\/waste2oil.eu\/?page_id=1934"},"modified":"2021-05-26T14:49:49","modified_gmt":"2021-05-26T14:49:49","slug":"oil","status":"publish","type":"page","link":"https:\/\/waste2oil.eu\/fr\/oil\/","title":{"rendered":"Oil"},"content":{"rendered":"<h5>Huile<\/h5>\n<p>L&#8217;huile est une substance liquide obtenue apr\u00e8s le processus dans l&#8217;unit\u00e9 Waste2oil. Il s&#8217;agit d&#8217;un m\u00e9lange complexe de mol\u00e9cules g\u00e9n\u00e9ralement constitu\u00e9 de plus de 100 compos\u00e9s diff\u00e9rents issus des produits trait\u00e9s dans l&#8217;unit\u00e9 Waste2oil.<\/p>\n<p>Les tests en laboratoire de l&#8217;huile issue de la technologie Waste2oil r\u00e9alis\u00e9e \u00e0 Londres montrent que l&#8217;huile a une composition similaire \u00e0 celle du diesel, de sorte que l&#8217;huile a un large \u00e9ventail d&#8217;utilisations.<\/p>\n<p>\t\t\t\t\t\t\t\t\t\t<img width=\"599\" height=\"440\" src=\"https:\/\/waste2oil.eu\/wp-content\/uploads\/2020\/08\/Oil1.jpg\" alt=\"\" loading=\"lazy\" srcset=\"https:\/\/waste2oil.eu\/wp-content\/uploads\/2020\/08\/Oil1.jpg 599w, https:\/\/waste2oil.eu\/wp-content\/uploads\/2020\/08\/Oil1-300x220.jpg 300w\" sizes=\"(max-width: 599px) 100vw, 599px\" \/>\t\t\t\t\t\t\t\t\t\t\t<\/p>\n<h6>L&#8217;huile de haute qualit\u00e9 peut \u00eatre utilis\u00e9e dans plusieurs applications<\/h6>\n<p>\t\t\t\t\t\t\t\t\t\t<img width=\"1024\" height=\"683\" src=\"https:\/\/waste2oil.eu\/wp-content\/uploads\/2020\/09\/energy-1024x683.jpg\" alt=\"\" loading=\"lazy\" srcset=\"https:\/\/waste2oil.eu\/wp-content\/uploads\/2020\/09\/energy-1024x683.jpg 1024w, https:\/\/waste2oil.eu\/wp-content\/uploads\/2020\/09\/energy-300x200.jpg 300w, https:\/\/waste2oil.eu\/wp-content\/uploads\/2020\/09\/energy-768x512.jpg 768w, https:\/\/waste2oil.eu\/wp-content\/uploads\/2020\/09\/energy-1536x1024.jpg 1536w, https:\/\/waste2oil.eu\/wp-content\/uploads\/2020\/09\/energy-2048x1365.jpg 2048w\" sizes=\"(max-width: 1024px) 100vw, 1024px\" \/>\t\t\t\t\t\t\t\t\t\t\t<\/p>\n<h3>\u00c9nergie<\/h3>\n<p>L&#8217;huile issue de la technologie Waste2oil a une structure similaire \u00e0 celle du diesel. C&#8217;est pourquoi peut \u00eatre utilis\u00e9 dans les g\u00e9n\u00e9rateurs diesel pour produire de l&#8217;\u00e9lectricit\u00e9.<\/p>\n<p>\t\t\t\t\t\t\t\t\t\t<img width=\"1024\" height=\"682\" src=\"https:\/\/waste2oil.eu\/wp-content\/uploads\/2020\/09\/radiator-1024x682.jpg\" alt=\"\" loading=\"lazy\" srcset=\"https:\/\/waste2oil.eu\/wp-content\/uploads\/2020\/09\/radiator-1024x682.jpg 1024w, https:\/\/waste2oil.eu\/wp-content\/uploads\/2020\/09\/radiator-300x200.jpg 300w, https:\/\/waste2oil.eu\/wp-content\/uploads\/2020\/09\/radiator-768x512.jpg 768w, https:\/\/waste2oil.eu\/wp-content\/uploads\/2020\/09\/radiator.jpg 1280w\" sizes=\"(max-width: 1024px) 100vw, 1024px\" \/>\t\t\t\t\t\t\t\t\t\t\t<\/p>\n<h3>Production de chaleur<\/h3>\n<p>Le processus Waste2oil produit du noir de carbone, de l&#8217;huile et du gaz qui peuvent \u00eatre br\u00fbl\u00e9s pour produire de la chaleur.<\/p>\n<p>\t\t\t\t\t\t\t\t\t\t<img width=\"1024\" height=\"682\" src=\"https:\/\/waste2oil.eu\/wp-content\/uploads\/2020\/09\/aircon2-1024x682.jpg\" alt=\"\" loading=\"lazy\" srcset=\"https:\/\/waste2oil.eu\/wp-content\/uploads\/2020\/09\/aircon2-1024x682.jpg 1024w, https:\/\/waste2oil.eu\/wp-content\/uploads\/2020\/09\/aircon2-300x200.jpg 300w, https:\/\/waste2oil.eu\/wp-content\/uploads\/2020\/09\/aircon2-768x512.jpg 768w, https:\/\/waste2oil.eu\/wp-content\/uploads\/2020\/09\/aircon2.jpg 1280w\" sizes=\"(max-width: 1024px) 100vw, 1024px\" \/>\t\t\t\t\t\t\t\t\t\t\t<\/p>\n<h3>Refroidissement<\/h3>\n<p>Environ 40% de l&#8217;\u00e9lectricit\u00e9 dans le monde est utilis\u00e9e pour la climatisation. \u00c0 partir de la chaleur perdue, nous pouvons g\u00e9n\u00e9rer une quantit\u00e9 importante de refroidissement.<\/p>\n<p>\t\t\t\t\t\t\t\t\t\t<img width=\"1024\" height=\"682\" src=\"https:\/\/waste2oil.eu\/wp-content\/uploads\/2020\/09\/ship1-1024x682.jpg\" alt=\"\" loading=\"lazy\" srcset=\"https:\/\/waste2oil.eu\/wp-content\/uploads\/2020\/09\/ship1-1024x682.jpg 1024w, https:\/\/waste2oil.eu\/wp-content\/uploads\/2020\/09\/ship1-300x200.jpg 300w, https:\/\/waste2oil.eu\/wp-content\/uploads\/2020\/09\/ship1-768x512.jpg 768w, https:\/\/waste2oil.eu\/wp-content\/uploads\/2020\/09\/ship1.jpg 1280w\" sizes=\"(max-width: 1024px) 100vw, 1024px\" \/>\t\t\t\t\t\t\t\t\t\t\t<\/p>\n<h3>Transport<\/h3>\n<p>L&#8217;huile peut \u00eatre utilis\u00e9e comme carburant pour les navires, les camions, les bus et dans les moteurs diesel plus anciens sans injection directe de carburant.<\/p>\n<p>\t\t\t\t\t\t\t\t\t\t<img width=\"1024\" height=\"682\" src=\"https:\/\/waste2oil.eu\/wp-content\/uploads\/2020\/09\/refinery2-1024x682.jpg\" alt=\"\" loading=\"lazy\" srcset=\"https:\/\/waste2oil.eu\/wp-content\/uploads\/2020\/09\/refinery2-1024x682.jpg 1024w, https:\/\/waste2oil.eu\/wp-content\/uploads\/2020\/09\/refinery2-300x200.jpg 300w, https:\/\/waste2oil.eu\/wp-content\/uploads\/2020\/09\/refinery2-768x512.jpg 768w, https:\/\/waste2oil.eu\/wp-content\/uploads\/2020\/09\/refinery2.jpg 1280w\" sizes=\"(max-width: 1024px) 100vw, 1024px\" \/>\t\t\t\t\t\t\t\t\t\t\t<\/p>\n<h3>Raffinerie<\/h3>\n<p>Le p\u00e9trole peut \u00eatre ajout\u00e9 au carburant commun dans l&#8217;industrie des raffineries. Notre huile de haute qualit\u00e9 n&#8217;a pas besoin d&#8217;\u00eatre trait\u00e9e ou nettoy\u00e9e.<\/p>\n<p>\t\t\t\t\t\t\t\t\t\t<img width=\"1024\" height=\"682\" src=\"https:\/\/waste2oil.eu\/wp-content\/uploads\/2020\/09\/Petrochemical-1024x682.jpg\" alt=\"\" loading=\"lazy\" srcset=\"https:\/\/waste2oil.eu\/wp-content\/uploads\/2020\/09\/Petrochemical-1024x682.jpg 1024w, https:\/\/waste2oil.eu\/wp-content\/uploads\/2020\/09\/Petrochemical-300x200.jpg 300w, https:\/\/waste2oil.eu\/wp-content\/uploads\/2020\/09\/Petrochemical-768x512.jpg 768w, https:\/\/waste2oil.eu\/wp-content\/uploads\/2020\/09\/Petrochemical.jpg 1280w\" sizes=\"(max-width: 1024px) 100vw, 1024px\" \/>\t\t\t\t\t\t\t\t\t\t\t<\/p>\n<h3>P\u00e9trochimique<\/h3>\n<p>Industrie p\u00e9trochimique fabriquant des plastiques \u00e0 partir du p\u00e9trole. Nous g\u00e9n\u00e9rons de l&#8217;huile \u00e0 partir de plastiques qui peut \u00eatre utilis\u00e9e pour fabriquer de nouveaux plastiques.<\/p>\n","protected":false},"excerpt":{"rendered":"<p>Huile L&#8217;huile est une substance liquide obtenue apr\u00e8s le processus dans l&#8217;unit\u00e9 Waste2oil. Il s&#8217;agit d&#8217;un m\u00e9lange complexe de mol\u00e9cules g\u00e9n\u00e9ralement constitu\u00e9 de plus de 100 compos\u00e9s diff\u00e9rents issus des produits trait\u00e9s dans l&#8217;unit\u00e9 Waste2oil. Les tests en laboratoire de l&#8217;huile issue de la technologie Waste2oil r\u00e9alis\u00e9e \u00e0 Londres montrent que l&#8217;huile a une composition [&hellip;]<\/p>\n","protected":false},"author":1,"featured_media":0,"parent":0,"menu_order":0,"comment_status":"closed","ping_status":"closed","template":"elementor_header_footer","meta":[],"translation":{"provider":"WPGlobus","version":"2.7.3","language":"fr","enabled_languages":["en","es","fr","it","ru","zh"],"languages":{"en":{"title":true,"content":true,"excerpt":false},"es":{"title":true,"content":true,"excerpt":false},"fr":{"title":false,"content":true,"excerpt":false},"it":{"title":false,"content":true,"excerpt":false},"ru":{"title":false,"content":true,"excerpt":false},"zh":{"title":false,"content":true,"excerpt":false}}},"yoast_head":"<!-- This site is optimized with the Yoast SEO plugin v15.3 - https:\/\/yoast.com\/wordpress\/plugins\/seo\/ -->\n<title>- Waste2oil<\/title>\n<meta name=\"robots\" content=\"index, follow, max-snippet:-1, max-image-preview:large, max-video-preview:-1\" \/>\n<link rel=\"canonical\" href=\"https:\/\/waste2oil.eu\/oil\/\" \/>\n<meta property=\"og:locale\" content=\"fr_FR\" \/>\n<meta property=\"og:type\" content=\"article\" \/>\n<meta property=\"og:title\" content=\"- Waste2oil\" \/>\n<meta property=\"og:url\" content=\"https:\/\/waste2oil.eu\/oil\/\" \/>\n<meta property=\"og:site_name\" content=\"Waste2oil\" \/>\n<meta property=\"article:modified_time\" content=\"2021-05-26T14:49:49+00:00\" \/>\n<meta property=\"og:image\" content=\"https:\/\/waste2oil.eu\/wp-content\/uploads\/2020\/08\/Oil1.jpg\" \/>\n<meta name=\"twitter:card\" content=\"summary_large_image\" \/>\n<meta name=\"twitter:label1\" content=\"Written by\">\n\t<meta name=\"twitter:data1\" content=\"admin\">\n\t<meta name=\"twitter:label2\" content=\"Est. reading time\">\n\t<meta name=\"twitter:data2\" content=\"4 minutes\">\n<script type=\"application\/ld+json\" class=\"yoast-schema-graph\">{\"@context\":\"https:\/\/schema.org\",\"@graph\":[{\"@type\":\"WebSite\",\"@id\":\"https:\/\/waste2oil.eu\/#website\",\"url\":\"https:\/\/waste2oil.eu\/\",\"name\":\"Waste2oil\",\"description\":\"From waste we make oil\",\"potentialAction\":[{\"@type\":\"SearchAction\",\"target\":\"https:\/\/waste2oil.eu\/?s={search_term_string}\",\"query-input\":\"required name=search_term_string\"}],\"inLanguage\":\"fr-FR\"},{\"@type\":\"ImageObject\",\"@id\":\"https:\/\/waste2oil.eu\/oil\/#primaryimage\",\"inLanguage\":\"fr-FR\",\"url\":\"https:\/\/waste2oil.eu\/wp-content\/uploads\/2020\/08\/Oil1.jpg\",\"width\":599,\"height\":440},{\"@type\":\"WebPage\",\"@id\":\"https:\/\/waste2oil.eu\/oil\/#webpage\",\"url\":\"https:\/\/waste2oil.eu\/oil\/\",\"name\":\" - Waste2oil\",\"isPartOf\":{\"@id\":\"https:\/\/waste2oil.eu\/#website\"},\"primaryImageOfPage\":{\"@id\":\"https:\/\/waste2oil.eu\/oil\/#primaryimage\"},\"datePublished\":\"2020-09-13T20:53:07+00:00\",\"dateModified\":\"2021-05-26T14:49:49+00:00\",\"inLanguage\":\"fr-FR\",\"potentialAction\":[{\"@type\":\"ReadAction\",\"target\":[\"https:\/\/waste2oil.eu\/oil\/\"]}]}]}<\/script>\n<!-- \/ Yoast SEO plugin. -->","_links":{"self":[{"href":"https:\/\/waste2oil.eu\/fr\/wp-json\/wp\/v2\/pages\/1934"}],"collection":[{"href":"https:\/\/waste2oil.eu\/fr\/wp-json\/wp\/v2\/pages"}],"about":[{"href":"https:\/\/waste2oil.eu\/fr\/wp-json\/wp\/v2\/types\/page"}],"author":[{"embeddable":true,"href":"https:\/\/waste2oil.eu\/fr\/wp-json\/wp\/v2\/users\/1"}],"replies":[{"embeddable":true,"href":"https:\/\/waste2oil.eu\/fr\/wp-json\/wp\/v2\/comments?post=1934"}],"version-history":[{"count":39,"href":"https:\/\/waste2oil.eu\/fr\/wp-json\/wp\/v2\/pages\/1934\/revisions"}],"predecessor-version":[{"id":3024,"href":"https:\/\/waste2oil.eu\/fr\/wp-json\/wp\/v2\/pages\/1934\/revisions\/3024"}],"wp:attachment":[{"href":"https:\/\/waste2oil.eu\/fr\/wp-json\/wp\/v2\/media?parent=1934"}],"curies":[{"name":"wp","href":"https:\/\/api.w.org\/{rel}","templated":true}]}}