{"id":1946,"date":"2020-09-15T11:19:54","date_gmt":"2020-09-15T11:19:54","guid":{"rendered":"http:\/\/waste2oil.eu\/?page_id=1946"},"modified":"2022-05-06T05:19:43","modified_gmt":"2022-05-06T05:19:43","slug":"waste-to-energy-technology","status":"publish","type":"page","link":"https:\/\/waste2oil.eu\/fr\/waste-to-energy-technology\/","title":{"rendered":"Waste to energy technology"},"content":{"rendered":"<h5>Technologie Waste2oil<\/h5>\n<p>\t\t\t<a href=\"https:\/\/waste2oil.eu\/fr\/tdu-700\/\" role=\"button\"><br \/>\n\t\t\t\t\t\tTDU 700<br \/>\n\t\t\t\t\t<\/a><\/p>\n<p>L&#8217;unit\u00e9 mobile d&#8217;une capacit\u00e9 allant jusqu&#8217;\u00e0 700 kg \/ h se concentre sur un rendement maximal et la plus haute qualit\u00e9 de fraction liquide.<\/p>\n<p>\t\t\t<a href=\"https:\/\/waste2oil.eu\/fr\/tdu-1000\/\" role=\"button\"><br \/>\n\t\t\t\t\t\tTDU 1000<br \/>\n\t\t\t\t\t<\/a><\/p>\n<p>L&#8217;unit\u00e9 mobile d&#8217;une capacit\u00e9 de 1000 kg \/ h est d\u00e9velopp\u00e9e et construite pour le recyclage des pneus usag\u00e9s.<\/p>\n","protected":false},"excerpt":{"rendered":"<p>Technologie Waste2oil TDU 700 L&#8217;unit\u00e9 mobile d&#8217;une capacit\u00e9 allant jusqu&#8217;\u00e0 700 kg \/ h se concentre sur un rendement maximal et la plus haute qualit\u00e9 de fraction liquide. TDU 1000 L&#8217;unit\u00e9 mobile d&#8217;une capacit\u00e9 de 1000 kg \/ h est d\u00e9velopp\u00e9e et construite pour le recyclage des pneus usag\u00e9s.<\/p>\n","protected":false},"author":1,"featured_media":0,"parent":0,"menu_order":0,"comment_status":"closed","ping_status":"closed","template":"elementor_header_footer","meta":[],"translation":{"provider":"WPGlobus","version":"2.7.3","language":"fr","enabled_languages":["en","es","fr","it","ru","zh"],"languages":{"en":{"title":true,"content":true,"excerpt":false},"es":{"title":true,"content":true,"excerpt":false},"fr":{"title":false,"content":true,"excerpt":false},"it":{"title":false,"content":true,"excerpt":false},"ru":{"title":false,"content":true,"excerpt":false},"zh":{"title":false,"content":true,"excerpt":false}}},"yoast_head":"<!-- This site is optimized with the Yoast SEO plugin v15.3 - https:\/\/yoast.com\/wordpress\/plugins\/seo\/ -->\n<title>- Waste2oil<\/title>\n<meta name=\"robots\" content=\"index, follow, max-snippet:-1, max-image-preview:large, max-video-preview:-1\" \/>\n<link rel=\"canonical\" href=\"https:\/\/waste2oil.eu\/waste-to-energy-technology\/\" \/>\n<meta property=\"og:locale\" content=\"fr_FR\" \/>\n<meta property=\"og:type\" content=\"article\" \/>\n<meta property=\"og:title\" content=\"- Waste2oil\" \/>\n<meta property=\"og:url\" content=\"https:\/\/waste2oil.eu\/waste-to-energy-technology\/\" \/>\n<meta property=\"og:site_name\" content=\"Waste2oil\" \/>\n<meta property=\"article:modified_time\" content=\"2022-05-06T05:19:43+00:00\" \/>\n<meta name=\"twitter:card\" content=\"summary_large_image\" \/>\n<meta name=\"twitter:label1\" content=\"Written by\">\n\t<meta name=\"twitter:data1\" content=\"admin\">\n\t<meta name=\"twitter:label2\" content=\"Est. reading time\">\n\t<meta name=\"twitter:data2\" content=\"1 minute\">\n<script type=\"application\/ld+json\" class=\"yoast-schema-graph\">{\"@context\":\"https:\/\/schema.org\",\"@graph\":[{\"@type\":\"WebSite\",\"@id\":\"https:\/\/waste2oil.eu\/#website\",\"url\":\"https:\/\/waste2oil.eu\/\",\"name\":\"Waste2oil\",\"description\":\"From waste we make oil\",\"potentialAction\":[{\"@type\":\"SearchAction\",\"target\":\"https:\/\/waste2oil.eu\/?s={search_term_string}\",\"query-input\":\"required name=search_term_string\"}],\"inLanguage\":\"fr-FR\"},{\"@type\":\"WebPage\",\"@id\":\"https:\/\/waste2oil.eu\/waste-to-energy-technology\/#webpage\",\"url\":\"https:\/\/waste2oil.eu\/waste-to-energy-technology\/\",\"name\":\" - Waste2oil\",\"isPartOf\":{\"@id\":\"https:\/\/waste2oil.eu\/#website\"},\"datePublished\":\"2020-09-15T11:19:54+00:00\",\"dateModified\":\"2022-05-06T05:19:43+00:00\",\"inLanguage\":\"fr-FR\",\"potentialAction\":[{\"@type\":\"ReadAction\",\"target\":[\"https:\/\/waste2oil.eu\/waste-to-energy-technology\/\"]}]}]}<\/script>\n<!-- \/ Yoast SEO plugin. -->","_links":{"self":[{"href":"https:\/\/waste2oil.eu\/fr\/wp-json\/wp\/v2\/pages\/1946"}],"collection":[{"href":"https:\/\/waste2oil.eu\/fr\/wp-json\/wp\/v2\/pages"}],"about":[{"href":"https:\/\/waste2oil.eu\/fr\/wp-json\/wp\/v2\/types\/page"}],"author":[{"embeddable":true,"href":"https:\/\/waste2oil.eu\/fr\/wp-json\/wp\/v2\/users\/1"}],"replies":[{"embeddable":true,"href":"https:\/\/waste2oil.eu\/fr\/wp-json\/wp\/v2\/comments?post=1946"}],"version-history":[{"count":66,"href":"https:\/\/waste2oil.eu\/fr\/wp-json\/wp\/v2\/pages\/1946\/revisions"}],"predecessor-version":[{"id":3205,"href":"https:\/\/waste2oil.eu\/fr\/wp-json\/wp\/v2\/pages\/1946\/revisions\/3205"}],"wp:attachment":[{"href":"https:\/\/waste2oil.eu\/fr\/wp-json\/wp\/v2\/media?parent=1946"}],"curies":[{"name":"wp","href":"https:\/\/api.w.org\/{rel}","templated":true}]}}