{"id":1996,"date":"2020-09-16T19:40:26","date_gmt":"2020-09-16T19:40:26","guid":{"rendered":"http:\/\/waste2oil.eu\/?page_id=1996"},"modified":"2021-10-22T06:36:09","modified_gmt":"2021-10-22T06:36:09","slug":"faq","status":"publish","type":"page","link":"https:\/\/waste2oil.eu\/fr\/faq\/","title":{"rendered":"FAQ"},"content":{"rendered":"<h4>FAQ<\/h4>\n<h5>Questions et r\u00e9ponses les plus fr\u00e9quentes<\/h5>\n<p>\t\t\t\t\t\t\t\t\t\t\t\t<a href=\"\">Quelle est la diff\u00e9rence entre la technologie Pyrolyse et Waste2oil?<\/a><\/p>\n<p>La principale diff\u00e9rence est que la plupart des unit\u00e9s de pyrolyse ne fonctionnent pas dans un processus continu. Les d\u00e9chets sont plac\u00e9s \u00e0 l&#8217;int\u00e9rieur et chauff\u00e9s \u00e0 une certaine temp\u00e9rature apr\u00e8s que l&#8217;unit\u00e9 de traitement doit \u00eatre ouverte, nettoy\u00e9e et remplie de nouveaux d\u00e9chets. Davantage d&#8217;employ\u00e9s sont n\u00e9cessaires pour faire fonctionner l&#8217;unit\u00e9, car les co\u00fbts de fonctionnement sont plus \u00e9lev\u00e9s et plus d&#8217;\u00e9nergie doit \u00eatre utilis\u00e9e pour r\u00e9chauffer l&#8217;unit\u00e9 avec les d\u00e9chets nouvellement remplis.<\/p>\n<p>La qualit\u00e9 de l&#8217;huile de pyrolyse doit \u00eatre nettoy\u00e9e ou m\u00e9lang\u00e9e \u00e0 d&#8217;autres substances pour obtenir de l&#8217;huile pour une autre utilisation.<\/p>\n<p>Pour l\u2019unit\u00e9 de pyrolyse, il faut plus d\u2019espace pour qu\u2019elle ne puisse pas \u00eatre plac\u00e9e dans de petits conteneurs, mais la salle doit \u00e9galement \u00eatre construite.<\/p>\n<p>L&#8217;unit\u00e9 Waste2oil fonctionne selon un processus continu qui utilise un convoyeur \u00e0 vis pour d\u00e9placer les d\u00e9chets dans le r\u00e9acteur \u00e0 une vitesse continue et \u00e0 une temp\u00e9rature stable.<\/p>\n<p>L&#8217;unit\u00e9 Waste2oil peut \u00eatre plac\u00e9e n&#8217;importe o\u00f9 sur la surface pav\u00e9e dans des conditions m\u00e9t\u00e9orologiques ne d\u00e9passant pas -40 \u00b0 C \u00e0 + 50 \u00b0 C.<\/p>\n<p>\t\t\t\t\t\t\t\t\t\t\t\t<a href=\"\">La technologie Waste2oil peut-elle traiter toutes sortes de plastiques?<\/a><\/p>\n<p>Non, la technologie Waste2oil est bas\u00e9e sur la d\u00e9composition de mati\u00e8res organiques par l&#8217;action de la chaleur sans acc\u00e8s \u00e0 des substances oxydantes, en milieu ana\u00e9robie.<\/p>\n<p>Les bouteilles en PET et le PVC contiennent de l\u2019oxyg\u00e8ne, c\u2019est pourquoi il ne peut pas \u00eatre trait\u00e9 dans nos unit\u00e9s et la qualit\u00e9 de l\u2019huile serait \u00e9galement tr\u00e8s faible.<\/p>\n<p><a href=\"https:\/\/waste2oil.eu\/plastic-waste\/\">Cliquez ici<\/a> pour voir les types de plastique pour l&#8217;unit\u00e9 Waste2oil.<\/p>\n<p>\t\t\t\t\t\t\t\t\t\t\t\t<a href=\"\">Combien d&#8217;employ\u00e9s sont n\u00e9cessaires pour faire fonctionner l&#8217;unit\u00e9?<\/a><\/p>\n<p>Les unit\u00e9s TDU sont enti\u00e8rement automatis\u00e9es. Un seul employ\u00e9 form\u00e9 par \u00e9quipe est n\u00e9cessaire pour faire fonctionner l&#8217;unit\u00e9.<\/p>\n<p>\t\t\t\t\t\t\t\t\t\t\t\t<a href=\"\">Les temp\u00e9ratures ambiantes \u00e9lev\u00e9es (par exemple dans une zone d\u00e9sertique) peuvent-elles affecter le fonctionnement de cette technologie?<\/a><\/p>\n<p>Non. Les unit\u00e9s TDU elles-m\u00eames sont g\u00e9n\u00e9ralement isol\u00e9es. En g\u00e9n\u00e9ral, la plupart des appareils peuvent fonctionner avec une temp\u00e9rature ext\u00e9rieure maximale de -40 \u00b0 C \u00e0 + 50 \u00b0 C.<\/p>\n<p>\t\t\t\t\t\t\t\t\t\t\t\t<a href=\"\">\u00c0 quelle fr\u00e9quence cette technologie est-elle maintenue?<\/a><\/p>\n<p>Tout est bas\u00e9 sur les r\u00e8gles de fonctionnement trait\u00e9es supposant que l&#8217;appareil fonctionne 24 heures \/ jour, 330 jours \/ an.<\/p>\n<p>\t\t\t\t\t\t\t\t\t\t\t\t<a href=\"\">Combien de temps faut-il pour fabriquer une unit\u00e9?<\/a><\/p>\n<p>8 mois.<\/p>\n<p>\t\t\t\t\t\t\t\t\t\t\t\t<a href=\"\">Quel est le retour sur investissement?<\/a><\/p>\n<p>ROI &#8211; Le retour sur investissement d\u00e9pend de nombreux facteurs.<\/p>\n<p>Tout d&#8217;abord, quel type de mat\u00e9riau sera trait\u00e9 dans l&#8217;unit\u00e9 Waste2oil?<\/p>\n<p>Pour quoi seront utilis\u00e9s le p\u00e9trole, le gaz et le noir de carbone? Dans chaque pays, il existe des prix diff\u00e9rents pour le p\u00e9trole, l&#8217;\u00e9lectricit\u00e9, etc.<\/p>\n<p>Votre gouvernement soutient-il les subventions si vous voulez traiter les d\u00e9chets et aider l&#8217;environnement?<\/p>\n<p>Le retour sur investissement exact ne peut \u00eatre bas\u00e9 que sur l&#8217;\u00e9tude de cas.<\/p>\n<p>Malgr\u00e9 cela, la technologie Waste2oil a un retour sur investissement de 2 \u00e0 5 ans.<\/p>\n","protected":false},"excerpt":{"rendered":"<p>FAQ Questions et r\u00e9ponses les plus fr\u00e9quentes Quelle est la diff\u00e9rence entre la technologie Pyrolyse et Waste2oil? La principale diff\u00e9rence est que la plupart des unit\u00e9s de pyrolyse ne fonctionnent pas dans un processus continu. Les d\u00e9chets sont plac\u00e9s \u00e0 l&#8217;int\u00e9rieur et chauff\u00e9s \u00e0 une certaine temp\u00e9rature apr\u00e8s que l&#8217;unit\u00e9 de traitement doit \u00eatre ouverte, [&hellip;]<\/p>\n","protected":false},"author":1,"featured_media":0,"parent":0,"menu_order":0,"comment_status":"closed","ping_status":"closed","template":"elementor_header_footer","meta":[],"translation":{"provider":"WPGlobus","version":"2.7.3","language":"fr","enabled_languages":["en","es","fr","it","ru","zh"],"languages":{"en":{"title":true,"content":true,"excerpt":false},"es":{"title":true,"content":true,"excerpt":false},"fr":{"title":false,"content":true,"excerpt":false},"it":{"title":false,"content":true,"excerpt":false},"ru":{"title":false,"content":true,"excerpt":false},"zh":{"title":false,"content":true,"excerpt":false}}},"yoast_head":"<!-- This site is optimized with the Yoast SEO plugin v15.3 - https:\/\/yoast.com\/wordpress\/plugins\/seo\/ -->\n<title>- Waste2oil<\/title>\n<meta name=\"robots\" content=\"index, follow, max-snippet:-1, max-image-preview:large, max-video-preview:-1\" \/>\n<link rel=\"canonical\" href=\"https:\/\/waste2oil.eu\/faq\/\" \/>\n<meta property=\"og:locale\" content=\"fr_FR\" \/>\n<meta property=\"og:type\" content=\"article\" \/>\n<meta property=\"og:title\" content=\"- Waste2oil\" \/>\n<meta property=\"og:url\" content=\"https:\/\/waste2oil.eu\/faq\/\" \/>\n<meta property=\"og:site_name\" content=\"Waste2oil\" \/>\n<meta property=\"article:modified_time\" content=\"2021-10-22T06:36:09+00:00\" \/>\n<meta name=\"twitter:card\" content=\"summary_large_image\" \/>\n<meta name=\"twitter:label1\" content=\"Written by\">\n\t<meta name=\"twitter:data1\" content=\"admin\">\n\t<meta name=\"twitter:label2\" content=\"Est. reading time\">\n\t<meta name=\"twitter:data2\" content=\"8 minutes\">\n<script type=\"application\/ld+json\" class=\"yoast-schema-graph\">{\"@context\":\"https:\/\/schema.org\",\"@graph\":[{\"@type\":\"WebSite\",\"@id\":\"https:\/\/waste2oil.eu\/#website\",\"url\":\"https:\/\/waste2oil.eu\/\",\"name\":\"Waste2oil\",\"description\":\"From waste we make oil\",\"potentialAction\":[{\"@type\":\"SearchAction\",\"target\":\"https:\/\/waste2oil.eu\/?s={search_term_string}\",\"query-input\":\"required name=search_term_string\"}],\"inLanguage\":\"fr-FR\"},{\"@type\":\"WebPage\",\"@id\":\"https:\/\/waste2oil.eu\/faq\/#webpage\",\"url\":\"https:\/\/waste2oil.eu\/faq\/\",\"name\":\" - Waste2oil\",\"isPartOf\":{\"@id\":\"https:\/\/waste2oil.eu\/#website\"},\"datePublished\":\"2020-09-16T19:40:26+00:00\",\"dateModified\":\"2021-10-22T06:36:09+00:00\",\"inLanguage\":\"fr-FR\",\"potentialAction\":[{\"@type\":\"ReadAction\",\"target\":[\"https:\/\/waste2oil.eu\/faq\/\"]}]}]}<\/script>\n<!-- \/ Yoast SEO plugin. -->","_links":{"self":[{"href":"https:\/\/waste2oil.eu\/fr\/wp-json\/wp\/v2\/pages\/1996"}],"collection":[{"href":"https:\/\/waste2oil.eu\/fr\/wp-json\/wp\/v2\/pages"}],"about":[{"href":"https:\/\/waste2oil.eu\/fr\/wp-json\/wp\/v2\/types\/page"}],"author":[{"embeddable":true,"href":"https:\/\/waste2oil.eu\/fr\/wp-json\/wp\/v2\/users\/1"}],"replies":[{"embeddable":true,"href":"https:\/\/waste2oil.eu\/fr\/wp-json\/wp\/v2\/comments?post=1996"}],"version-history":[{"count":41,"href":"https:\/\/waste2oil.eu\/fr\/wp-json\/wp\/v2\/pages\/1996\/revisions"}],"predecessor-version":[{"id":3181,"href":"https:\/\/waste2oil.eu\/fr\/wp-json\/wp\/v2\/pages\/1996\/revisions\/3181"}],"wp:attachment":[{"href":"https:\/\/waste2oil.eu\/fr\/wp-json\/wp\/v2\/media?parent=1996"}],"curies":[{"name":"wp","href":"https:\/\/api.w.org\/{rel}","templated":true}]}}