{"id":2101,"date":"2020-10-04T18:05:39","date_gmt":"2020-10-04T18:05:39","guid":{"rendered":"http:\/\/waste2oil.eu\/?page_id=2101"},"modified":"2021-10-21T09:16:18","modified_gmt":"2021-10-21T09:16:18","slug":"tdu-700","status":"publish","type":"page","link":"https:\/\/waste2oil.eu\/fr\/tdu-700\/","title":{"rendered":"TDU 700"},"content":{"rendered":"<h5>TDU 700<\/h5>\n<p>L&#8217;unit\u00e9 mobile d&#8217;une capacit\u00e9 maximale de 700 kg \/ heure en fonctionnement continu est ax\u00e9e sur un <strong>rendement maximal et la plus haute qualit\u00e9 d&#8217;huile<\/strong> pendant le processus de recyclage du mat\u00e9riau au d\u00e9triment de la puissance d&#8217;entr\u00e9e.<\/p>\n<p>Il est d\u00e9velopp\u00e9 et construit pour le recyclage des d\u00e9chets <strong>plastiques, des masques faciaux usag\u00e9s, des d\u00e9chets m\u00e9dicaux, des granul\u00e9s de biomasse, du substrat et du digestat des usines de biogaz, des boues r\u00e9siduaires des usines de traitement des eaux us\u00e9es.<\/strong><\/p>\n<p><img loading=\"lazy\" src=\"https:\/\/waste2oil.eu\/wp-content\/uploads\/2020\/08\/Factory-2-1024x486.jpg\" sizes=\"(max-width: 1024px) 100vw, 1024px\" srcset=\"https:\/\/waste2oil.eu\/wp-content\/uploads\/2020\/08\/Factory-2-1024x486.jpg 1024w, https:\/\/waste2oil.eu\/wp-content\/uploads\/2020\/08\/Factory-2-300x142.jpg 300w, https:\/\/waste2oil.eu\/wp-content\/uploads\/2020\/08\/Factory-2-768x364.jpg 768w, https:\/\/waste2oil.eu\/wp-content\/uploads\/2020\/08\/Factory-2.jpg 1159w\" alt=\"\" width=\"1024\" height=\"486\" \/><\/p>\n<p>Apr\u00e8s le processus de recyclage des d\u00e9chets, nous pouvons obtenir une <strong>huile de haute qualit\u00e9 avec un rendement allant jusqu&#8217;\u00e0 90% en poids, soit. jusqu&#8217;\u00e0 700 litres d&#8217;huile.<\/strong> \u00c0 partir de<strong> 1 kg de plastiques tri\u00e9s<\/strong>, nous pouvons cr\u00e9er jusqu&#8217;\u00e0 <strong>1 litre d&#8217;huile de haute qualit\u00e9.<\/strong><\/p>\n<p>Apr\u00e8s le processus de recyclage des d\u00e9chets, nous avons trois produits principaux: <strong>p\u00e9trole, gaz, noir de carbone.<\/strong><\/p>\n<p>Toutes les mati\u00e8res premi\u00e8res obtenues peuvent \u00eatre utilis\u00e9es de mani\u00e8re \u00e9cologique comme mati\u00e8re premi\u00e8re pour un traitement ult\u00e9rieur, mais surtout pour la production d&#8217;\u00e9nergie et pour le transport.<\/p>\n<p>Le volume des produits d\u00e9pend non seulement de la composition et des propri\u00e9t\u00e9s de la charge d&#8217;alimentation, mais \u00e9galement des conditions du processus pendant le processus de recyclage lui-m\u00eame, par exemple, <strong>le type de mat\u00e9riau d&#8217;entr\u00e9e, la temp\u00e9rature du processus, la vitesse de chauffage, le temps de s\u00e9jour, les conditions hydrodynamiques, d&#8217;autres \u00e9quipements du unit\u00e9, en particulier la mani\u00e8re et la m\u00e9thode de condensation.<\/strong><\/p>\n<p>Les volumes individuels des produits, en fonction des conditions d\u00e9crites, dans la gamme:<\/p>\n<h3>huile<\/h3>\n<p style=\"text-align: center;\">30 \u00e0 90% en poids<\/p>\n<h3>Gaz<\/h3>\n<p style=\"text-align: center;\">5 \u00e0 36% en poids<\/p>\n<h3>noir carbone<\/h3>\n<p>3 \u00e0 45% en poids<\/p>\n<p>La technologie Waste2oil est d\u00e9velopp\u00e9e et construite comme une technologie sans gaspillage. Tous les produits obtenus peuvent \u00eatre utilis\u00e9s en toute s\u00e9curit\u00e9.<\/p>\n<p>Le gaz de proc\u00e9d\u00e9 peut \u00eatre utilis\u00e9 pour alimenter des turbines \u00e0 gaz afin de produire de l&#8217;\u00e9nergie pour son utilisation, sans qu&#8217;il soit n\u00e9cessaire de se connecter en permanence \u00e0 une source d&#8217;alimentation externe pour leur fonctionnement. Le gaz de proc\u00e9d\u00e9 est presque toujours, en raison de son stockage et de sa compressibilit\u00e9 difficiles, utilis\u00e9 comme combustible \u00e0 fort potentiel \u00e9nerg\u00e9tique.<\/p>\n<p>L&#8217;unit\u00e9 <strong>TDU 700<\/strong> peut traiter <strong>jusqu&#8217;\u00e0 5,600 tonnes<\/strong> de d\u00e9chets par an et produire une quantit\u00e9 importante de:<\/p>\n<h3>huile<\/h3>\n<p style=\"text-align: center;\">Avec une valeur calorifique d&#8217;env. 40 MJ\/kg<\/p>\n<h3>Gaz<\/h3>\n<p style=\"text-align: center;\">Avec un pouvoir calorifique de 31 MJ\/kg<\/p>\n<h3>noir carbone<\/h3>\n<p>Avec une teneur \u00e9lev\u00e9e en carbone pur<\/p>\n<p>En fonction de l&#8217;\u00e9tendue des p\u00e9riph\u00e9riques optionnels, on peut alors produire une quantit\u00e9 int\u00e9ressante d&#8217;\u00e9nergie \u00e9lectrique et thermique utilisable, ou \u00e9ventuellement refroidir, \u00e0 partir des produits ainsi obtenus.<\/p>\n<p>La technologie Waste2oil ainsi que ses p\u00e9riph\u00e9riques optionnels sont dispos\u00e9s dans des modules mobiles, qui ne peuvent \u00eatre situ\u00e9s et exploit\u00e9s que sur une zone pav\u00e9e jusqu&#8217;\u00e0 600 m\u00e8tres carr\u00e9s.<\/p>\n<h2>L&#8217;unit\u00e9 TDU 700 peut \u00eatre utilis\u00e9e pour<\/h2>\n<p><a href=\"http:\/\/waste2oil.eu\/plastic-waste\/\"><br \/>\n<img loading=\"lazy\" src=\"https:\/\/waste2oil.eu\/wp-content\/uploads\/2020\/08\/Waste-plastics-2-1024x683.jpg\" sizes=\"(max-width: 1024px) 100vw, 1024px\" srcset=\"https:\/\/waste2oil.eu\/wp-content\/uploads\/2020\/08\/Waste-plastics-2-1024x683.jpg 1024w, https:\/\/waste2oil.eu\/wp-content\/uploads\/2020\/08\/Waste-plastics-2-300x200.jpg 300w, https:\/\/waste2oil.eu\/wp-content\/uploads\/2020\/08\/Waste-plastics-2-768x512.jpg 768w, https:\/\/waste2oil.eu\/wp-content\/uploads\/2020\/08\/Waste-plastics-2-1536x1024.jpg 1536w, https:\/\/waste2oil.eu\/wp-content\/uploads\/2020\/08\/Waste-plastics-2-2048x1365.jpg 2048w\" alt=\"\" width=\"1024\" height=\"683\" \/> <\/a><\/p>\n<h3>D\u00e9chets plastiques<\/h3>\n<p>Le plastique est un probl\u00e8me mondial. Notre objectif est de transformer les plastiques qui finissent dans les d\u00e9charges ou sont incin\u00e9r\u00e9s en une marchandise de grande valeur.<\/p>\n<p><a href=\"http:\/\/waste2oil.eu\/used-face-masks\/\"><br \/>\n<img loading=\"lazy\" src=\"https:\/\/waste2oil.eu\/wp-content\/uploads\/2020\/08\/Waste-face-mask-scaled-e1598687780641-1024x682.jpg\" sizes=\"(max-width: 1024px) 100vw, 1024px\" srcset=\"https:\/\/waste2oil.eu\/wp-content\/uploads\/2020\/08\/Waste-face-mask-scaled-e1598687780641-1024x682.jpg 1024w, https:\/\/waste2oil.eu\/wp-content\/uploads\/2020\/08\/Waste-face-mask-scaled-e1598687780641-300x200.jpg 300w, https:\/\/waste2oil.eu\/wp-content\/uploads\/2020\/08\/Waste-face-mask-scaled-e1598687780641-768x512.jpg 768w, https:\/\/waste2oil.eu\/wp-content\/uploads\/2020\/08\/Waste-face-mask-scaled-e1598687780641-1536x1024.jpg 1536w, https:\/\/waste2oil.eu\/wp-content\/uploads\/2020\/08\/Waste-face-mask-scaled-e1598687780641-2048x1365.jpg 2048w\" alt=\"\" width=\"1024\" height=\"682\" \/> <\/a><\/p>\n<h3>masques faciaux usag\u00e9s<\/h3>\n<p>De nombreux pays ont du mal \u00e0 savoir quoi faire avec les masques faciaux utilis\u00e9s. La technologie Waste2oil peut r\u00e9soudre leur probl\u00e8me.<\/p>\n<p><img loading=\"lazy\" src=\"https:\/\/waste2oil.eu\/wp-content\/uploads\/2021\/03\/Hospital-waste.jpg\" sizes=\"(max-width: 430px) 100vw, 430px\" srcset=\"https:\/\/waste2oil.eu\/wp-content\/uploads\/2021\/03\/Hospital-waste.jpg 430w, https:\/\/waste2oil.eu\/wp-content\/uploads\/2021\/03\/Hospital-waste-300x195.jpg 300w\" alt=\"\" width=\"430\" height=\"279\" \/><\/p>\n<h3>D\u00e9chets m\u00e9dicaux<\/h3>\n<p>Les d\u00e9chets m\u00e9dicaux sont une vari\u00e9t\u00e9 de d\u00e9chets dangereux \u00e0 composants multiples. La technologie Waste2oil peut transformer en toute s\u00e9curit\u00e9 les d\u00e9chets m\u00e9dicaux en huile de haute qualit\u00e9.<\/p>\n<p><img loading=\"lazy\" src=\"https:\/\/waste2oil.eu\/wp-content\/uploads\/2020\/09\/pellets1-1024x682.jpg\" sizes=\"(max-width: 1024px) 100vw, 1024px\" srcset=\"https:\/\/waste2oil.eu\/wp-content\/uploads\/2020\/09\/pellets1-1024x682.jpg 1024w, https:\/\/waste2oil.eu\/wp-content\/uploads\/2020\/09\/pellets1-300x200.jpg 300w, https:\/\/waste2oil.eu\/wp-content\/uploads\/2020\/09\/pellets1-768x512.jpg 768w, https:\/\/waste2oil.eu\/wp-content\/uploads\/2020\/09\/pellets1.jpg 1280w\" alt=\"\" width=\"1024\" height=\"682\" \/><\/p>\n<h3>PELLETS<br \/>\nDE BIOMASSE<\/h3>\n<p>Nous pouvons produire de l&#8217;huile de haute qualit\u00e9 \u00e0 partir de bois, de miscanthus, de paille et d&#8217;abrasion par granulation.<\/p>\n<p><img loading=\"lazy\" src=\"https:\/\/waste2oil.eu\/wp-content\/uploads\/2020\/09\/Biogas-1024x682.jpg\" sizes=\"(max-width: 1024px) 100vw, 1024px\" srcset=\"https:\/\/waste2oil.eu\/wp-content\/uploads\/2020\/09\/Biogas-1024x682.jpg 1024w, https:\/\/waste2oil.eu\/wp-content\/uploads\/2020\/09\/Biogas-300x200.jpg 300w, https:\/\/waste2oil.eu\/wp-content\/uploads\/2020\/09\/Biogas-768x512.jpg 768w, https:\/\/waste2oil.eu\/wp-content\/uploads\/2020\/09\/Biogas.jpg 1280w\" alt=\"\" width=\"1024\" height=\"682\" \/><\/p>\n<h3>Substrat et digestat des usines de biogaz<\/h3>\n<p>\u00c0 partir du substrat et du digestat des usines de biogaz, nous pouvons cr\u00e9er une huile de haute qualit\u00e9.<\/p>\n<p><img loading=\"lazy\" src=\"https:\/\/waste2oil.eu\/wp-content\/uploads\/2020\/09\/Sludge-1024x682.jpg\" sizes=\"(max-width: 1024px) 100vw, 1024px\" srcset=\"https:\/\/waste2oil.eu\/wp-content\/uploads\/2020\/09\/Sludge-1024x682.jpg 1024w, https:\/\/waste2oil.eu\/wp-content\/uploads\/2020\/09\/Sludge-300x200.jpg 300w, https:\/\/waste2oil.eu\/wp-content\/uploads\/2020\/09\/Sludge-768x512.jpg 768w, https:\/\/waste2oil.eu\/wp-content\/uploads\/2020\/09\/Sludge.jpg 1280w\" alt=\"\" width=\"1024\" height=\"682\" \/><\/p>\n<h3>boues r\u00e9siduaires<br \/>\ndes stations d&#8217;\u00e9puration<\/h3>\n<p>La technologie des huiles us\u00e9es permet de r\u00e9soudre le probl\u00e8me de l&#8217;\u00e9limination des boues d&#8217;\u00e9puration dans la nature et de la pollution de l&#8217;environnement.<\/p>\n<h2>Syst\u00e8mes de s\u00e9curit\u00e9<\/h2>\n<p>Les <strong>syst\u00e8mes de s\u00e9curit\u00e9 sophistiqu\u00e9s<\/strong> install\u00e9s minimisent ou, dans certains cas, \u00e9liminent les \u00e9ventuelles commandes d&#8217;op\u00e9rateur erron\u00e9es. Indication d&#8217;une anomalie de processus, ces syst\u00e8mes peuvent corriger ou supprimer les causes de cette anomalie. Lorsqu&#8217;il y a une condition d&#8217;urgence d&#8217;indication, le syst\u00e8me s&#8217;arr\u00eate en toutes circonstances de mani\u00e8re contr\u00f4l\u00e9e.<\/p>\n<p><img loading=\"lazy\" src=\"https:\/\/waste2oil.eu\/wp-content\/uploads\/2020\/09\/electrician-681x1024.jpg\" sizes=\"(max-width: 681px) 100vw, 681px\" srcset=\"https:\/\/waste2oil.eu\/wp-content\/uploads\/2020\/09\/electrician-681x1024.jpg 681w, https:\/\/waste2oil.eu\/wp-content\/uploads\/2020\/09\/electrician-200x300.jpg 200w, https:\/\/waste2oil.eu\/wp-content\/uploads\/2020\/09\/electrician-768x1155.jpg 768w, https:\/\/waste2oil.eu\/wp-content\/uploads\/2020\/09\/electrician-1022x1536.jpg 1022w, https:\/\/waste2oil.eu\/wp-content\/uploads\/2020\/09\/electrician.jpg 1277w\" alt=\"\" width=\"681\" height=\"1024\" \/><br \/>\n<img loading=\"lazy\" src=\"https:\/\/waste2oil.eu\/wp-content\/uploads\/2020\/09\/Picture1.png\" sizes=\"(max-width: 558px) 100vw, 558px\" srcset=\"https:\/\/waste2oil.eu\/wp-content\/uploads\/2020\/09\/Picture1.png 558w, https:\/\/waste2oil.eu\/wp-content\/uploads\/2020\/09\/Picture1-300x170.png 300w\" alt=\"\" width=\"558\" height=\"317\" \/><\/p>\n<p>Les modules individuels et autres points critiques de l&#8217;appareil sont \u00e9quip\u00e9s, en plus des \u00e9l\u00e9ments de s\u00e9curit\u00e9 obligatoires essentiels, <strong>\u00e9galement d&#8217;un circuit de cam\u00e9ra avanc\u00e9 avec d\u00e9tecteurs et capteurs<\/strong>, qui fait partie de la commande centrale. En cas de danger, ces \u00e9l\u00e9ments de s\u00e9curit\u00e9 <strong>avanc\u00e9s activent la s\u00e9quence d&#8217;arr\u00eat<\/strong> de l&#8217;ensemble de l&#8217;appareil et arr\u00eatent le processus de mani\u00e8re contr\u00f4l\u00e9e.<\/p>\n<p>Les fonctions des syst\u00e8mes de s\u00e9curit\u00e9 ne sont pas limit\u00e9es par une panne de courant. La technologie <strong>est \u00e9quip\u00e9e d&#8217;une alimentation de secours \u00e9lectronique<\/strong>, qui couvre enti\u00e8rement les besoins \u00e9nerg\u00e9tiques <strong>pour l&#8217;arr\u00eat s\u00fbr de l&#8217;\u00e9quipement.<\/strong><\/p>\n<p><img loading=\"lazy\" src=\"https:\/\/waste2oil.eu\/wp-content\/uploads\/2020\/09\/power_supply-1024x627.jpg\" sizes=\"(max-width: 1024px) 100vw, 1024px\" srcset=\"https:\/\/waste2oil.eu\/wp-content\/uploads\/2020\/09\/power_supply-1024x627.jpg 1024w, https:\/\/waste2oil.eu\/wp-content\/uploads\/2020\/09\/power_supply-300x184.jpg 300w, https:\/\/waste2oil.eu\/wp-content\/uploads\/2020\/09\/power_supply-768x470.jpg 768w, https:\/\/waste2oil.eu\/wp-content\/uploads\/2020\/09\/power_supply-1536x941.jpg 1536w, https:\/\/waste2oil.eu\/wp-content\/uploads\/2020\/09\/power_supply.jpg 1920w\" alt=\"\" width=\"1024\" height=\"627\" \/><\/p>\n","protected":false},"excerpt":{"rendered":"<p>TDU 700 L&#8217;unit\u00e9 mobile d&#8217;une capacit\u00e9 maximale de 700 kg \/ heure en fonctionnement continu est ax\u00e9e sur un rendement maximal et la plus haute qualit\u00e9 d&#8217;huile pendant le processus de recyclage du mat\u00e9riau au d\u00e9triment de la puissance d&#8217;entr\u00e9e. Il est d\u00e9velopp\u00e9 et construit pour le recyclage des d\u00e9chets plastiques, des masques faciaux usag\u00e9s, [&hellip;]<\/p>\n","protected":false},"author":1,"featured_media":0,"parent":0,"menu_order":0,"comment_status":"closed","ping_status":"closed","template":"elementor_header_footer","meta":[],"translation":{"provider":"WPGlobus","version":"2.7.3","language":"fr","enabled_languages":["en","es","fr","it","ru","zh"],"languages":{"en":{"title":true,"content":true,"excerpt":false},"es":{"title":true,"content":true,"excerpt":false},"fr":{"title":true,"content":true,"excerpt":false},"it":{"title":true,"content":true,"excerpt":false},"ru":{"title":true,"content":true,"excerpt":false},"zh":{"title":true,"content":true,"excerpt":false}}},"yoast_head":"<!-- This site is optimized with the Yoast SEO plugin v15.3 - https:\/\/yoast.com\/wordpress\/plugins\/seo\/ -->\n<title>TDU 700 - Waste2oil<\/title>\n<meta name=\"robots\" content=\"index, follow, max-snippet:-1, max-image-preview:large, max-video-preview:-1\" \/>\n<link rel=\"canonical\" href=\"https:\/\/waste2oil.eu\/tdu-700\/\" \/>\n<meta property=\"og:locale\" content=\"fr_FR\" \/>\n<meta property=\"og:type\" content=\"article\" \/>\n<meta property=\"og:title\" content=\"TDU 700 - Waste2oil\" \/>\n<meta property=\"og:url\" content=\"https:\/\/waste2oil.eu\/tdu-700\/\" \/>\n<meta property=\"og:site_name\" content=\"Waste2oil\" \/>\n<meta property=\"article:modified_time\" content=\"2021-10-21T09:16:18+00:00\" \/>\n<meta property=\"og:image\" content=\"https:\/\/waste2oil.eu\/wp-content\/uploads\/2020\/08\/Factory-2-1024x486.jpg\" \/>\n<meta name=\"twitter:card\" content=\"summary_large_image\" \/>\n<meta name=\"twitter:label1\" content=\"Written by\">\n\t<meta name=\"twitter:data1\" content=\"admin\">\n\t<meta name=\"twitter:label2\" content=\"Est. reading time\">\n\t<meta name=\"twitter:data2\" content=\"13 minutes\">\n<script type=\"application\/ld+json\" class=\"yoast-schema-graph\">{\"@context\":\"https:\/\/schema.org\",\"@graph\":[{\"@type\":\"WebSite\",\"@id\":\"https:\/\/waste2oil.eu\/#website\",\"url\":\"https:\/\/waste2oil.eu\/\",\"name\":\"Waste2oil\",\"description\":\"From waste we make oil\",\"potentialAction\":[{\"@type\":\"SearchAction\",\"target\":\"https:\/\/waste2oil.eu\/?s={search_term_string}\",\"query-input\":\"required name=search_term_string\"}],\"inLanguage\":\"fr-FR\"},{\"@type\":\"ImageObject\",\"@id\":\"https:\/\/waste2oil.eu\/tdu-700\/#primaryimage\",\"inLanguage\":\"fr-FR\",\"url\":\"https:\/\/waste2oil.eu\/wp-content\/uploads\/2020\/08\/Factory-2.jpg\",\"width\":1159,\"height\":550},{\"@type\":\"WebPage\",\"@id\":\"https:\/\/waste2oil.eu\/tdu-700\/#webpage\",\"url\":\"https:\/\/waste2oil.eu\/tdu-700\/\",\"name\":\"TDU 700 - Waste2oil\",\"isPartOf\":{\"@id\":\"https:\/\/waste2oil.eu\/#website\"},\"primaryImageOfPage\":{\"@id\":\"https:\/\/waste2oil.eu\/tdu-700\/#primaryimage\"},\"datePublished\":\"2020-10-04T18:05:39+00:00\",\"dateModified\":\"2021-10-21T09:16:18+00:00\",\"description\":\"Unit TDU 700 with a capacity of 700kg\/h is focused on maximum yield and highest quality of liquid fraction.\",\"inLanguage\":\"fr-FR\",\"potentialAction\":[{\"@type\":\"ReadAction\",\"target\":[\"https:\/\/waste2oil.eu\/tdu-700\/\"]}]}]}<\/script>\n<!-- \/ Yoast SEO plugin. -->","_links":{"self":[{"href":"https:\/\/waste2oil.eu\/fr\/wp-json\/wp\/v2\/pages\/2101"}],"collection":[{"href":"https:\/\/waste2oil.eu\/fr\/wp-json\/wp\/v2\/pages"}],"about":[{"href":"https:\/\/waste2oil.eu\/fr\/wp-json\/wp\/v2\/types\/page"}],"author":[{"embeddable":true,"href":"https:\/\/waste2oil.eu\/fr\/wp-json\/wp\/v2\/users\/1"}],"replies":[{"embeddable":true,"href":"https:\/\/waste2oil.eu\/fr\/wp-json\/wp\/v2\/comments?post=2101"}],"version-history":[{"count":64,"href":"https:\/\/waste2oil.eu\/fr\/wp-json\/wp\/v2\/pages\/2101\/revisions"}],"predecessor-version":[{"id":3143,"href":"https:\/\/waste2oil.eu\/fr\/wp-json\/wp\/v2\/pages\/2101\/revisions\/3143"}],"wp:attachment":[{"href":"https:\/\/waste2oil.eu\/fr\/wp-json\/wp\/v2\/media?parent=2101"}],"curies":[{"name":"wp","href":"https:\/\/api.w.org\/{rel}","templated":true}]}}