{"id":1396,"date":"2016-03-24T12:13:42","date_gmt":"2016-03-24T12:13:42","guid":{"rendered":"http:\/\/demo.themes4wp.com\/gama-store\/?page_id=10"},"modified":"2023-06-21T12:24:37","modified_gmt":"2023-06-21T12:24:37","slug":"waste-to-energy","status":"publish","type":"page","link":"https:\/\/waste2oil.eu\/it\/","title":{"rendered":"Waste to energy"},"content":{"rendered":"<h2><b>Dai rifiuti produciamo petrolio<\/b><\/h2>\n<p>\t\t\t<a href=\"#technology\" role=\"button\"><br \/>\n\t\t\t\t\t\tLeggi di pi\u00f9<br \/>\n\t\t\t\t\t<\/a><br \/>\n\t\t\t<a href=\"https:\/\/waste2oil.eu\/it\/plastic-waste\/\" role=\"button\"><br \/>\n\t\t\t\t\t\tRifiuti di plastica<br \/>\n\t\t\t\t\t<\/a><\/p>\n<p>La plastica \u00e8 un problema mondiale. Il nostro obiettivo \u00e8 trasformare le plastiche che finiscono nelle discariche o vengono incenerite in una merce di grande valore.<\/p>\n<p>\t\t\t<a href=\"https:\/\/waste2oil.eu\/it\/used-tyres\/\" role=\"button\"><br \/>\n\t\t\t\t\t\tPneumatici usati<br \/>\n\t\t\t\t\t<\/a><\/p>\n<p>La maggior parte degli pneumatici usati finisce in discarica o in natura. La tecnologia Waste2oil \u00e8 l&#8217;unica in cui non \u00e8 necessario rimuovere fili e fibre di acciaio.<\/p>\n<p>\t\t\t<a href=\"https:\/\/waste2oil.eu\/it\/used-face-masks\/\" role=\"button\"><br \/>\n\t\t\t\t\t\tMaschere per il viso usate<br \/>\n\t\t\t\t\t<\/a><\/p>\n<p>Molti paesi hanno difficolt\u00e0 a sapere cosa fare con le maschere per il viso usate e altri rifiuti medici. La tecnologia Waste2oil pu\u00f2 risolvere il loro problema.<\/p>\n<h5>Tecnologia Waste2oil<\/h5>\n<p>La maggior parte dei rifiuti di plastica usati, pneumatici e maschere per il viso usate finiscono nelle discariche o in natura. Abbiamo una soluzione ecologica ed economica, collocata in container marittimi che convertono questo tipo di rifiuti in olio di alta qualit\u00e0.<\/p>\n<p>\t\t\t\t\t\t\t\t\t\t<img width=\"1024\" height=\"486\" src=\"https:\/\/waste2oil.eu\/wp-content\/uploads\/2020\/08\/Factory-2-1024x486.jpg\" alt=\"\" loading=\"lazy\" srcset=\"https:\/\/waste2oil.eu\/wp-content\/uploads\/2020\/08\/Factory-2-1024x486.jpg 1024w, https:\/\/waste2oil.eu\/wp-content\/uploads\/2020\/08\/Factory-2-300x142.jpg 300w, https:\/\/waste2oil.eu\/wp-content\/uploads\/2020\/08\/Factory-2-768x364.jpg 768w, https:\/\/waste2oil.eu\/wp-content\/uploads\/2020\/08\/Factory-2.jpg 1159w\" sizes=\"(max-width: 1024px) 100vw, 1024px\" \/>\t\t\t\t\t\t\t\t\t\t\t<\/p>\n<h3>zero emissioni<\/h3>\n<h3>Olio di alta qualit\u00e0<\/h3>\n<h3>Costi di esercizio molto bassi<\/h3>\n<h3>Soluzione modulare<\/h3>\n<h3>rapido ritorno dell&#8217;investimento<\/h3>\n<h3>utilizzabile per pi\u00f9 tipi di rifiuti<\/h3>\n<h2>L&#8217;intera tecnologia si inserisce in 4 contenitori <br \/>e viene assemblata in loco entro 2 giorni.<\/h2>\n<h5>Tecnologia Waste2oil<\/h5>\n<p>\t\t\t<a href=\"https:\/\/waste2oil.eu\/it\/tdu-700\/\" role=\"button\"><br \/>\n\t\t\t\t\t\tTDU 700<br \/>\n\t\t\t\t\t<\/a><\/p>\n<p>L&#8217;unit\u00e0 mobile con una capacit\u00e0 fino a 700 kg \/ h \u00e8 focalizzata sulla massima resa e sulla massima qualit\u00e0 della frazione liquida.<\/p>\n<p>\t\t\t<a href=\"https:\/\/waste2oil.eu\/it\/tdu-1000\/\" role=\"button\"><br \/>\n\t\t\t\t\t\tTDU 1000<br \/>\n\t\t\t\t\t<\/a><\/p>\n<p>L&#8217;unit\u00e0 mobile con una capacit\u00e0 di 1000 kg \/ h \u00e8 sviluppata e costruita per il riciclaggio di pneumatici usati.<\/p>\n<h4>Test di laboratorio mostrano che l&#8217;olio \u00e8 classificato come diesel ad alto tenore di zolfo (HSD) ed \u00e8 conforme alle normative sulla qualit\u00e0 dei combustibili EN 590, quindi ha una vasta gamma di usi.<\/h4>\n<p>Tutte le materie prime ottenute possono essere utilizzate ecologicamente come materia prima per ulteriori lavorazioni, ma soprattutto per la produzione di energia e per il trasporto.<\/p>\n<h5>Dopo il processo abbiamo tre prodotti principali:<\/h5>\n<p>\t\t\t<a href=\"https:\/\/waste2oil.eu\/it\/oil\/\" role=\"button\"><br \/>\n\t\t\t\t\t\tOlio<br \/>\n\t\t\t\t\t<\/a><\/p>\n<p>Il petrolio pu\u00f2 essere utilizzato per generare elettricit\u00e0 e per il trasporto o pu\u00f2 essere venduto all&#8217;industria petrolchimica e raffineria.<\/p>\n<p>\t\t\t<a href=\"https:\/\/waste2oil.eu\/it\/gas\/\" role=\"button\"><br \/>\n\t\t\t\t\t\tGas<br \/>\n\t\t\t\t\t<\/a><\/p>\n<p>Il gas pu\u00f2 essere utilizzato per generare elettricit\u00e0 nelle turbine a gas o pu\u00f2 essere venduto direttamente alle industrie chimiche.<\/p>\n<p>\t\t\t<a href=\"https:\/\/waste2oil.eu\/it\/carbon-black\/\" role=\"button\"><br \/>\n\t\t\t\t\t\tCarbone nero<br \/>\n\t\t\t\t\t<\/a><\/p>\n<p>Il nerofumo pu\u00f2 essere utilizzato nella produzione di nuovi pneumatici, plastica, prodotti industriali in gomma, rivestimenti ad alte prestazioni, agricoltura, ecc.<\/p>\n<h2>1 kg di plastica ~ 1 litro di olio<\/h2>\n<h6>Olio di alta qualit\u00e0 pu\u00f2 essere utilizzato in questi campi<\/h6>\n<figure><img width=\"2560\" height=\"1707\" src=\"https:\/\/waste2oil.eu\/wp-content\/uploads\/2020\/09\/energy-scaled.jpg\" alt=\"\" loading=\"lazy\" srcset=\"https:\/\/waste2oil.eu\/wp-content\/uploads\/2020\/09\/energy-scaled.jpg 2560w, https:\/\/waste2oil.eu\/wp-content\/uploads\/2020\/09\/energy-300x200.jpg 300w, https:\/\/waste2oil.eu\/wp-content\/uploads\/2020\/09\/energy-1024x683.jpg 1024w, https:\/\/waste2oil.eu\/wp-content\/uploads\/2020\/09\/energy-768x512.jpg 768w, https:\/\/waste2oil.eu\/wp-content\/uploads\/2020\/09\/energy-1536x1024.jpg 1536w, https:\/\/waste2oil.eu\/wp-content\/uploads\/2020\/09\/energy-2048x1365.jpg 2048w\" sizes=\"(max-width: 2560px) 100vw, 2560px\" \/><\/figure>\n<h3>Energia<\/h3>\n<p>L&#8217;olio della tecnologia Waste2oil ha una struttura simile al diesel. L&#8217;olio pu\u00f2 essere utilizzato nei generatori diesel o nella produzione di calore.<\/p>\n<figure><img width=\"1280\" height=\"853\" src=\"https:\/\/waste2oil.eu\/wp-content\/uploads\/2020\/09\/ship1.jpg\" alt=\"\" loading=\"lazy\" srcset=\"https:\/\/waste2oil.eu\/wp-content\/uploads\/2020\/09\/ship1.jpg 1280w, https:\/\/waste2oil.eu\/wp-content\/uploads\/2020\/09\/ship1-300x200.jpg 300w, https:\/\/waste2oil.eu\/wp-content\/uploads\/2020\/09\/ship1-1024x682.jpg 1024w, https:\/\/waste2oil.eu\/wp-content\/uploads\/2020\/09\/ship1-768x512.jpg 768w\" sizes=\"(max-width: 1280px) 100vw, 1280px\" \/><\/figure>\n<h3>Trasporti<\/h3>\n<p>L&#8217;olio pu\u00f2 essere utilizzato come carburante per navi, camion, autobus e nei vecchi motori diesel senza iniezione diretta di carburante.<\/p>\n<figure><img width=\"1280\" height=\"853\" src=\"https:\/\/waste2oil.eu\/wp-content\/uploads\/2020\/09\/refinery2.jpg\" alt=\"\" loading=\"lazy\" srcset=\"https:\/\/waste2oil.eu\/wp-content\/uploads\/2020\/09\/refinery2.jpg 1280w, https:\/\/waste2oil.eu\/wp-content\/uploads\/2020\/09\/refinery2-300x200.jpg 300w, https:\/\/waste2oil.eu\/wp-content\/uploads\/2020\/09\/refinery2-1024x682.jpg 1024w, https:\/\/waste2oil.eu\/wp-content\/uploads\/2020\/09\/refinery2-768x512.jpg 768w\" sizes=\"(max-width: 1280px) 100vw, 1280px\" \/><\/figure>\n<h3>Raffineria<\/h3>\n<p>Il petrolio pu\u00f2 essere aggiunto al combustibile comune nell&#8217;industria della raffineria. Il nostro olio di alta qualit\u00e0 non ha bisogno di essere trattato o pulito.<\/p>\n<figure><img width=\"1280\" height=\"853\" src=\"https:\/\/waste2oil.eu\/wp-content\/uploads\/2020\/09\/Petrochemical.jpg\" alt=\"\" loading=\"lazy\" srcset=\"https:\/\/waste2oil.eu\/wp-content\/uploads\/2020\/09\/Petrochemical.jpg 1280w, https:\/\/waste2oil.eu\/wp-content\/uploads\/2020\/09\/Petrochemical-300x200.jpg 300w, https:\/\/waste2oil.eu\/wp-content\/uploads\/2020\/09\/Petrochemical-1024x682.jpg 1024w, https:\/\/waste2oil.eu\/wp-content\/uploads\/2020\/09\/Petrochemical-768x512.jpg 768w\" sizes=\"(max-width: 1280px) 100vw, 1280px\" \/><\/figure>\n<h3>Petrolchimico<\/h3>\n<p>Industria petrolchimica che produce plastica dal petrolio. Generiamo petrolio dalla plastica che pu\u00f2 essere utilizzato per produrre nuove materie plastiche.<\/p>\n<h4>Da 1 tonnellata di rifiuti si possono produrre fino a 3 MW di elettricit\u00e0.<\/h4>\n<p>La tecnologia Waste2oil \u00e8 sviluppata e costruita come una tecnologia senza sprechi.<\/p>\n<p>Tutti i prodotti ottenuti possono essere tranquillamente utilizzati e trasformati in profitto.<\/p>\n<h5>Tecnologia Waste2oil<\/h5>\n<p>\t\t\t\t\t\t\t\t\t\t<img width=\"768\" height=\"576\" src=\"https:\/\/waste2oil.eu\/wp-content\/uploads\/2021\/06\/Active-cooling-system-768x576.jpg\" alt=\"\" loading=\"lazy\" srcset=\"https:\/\/waste2oil.eu\/wp-content\/uploads\/2021\/06\/Active-cooling-system-768x576.jpg 768w, https:\/\/waste2oil.eu\/wp-content\/uploads\/2021\/06\/Active-cooling-system-300x225.jpg 300w, https:\/\/waste2oil.eu\/wp-content\/uploads\/2021\/06\/Active-cooling-system-600x450.jpg 600w, https:\/\/waste2oil.eu\/wp-content\/uploads\/2021\/06\/Active-cooling-system-865x649.jpg 865w, https:\/\/waste2oil.eu\/wp-content\/uploads\/2021\/06\/Active-cooling-system.jpg 1024w\" sizes=\"(max-width: 768px) 100vw, 768px\" \/><br \/>\n\t\t\t\t\t\t\t\t\t\t<img width=\"345\" height=\"214\" src=\"https:\/\/waste2oil.eu\/wp-content\/uploads\/2020\/08\/Depo-2.png\" alt=\"\" loading=\"lazy\" srcset=\"https:\/\/waste2oil.eu\/wp-content\/uploads\/2020\/08\/Depo-2.png 345w, https:\/\/waste2oil.eu\/wp-content\/uploads\/2020\/08\/Depo-2-300x186.png 300w\" sizes=\"(max-width: 345px) 100vw, 345px\" \/><br \/>\n\t\t\t\t\t\t\t\t\t\t<img width=\"376\" height=\"435\" src=\"https:\/\/waste2oil.eu\/wp-content\/uploads\/2020\/08\/Depo1.png\" alt=\"\" loading=\"lazy\" srcset=\"https:\/\/waste2oil.eu\/wp-content\/uploads\/2020\/08\/Depo1.png 376w, https:\/\/waste2oil.eu\/wp-content\/uploads\/2020\/08\/Depo1-259x300.png 259w\" sizes=\"(max-width: 376px) 100vw, 376px\" \/>\t\t\t\t\t\t\t\t\t\t\t<\/p>\n<h2>L&#8217;unit\u00e0 TDU 1000 pu\u00f2 trattare fino a 8.000 tonnellate di rifiuti all&#8217;anno<\/h2>\n<h5>La soluzione modulare pu\u00f2 essere posizionata semplicemente ovunque.<\/h5>\n<p>L&#8217;unit\u00e0 Waste2oil \u00e8 in grado di lavorare in una zona remota oltre che sull&#8217;isola perch\u00e9 \u00e8 assolutamente autosufficiente.<\/p>\n<p>Non \u00e8 necessario costruire un nuovo edificio. Le unit\u00e0 Waste2oil possono essere collocate all&#8217;esterno in condizioni atmosferiche non superiori a -40 \u00b0 C fino a + 50 \u00b0 C.<\/p>\n<p>\u00c8 necessaria solo una superficie pavimentata.<\/p>\n<p>\t\t\t\t\t\t\t\t\t\t<img width=\"1024\" height=\"477\" src=\"https:\/\/waste2oil.eu\/wp-content\/uploads\/2021\/05\/Foto-technologie-1024x477.jpg\" alt=\"\" loading=\"lazy\" srcset=\"https:\/\/waste2oil.eu\/wp-content\/uploads\/2021\/05\/Foto-technologie-1024x477.jpg 1024w, https:\/\/waste2oil.eu\/wp-content\/uploads\/2021\/05\/Foto-technologie-300x140.jpg 300w, https:\/\/waste2oil.eu\/wp-content\/uploads\/2021\/05\/Foto-technologie-768x358.jpg 768w, https:\/\/waste2oil.eu\/wp-content\/uploads\/2021\/05\/Foto-technologie-1536x716.jpg 1536w, https:\/\/waste2oil.eu\/wp-content\/uploads\/2021\/05\/Foto-technologie-600x280.jpg 600w, https:\/\/waste2oil.eu\/wp-content\/uploads\/2021\/05\/Foto-technologie-1393x649.jpg 1393w, https:\/\/waste2oil.eu\/wp-content\/uploads\/2021\/05\/Foto-technologie.jpg 1811w\" sizes=\"(max-width: 1024px) 100vw, 1024px\" \/>\t\t\t\t\t\t\t\t\t\t\t<\/p>\n<h2>Vantaggi<\/h2>\n<p>Le nostre unit\u00e0 producono la massima qualit\u00e0 dell&#8217;olio<\/p>\n<p>Conforme alla norma EN 590<\/p>\n<p>Zero emissioni<\/p>\n<p>SISTEMA DI BACKUP UNICO PER UN UTILIZZO SICURO<\/p>\n<p>assemblato in loco entro 2 giorni<\/p>\n<h4>FAQ<\/h4>\n<h5>Domande e risposte pi\u00f9 frequenti<\/h5>\n<p>\t\t\t\t\t\t\t\t\t\t\t\t<a href=\"\">Qual \u00e8 la differenza tra la tecnologia Pyrolysis e Waste2oil?<\/a><\/p>\n<p>La differenza principale \u00e8 che la maggior parte delle unit\u00e0 di pirolisi non funzionano in un processo continuo. I rifiuti vengono posti all&#8217;interno e riscaldati a una certa temperatura dopo che l&#8217;unit\u00e0 di elaborazione deve essere aperta, pulita e riempita con nuovi rifiuti. Sono necessari pi\u00f9 dipendenti per far funzionare l&#8217;unit\u00e0 perch\u00e9 costi di esercizio pi\u00f9 elevati e inoltre \u00e8 necessario utilizzare pi\u00f9 energia per riscaldare l&#8217;unit\u00e0 con i rifiuti appena riempiti.<\/p>\n<p>La qualit\u00e0 dell&#8217;olio da Pirolisi deve essere pulita o miscelata con altre sostanze per ottenere olio per un altro uso.<\/p>\n<p>Per l&#8217;unit\u00e0 di pirolisi, \u00e8 necessario pi\u00f9 spazio in modo che non possa essere inserita in piccoli contenitori, ma \u00e8 necessario anche costruire la sala.<\/p>\n<p>L&#8217;unit\u00e0 Waste2oil funziona in un processo continuo che utilizza un trasportatore a coclea per spostare i rifiuti nel reattore a velocit\u00e0 continua e temperatura stabile.<\/p>\n<p>L&#8217;unit\u00e0 Waste2oil pu\u00f2 essere posizionata ovunque sulla superficie pavimentata in condizioni atmosferiche non superiori a -40\u00b0C a + 50\u00b0C.<\/p>\n<p>\t\t\t\t\t\t\t\t\t\t\t\t<a href=\"\">La tecnologia Waste2oil pu\u00f2 processare tutti i tipi di plastica?<\/a><\/p>\n<p>No, la tecnologia Waste2oil si basa sulla decomposizione di materiali organici per azione del calore senza accesso a sostanze ossidanti, in ambiente anaerobico.<\/p>\n<p>Le bottiglie in PET e il PVC contengono ossigeno, ecco perch\u00e9 non pu\u00f2 essere lavorato nelle nostre unit\u00e0 e anche la qualit\u00e0 dell&#8217;olio sarebbe molto bassa.<\/p>\n<p><a href=\"https:\/\/waste2oil.eu\/it\/plastic-waste\/\">Clicca qui<\/a> per vedere i tipi di plastica per l&#8217;unit\u00e0 Waste2oil.<\/p>\n<p>\t\t\t\t\t\t\t\t\t\t\t\t<a href=\"\">Quanti dipendenti sono necessari per far funzionare l&#8217;unit\u00e0?<\/a><\/p>\n<p>Le unit\u00e0 TDU sono completamente automatizzate. Solo un dipendente addestrato per turno \u00e8 necessario per far funzionare l&#8217;unit\u00e0.<\/p>\n<p>\t\t\t\t\t\t\t\t\t\t\t\t<a href=\"\">Le temperature ambiente elevate (ad es. In un&#8217;area desertica) possono influire sul funzionamento di questa tecnologia?<\/a><\/p>\n<p>No. Le unit\u00e0 TDU stesse sono generalmente isolate. In generale, la maggior parte dei dispositivi pu\u00f2 funzionare con una temperatura esterna massima compresa tra -40\u00b0C e + 50\u00b0C.<\/p>\n<p>\t\t\t\t\t\t\t\t\t\t\t\t<a href=\"\">Con che frequenza viene mantenuta questa tecnologia?<\/a><\/p>\n<p>Tutto si basa sulle regole operative elaborate presumendo che il dispositivo funzioni 24 ore al giorno, 330 giorni all&#8217;anno.<\/p>\n<p>\t\t\t\t\t\t\t\t\t\t\t\t<a href=\"\">Quanto tempo ci vuole per produrre un&#8217;unit\u00e0?<\/a><\/p>\n<p>8 mesi.<\/p>\n<p>\t\t\t\t\t\t\t\t\t\t\t\t<a href=\"\">Qual \u00e8 il ritorno dell&#8217;investimento?<\/a><\/p>\n<p>ROI &#8211; Il ritorno dell&#8217;investimento dipende da molti fattori.<\/p>\n<p>Innanzitutto, che tipo di materiale verr\u00e0 elaborato nell&#8217;unit\u00e0 Waste2oil?<\/p>\n<p>Per cosa verranno utilizzati petrolio, gas e nerofumo? In ogni paese ci sono prezzi diversi per petrolio, elettricit\u00e0, ecc.<\/p>\n<p>Il tuo governo sostiene i sussidi se tratterai i rifiuti e aiuterai l&#8217;ambiente?<\/p>\n<p>Il ROI esatto pu\u00f2 essere basato solo sul caso di studio.<\/p>\n<p>Nonostante ci\u00f2, la tecnologia Waste2oil ha un ritorno dell&#8217;investimento da 2 a 5 anni.<\/p>\n<h2>Mettiamoci<\/h2>\n<h2>in contatto<\/h2>\n<h3>\n\t\t\t\t\tIndirizzo e-mail<br \/>\n\t\t\t\t<\/h3>\n<p>info@waste2oil.eu<\/p>\n<h3>\n\t\t\t\t\tChiamaci<br \/>\n\t\t\t\t<\/h3>\n<p>+420 605 905 133<\/p>\n<h3>\n\t\t\t\t\tIndirizzo<br \/>\n\t\t\t\t<\/h3>\n<p>EA TRADE s.r.o. <br \/>\nPricna 1892\/4, <br \/>Nove Mesto, 110 00 <br \/>Prague, Czech Republic<\/p>\n<h3>Media sociali<\/h3>\n<p>\t\t\t\t\t<a href=\"https:\/\/www.facebook.com\/waste2oil\" target=\"_blank\" rel=\"noopener\"><br \/>\n\t\t\t\t\t\tFacebook-f<br \/>\n\t\t\t\t\t\t\t\t\t\t\t<\/a><br \/>\n\t\t\t\t\t<a href=\"https:\/\/www.youtube.com\/watch?v=4dmcew1vrgM&#038;t=11s\" target=\"_blank\" rel=\"noopener\"><br \/>\n\t\t\t\t\t\tYoutube<br \/>\n\t\t\t\t\t\t\t\t\t\t\t<\/a><\/p>\n","protected":false},"excerpt":{"rendered":"<p>Dai rifiuti produciamo petrolio Leggi di pi\u00f9 Rifiuti di plastica La plastica \u00e8 un problema mondiale. Il nostro obiettivo \u00e8 trasformare le plastiche che finiscono nelle discariche o vengono incenerite in una merce di grande valore. Pneumatici usati La maggior parte degli pneumatici usati finisce in discarica o in natura. La tecnologia Waste2oil \u00e8 l&#8217;unica [&hellip;]<\/p>\n","protected":false},"author":1,"featured_media":0,"parent":0,"menu_order":0,"comment_status":"closed","ping_status":"closed","template":"template-page-builders.php","meta":[],"translation":{"provider":"WPGlobus","version":"2.7.3","language":"it","enabled_languages":["en","es","fr","it","ru","zh"],"languages":{"en":{"title":true,"content":true,"excerpt":false},"es":{"title":true,"content":true,"excerpt":false},"fr":{"title":false,"content":true,"excerpt":false},"it":{"title":false,"content":true,"excerpt":false},"ru":{"title":false,"content":true,"excerpt":false},"zh":{"title":false,"content":true,"excerpt":false}}},"yoast_head":"<!-- This site is optimized with the Yoast SEO plugin v15.3 - https:\/\/yoast.com\/wordpress\/plugins\/seo\/ -->\n<title>- Waste2oil<\/title>\n<meta name=\"robots\" content=\"index, follow, max-snippet:-1, max-image-preview:large, max-video-preview:-1\" \/>\n<link rel=\"canonical\" href=\"https:\/\/waste2oil.eu\/\" \/>\n<meta property=\"og:locale\" content=\"it_IT\" \/>\n<meta property=\"og:type\" content=\"article\" \/>\n<meta property=\"og:title\" content=\"- Waste2oil\" \/>\n<meta property=\"og:url\" content=\"https:\/\/waste2oil.eu\/\" \/>\n<meta property=\"og:site_name\" content=\"Waste2oil\" \/>\n<meta property=\"article:modified_time\" content=\"2023-06-21T12:24:37+00:00\" \/>\n<meta property=\"og:image\" content=\"https:\/\/waste2oil.eu\/wp-content\/uploads\/2020\/08\/Factory-2-1024x486.jpg\" \/>\n<meta name=\"twitter:card\" content=\"summary_large_image\" \/>\n<meta name=\"twitter:label1\" content=\"Written by\">\n\t<meta name=\"twitter:data1\" content=\"admin\">\n\t<meta name=\"twitter:label2\" content=\"Est. reading time\">\n\t<meta name=\"twitter:data2\" content=\"19 minutes\">\n<script type=\"application\/ld+json\" class=\"yoast-schema-graph\">{\"@context\":\"https:\/\/schema.org\",\"@graph\":[{\"@type\":\"WebSite\",\"@id\":\"https:\/\/waste2oil.eu\/#website\",\"url\":\"https:\/\/waste2oil.eu\/\",\"name\":\"Waste2oil\",\"description\":\"From waste we make oil\",\"potentialAction\":[{\"@type\":\"SearchAction\",\"target\":\"https:\/\/waste2oil.eu\/?s={search_term_string}\",\"query-input\":\"required name=search_term_string\"}],\"inLanguage\":\"it-IT\"},{\"@type\":\"ImageObject\",\"@id\":\"https:\/\/waste2oil.eu\/#primaryimage\",\"inLanguage\":\"it-IT\",\"url\":\"https:\/\/waste2oil.eu\/wp-content\/uploads\/2020\/08\/Factory-2.jpg\",\"width\":1159,\"height\":550},{\"@type\":\"WebPage\",\"@id\":\"https:\/\/waste2oil.eu\/#webpage\",\"url\":\"https:\/\/waste2oil.eu\/\",\"name\":\" - Waste2oil\",\"isPartOf\":{\"@id\":\"https:\/\/waste2oil.eu\/#website\"},\"primaryImageOfPage\":{\"@id\":\"https:\/\/waste2oil.eu\/#primaryimage\"},\"datePublished\":\"2016-03-24T12:13:42+00:00\",\"dateModified\":\"2023-06-21T12:24:37+00:00\",\"inLanguage\":\"it-IT\",\"potentialAction\":[{\"@type\":\"ReadAction\",\"target\":[\"https:\/\/waste2oil.eu\/\"]}]}]}<\/script>\n<!-- \/ Yoast SEO plugin. -->","_links":{"self":[{"href":"https:\/\/waste2oil.eu\/it\/wp-json\/wp\/v2\/pages\/1396"}],"collection":[{"href":"https:\/\/waste2oil.eu\/it\/wp-json\/wp\/v2\/pages"}],"about":[{"href":"https:\/\/waste2oil.eu\/it\/wp-json\/wp\/v2\/types\/page"}],"author":[{"embeddable":true,"href":"https:\/\/waste2oil.eu\/it\/wp-json\/wp\/v2\/users\/1"}],"replies":[{"embeddable":true,"href":"https:\/\/waste2oil.eu\/it\/wp-json\/wp\/v2\/comments?post=1396"}],"version-history":[{"count":577,"href":"https:\/\/waste2oil.eu\/it\/wp-json\/wp\/v2\/pages\/1396\/revisions"}],"predecessor-version":[{"id":3230,"href":"https:\/\/waste2oil.eu\/it\/wp-json\/wp\/v2\/pages\/1396\/revisions\/3230"}],"wp:attachment":[{"href":"https:\/\/waste2oil.eu\/it\/wp-json\/wp\/v2\/media?parent=1396"}],"curies":[{"name":"wp","href":"https:\/\/api.w.org\/{rel}","templated":true}]}}