{"id":1892,"date":"2020-09-09T12:27:00","date_gmt":"2020-09-09T12:27:00","guid":{"rendered":"http:\/\/waste2oil.eu\/?page_id=1892"},"modified":"2021-06-02T16:40:57","modified_gmt":"2021-06-02T16:40:57","slug":"carbon-black","status":"publish","type":"page","link":"https:\/\/waste2oil.eu\/it\/carbon-black\/","title":{"rendered":"Carbon Black"},"content":{"rendered":"<h5>Carbone nero<\/h5>\n<p><strong style=\"font-style: var( --e-global-typography-text-font-style ); letter-spacing: var( --e-global-typography-text-letter-spacing ); text-transform: var( --e-global-typography-text-text-transform ); color: #666666; font-family: Arial, Helvetica, sans-serif; font-size: 14px;\">Il nerofumo \u00e8 usato come agente rinforzante chimico nella gomma e come agente colorante nelle industrie dei pigmenti. Questo prezzo di nerofumo \u00e8 molto competitivo rispetto al nerofumo del petrolio, quindi il nerofumo della nostra unit\u00e0 Waste2oil \u00e8 una migliore alternativa al nerofumo del petrolio.<\/strong><\/p>\n<p>\t\t\t\t\t\t\t\t\t\t<img width=\"710\" height=\"509\" src=\"https:\/\/waste2oil.eu\/wp-content\/uploads\/2020\/09\/Carbon-Black.jpg\" alt=\"\" loading=\"lazy\" srcset=\"https:\/\/waste2oil.eu\/wp-content\/uploads\/2020\/09\/Carbon-Black.jpg 710w, https:\/\/waste2oil.eu\/wp-content\/uploads\/2020\/09\/Carbon-Black-300x215.jpg 300w\" sizes=\"(max-width: 710px) 100vw, 710px\" \/>\t\t\t\t\t\t\t\t\t\t\t<\/p>\n<h2>Uso del nerofumo<\/h2>\n<p>\t\t\t\t\t\t\t\t\t\t<img width=\"1024\" height=\"686\" src=\"https:\/\/waste2oil.eu\/wp-content\/uploads\/2020\/09\/New_tyres-1024x686.jpg\" alt=\"\" loading=\"lazy\" srcset=\"https:\/\/waste2oil.eu\/wp-content\/uploads\/2020\/09\/New_tyres-1024x686.jpg 1024w, https:\/\/waste2oil.eu\/wp-content\/uploads\/2020\/09\/New_tyres-300x201.jpg 300w, https:\/\/waste2oil.eu\/wp-content\/uploads\/2020\/09\/New_tyres-768x515.jpg 768w, https:\/\/waste2oil.eu\/wp-content\/uploads\/2020\/09\/New_tyres.jpg 1280w\" sizes=\"(max-width: 1024px) 100vw, 1024px\" \/>\t\t\t\t\t\t\t\t\t\t\t<\/p>\n<h3>pneumatici<\/h3>\n<p>Il nerofumo viene aggiunto alla gomma sia come riempitivo che come agente rinforzante o rinforzante. Per vari tipi di pneumatici, viene utilizzato in rivestimenti interni, carcasse, fianchi e battistrada utilizzando diversi tipi in base a requisiti prestazionali specifici.v<\/p>\n<p>\t\t\t\t\t\t\t\t\t\t<img width=\"1024\" height=\"682\" src=\"https:\/\/waste2oil.eu\/wp-content\/uploads\/2020\/09\/Farming-1-1024x682.jpg\" alt=\"\" loading=\"lazy\" srcset=\"https:\/\/waste2oil.eu\/wp-content\/uploads\/2020\/09\/Farming-1-1024x682.jpg 1024w, https:\/\/waste2oil.eu\/wp-content\/uploads\/2020\/09\/Farming-1-300x200.jpg 300w, https:\/\/waste2oil.eu\/wp-content\/uploads\/2020\/09\/Farming-1-768x512.jpg 768w, https:\/\/waste2oil.eu\/wp-content\/uploads\/2020\/09\/Farming-1.jpg 1280w\" sizes=\"(max-width: 1024px) 100vw, 1024px\" \/>\t\t\t\t\t\t\t\t\t\t\t<\/p>\n<h3>Agricoltura<\/h3>\n<p>Il nerofumo viene applicato al suolo per migliorarne la fertilit\u00e0. Come effetto collaterale positivo, la mobilit\u00e0 dei pesticidi e il rischio di contaminazione delle acque sotterranee possono essere ridotti al minimo. Puoi saperne di pi\u00f9 <a href=\"http:\/\/www.econutrifert.com\">qui.<\/a><\/p>\n<p>\t\t\t\t\t\t\t\t\t\t<img width=\"1024\" height=\"682\" src=\"https:\/\/waste2oil.eu\/wp-content\/uploads\/2020\/09\/pipes-1024x682.jpg\" alt=\"\" loading=\"lazy\" srcset=\"https:\/\/waste2oil.eu\/wp-content\/uploads\/2020\/09\/pipes-1024x682.jpg 1024w, https:\/\/waste2oil.eu\/wp-content\/uploads\/2020\/09\/pipes-300x200.jpg 300w, https:\/\/waste2oil.eu\/wp-content\/uploads\/2020\/09\/pipes-768x512.jpg 768w, https:\/\/waste2oil.eu\/wp-content\/uploads\/2020\/09\/pipes.jpg 1280w\" sizes=\"(max-width: 1024px) 100vw, 1024px\" \/>\t\t\t\t\t\t\t\t\t\t\t<\/p>\n<h3>PLASTICA<\/h3>\n<p>I neri di carbonio sono ora ampiamente utilizzati per imballaggi, tubi di plastica, pellicole, fibre, fusioni, composti di cavi. Obiettivi semi-funzionanti in prodotti come sacchi della spazzatura, sacchi industriali, contenitori fotografici, pellicole per pacciamatura agricola, pellicola estensibile e prodotti elettrici\/elettronici.<\/p>\n<p>\t\t\t\t\t\t\t\t\t\t<img width=\"1024\" height=\"682\" src=\"https:\/\/waste2oil.eu\/wp-content\/uploads\/2020\/09\/carbon-coating-1024x682.jpg\" alt=\"\" loading=\"lazy\" srcset=\"https:\/\/waste2oil.eu\/wp-content\/uploads\/2020\/09\/carbon-coating-1024x682.jpg 1024w, https:\/\/waste2oil.eu\/wp-content\/uploads\/2020\/09\/carbon-coating-300x200.jpg 300w, https:\/\/waste2oil.eu\/wp-content\/uploads\/2020\/09\/carbon-coating-768x512.jpg 768w, https:\/\/waste2oil.eu\/wp-content\/uploads\/2020\/09\/carbon-coating.jpg 1280w\" sizes=\"(max-width: 1024px) 100vw, 1024px\" \/>\t\t\t\t\t\t\t\t\t\t\t<\/p>\n<h3>Rivestimenti ad alte prestazioni<\/h3>\n<p>Il nero carbone fornisce pigmentazione, conduttivit\u00e0 e protezione dai raggi UV per una serie di applicazioni di rivestimento, tra cui rivestimenti automobilistici (fondi e vernici), marini, aerospaziali, decorativi, per legno e industriali.<\/p>\n<p>\t\t\t\t\t\t\t\t\t\t<img width=\"1024\" height=\"682\" src=\"https:\/\/waste2oil.eu\/wp-content\/uploads\/2020\/09\/Toner-1024x682.jpg\" alt=\"\" loading=\"lazy\" srcset=\"https:\/\/waste2oil.eu\/wp-content\/uploads\/2020\/09\/Toner-1024x682.jpg 1024w, https:\/\/waste2oil.eu\/wp-content\/uploads\/2020\/09\/Toner-300x200.jpg 300w, https:\/\/waste2oil.eu\/wp-content\/uploads\/2020\/09\/Toner-768x512.jpg 768w, https:\/\/waste2oil.eu\/wp-content\/uploads\/2020\/09\/Toner.jpg 1280w\" sizes=\"(max-width: 1024px) 100vw, 1024px\" \/>\t\t\t\t\t\t\t\t\t\t\t<\/p>\n<h3>toner e inchiostri da stampa<\/h3>\n<p>Il nero carbone migliora le formulazioni e offre una grande flessibilit\u00e0 per soddisfare requisiti di colore specifici.<\/p>\n<p>\t\t\t\t\t\t\t\t\t\t<img width=\"1024\" height=\"682\" src=\"https:\/\/waste2oil.eu\/wp-content\/uploads\/2020\/09\/Carbon-1024x682.jpg\" alt=\"\" loading=\"lazy\" srcset=\"https:\/\/waste2oil.eu\/wp-content\/uploads\/2020\/09\/Carbon-1024x682.jpg 1024w, https:\/\/waste2oil.eu\/wp-content\/uploads\/2020\/09\/Carbon-300x200.jpg 300w, https:\/\/waste2oil.eu\/wp-content\/uploads\/2020\/09\/Carbon-768x512.jpg 768w, https:\/\/waste2oil.eu\/wp-content\/uploads\/2020\/09\/Carbon.jpg 1280w\" sizes=\"(max-width: 1024px) 100vw, 1024px\" \/>\t\t\t\t\t\t\t\t\t\t\t<\/p>\n<h3>prodotti industriali in gomma<\/h3>\n<p>Il nerofumo \u00e8 utilizzato anche in molti prodotti in gomma industriale stampati ed estrusi, come cinghie, tubi flessibili, guarnizioni, diaframmi, isolatori di vibrazioni, boccole, molle ad aria, protezioni. Urti del telaio e diversi tipi di cuscinetti, stivali, spazzole tergicristallo, fascia, ruote del trasportatore e occhielli.<\/p>\n<h2>Altri campi di applicazione<\/h2>\n<ul>\n<li>\n\t\t\t\t\t\t\t\t\t\tAntincendio\n\t\t\t\t\t\t\t\t\t<\/li>\n<li>\n\t\t\t\t\t\t\t\t\t\tPezzi di ricambio automobilistici\n\t\t\t\t\t\t\t\t\t<\/li>\n<li>\n\t\t\t\t\t\t\t\t\t\tFasce portanti\n\t\t\t\t\t\t\t\t\t<\/li>\n<li>\n\t\t\t\t\t\t\t\t\t\tBorsa in nylon nero\n\t\t\t\t\t\t\t\t\t<\/li>\n<li>\n\t\t\t\t\t\t\t\t\t\tAdditivo per gomma\n\t\t\t\t\t\t\t\t\t<\/li>\n<li>\n\t\t\t\t\t\t\t\t\t\tGuaina per cavi elettrici\n\t\t\t\t\t\t\t\t\t<\/li>\n<li>\n\t\t\t\t\t\t\t\t\t\tTubo e zerbino\n\t\t\t\t\t\t\t\t\t<\/li>\n<li>\n\t\t\t\t\t\t\t\t\t\tIsolamento termico\n\t\t\t\t\t\t\t\t\t<\/li>\n<li>\n\t\t\t\t\t\t\t\t\t\tColorante nero nei materiali in gomma\n\t\t\t\t\t\t\t\t\t<\/li>\n<li>\n\t\t\t\t\t\t\t\t\t\tElettrodomestici e contenitori soffiati\n\t\t\t\t\t\t\t\t\t<\/li>\n<li>\n\t\t\t\t\t\t\t\t\t\tApplicazioni di stampaggio termoplastico per il settore automobilistico\n\t\t\t\t\t\t\t\t\t<\/li>\n<\/ul>\n","protected":false},"excerpt":{"rendered":"<p>Carbone nero Il nerofumo \u00e8 usato come agente rinforzante chimico nella gomma e come agente colorante nelle industrie dei pigmenti. Questo prezzo di nerofumo \u00e8 molto competitivo rispetto al nerofumo del petrolio, quindi il nerofumo della nostra unit\u00e0 Waste2oil \u00e8 una migliore alternativa al nerofumo del petrolio. Uso del nerofumo pneumatici Il nerofumo viene aggiunto [&hellip;]<\/p>\n","protected":false},"author":1,"featured_media":0,"parent":0,"menu_order":0,"comment_status":"closed","ping_status":"closed","template":"elementor_header_footer","meta":[],"translation":{"provider":"WPGlobus","version":"2.7.3","language":"it","enabled_languages":["en","es","fr","it","ru","zh"],"languages":{"en":{"title":true,"content":true,"excerpt":false},"es":{"title":true,"content":true,"excerpt":false},"fr":{"title":false,"content":true,"excerpt":false},"it":{"title":false,"content":true,"excerpt":false},"ru":{"title":false,"content":true,"excerpt":false},"zh":{"title":false,"content":true,"excerpt":false}}},"yoast_head":"<!-- This site is optimized with the Yoast SEO plugin v15.3 - https:\/\/yoast.com\/wordpress\/plugins\/seo\/ -->\n<title>- Waste2oil<\/title>\n<meta name=\"robots\" content=\"index, follow, max-snippet:-1, max-image-preview:large, max-video-preview:-1\" \/>\n<link rel=\"canonical\" href=\"https:\/\/waste2oil.eu\/carbon-black\/\" \/>\n<meta property=\"og:locale\" content=\"it_IT\" \/>\n<meta property=\"og:type\" content=\"article\" \/>\n<meta property=\"og:title\" content=\"- Waste2oil\" \/>\n<meta property=\"og:url\" content=\"https:\/\/waste2oil.eu\/carbon-black\/\" \/>\n<meta property=\"og:site_name\" content=\"Waste2oil\" \/>\n<meta property=\"article:modified_time\" content=\"2021-06-02T16:40:57+00:00\" \/>\n<meta property=\"og:image\" content=\"https:\/\/waste2oil.eu\/wp-content\/uploads\/2020\/09\/Carbon-Black.jpg\" \/>\n<meta name=\"twitter:card\" content=\"summary_large_image\" \/>\n<meta name=\"twitter:label1\" content=\"Written by\">\n\t<meta name=\"twitter:data1\" content=\"admin\">\n\t<meta name=\"twitter:label2\" content=\"Est. reading time\">\n\t<meta name=\"twitter:data2\" content=\"6 minutes\">\n<script type=\"application\/ld+json\" class=\"yoast-schema-graph\">{\"@context\":\"https:\/\/schema.org\",\"@graph\":[{\"@type\":\"WebSite\",\"@id\":\"https:\/\/waste2oil.eu\/#website\",\"url\":\"https:\/\/waste2oil.eu\/\",\"name\":\"Waste2oil\",\"description\":\"From waste we make oil\",\"potentialAction\":[{\"@type\":\"SearchAction\",\"target\":\"https:\/\/waste2oil.eu\/?s={search_term_string}\",\"query-input\":\"required name=search_term_string\"}],\"inLanguage\":\"it-IT\"},{\"@type\":\"ImageObject\",\"@id\":\"https:\/\/waste2oil.eu\/carbon-black\/#primaryimage\",\"inLanguage\":\"it-IT\",\"url\":\"https:\/\/waste2oil.eu\/wp-content\/uploads\/2020\/09\/Carbon-Black.jpg\",\"width\":710,\"height\":509,\"caption\":\"charcoal powder isolated on white background\"},{\"@type\":\"WebPage\",\"@id\":\"https:\/\/waste2oil.eu\/carbon-black\/#webpage\",\"url\":\"https:\/\/waste2oil.eu\/carbon-black\/\",\"name\":\" - Waste2oil\",\"isPartOf\":{\"@id\":\"https:\/\/waste2oil.eu\/#website\"},\"primaryImageOfPage\":{\"@id\":\"https:\/\/waste2oil.eu\/carbon-black\/#primaryimage\"},\"datePublished\":\"2020-09-09T12:27:00+00:00\",\"dateModified\":\"2021-06-02T16:40:57+00:00\",\"inLanguage\":\"it-IT\",\"potentialAction\":[{\"@type\":\"ReadAction\",\"target\":[\"https:\/\/waste2oil.eu\/carbon-black\/\"]}]}]}<\/script>\n<!-- \/ Yoast SEO plugin. -->","_links":{"self":[{"href":"https:\/\/waste2oil.eu\/it\/wp-json\/wp\/v2\/pages\/1892"}],"collection":[{"href":"https:\/\/waste2oil.eu\/it\/wp-json\/wp\/v2\/pages"}],"about":[{"href":"https:\/\/waste2oil.eu\/it\/wp-json\/wp\/v2\/types\/page"}],"author":[{"embeddable":true,"href":"https:\/\/waste2oil.eu\/it\/wp-json\/wp\/v2\/users\/1"}],"replies":[{"embeddable":true,"href":"https:\/\/waste2oil.eu\/it\/wp-json\/wp\/v2\/comments?post=1892"}],"version-history":[{"count":48,"href":"https:\/\/waste2oil.eu\/it\/wp-json\/wp\/v2\/pages\/1892\/revisions"}],"predecessor-version":[{"id":3076,"href":"https:\/\/waste2oil.eu\/it\/wp-json\/wp\/v2\/pages\/1892\/revisions\/3076"}],"wp:attachment":[{"href":"https:\/\/waste2oil.eu\/it\/wp-json\/wp\/v2\/media?parent=1892"}],"curies":[{"name":"wp","href":"https:\/\/api.w.org\/{rel}","templated":true}]}}