{"id":1996,"date":"2020-09-16T19:40:26","date_gmt":"2020-09-16T19:40:26","guid":{"rendered":"http:\/\/waste2oil.eu\/?page_id=1996"},"modified":"2021-10-22T06:36:09","modified_gmt":"2021-10-22T06:36:09","slug":"faq","status":"publish","type":"page","link":"https:\/\/waste2oil.eu\/it\/faq\/","title":{"rendered":"FAQ"},"content":{"rendered":"<h4>FAQ<\/h4>\n<h5>Domande e risposte pi\u00f9 frequenti<\/h5>\n<p>\t\t\t\t\t\t\t\t\t\t\t\t<a href=\"\">Qual \u00e8 la differenza tra la tecnologia Pyrolysis e Waste2oil?<\/a><\/p>\n<p>La differenza principale \u00e8 che la maggior parte delle unit\u00e0 di pirolisi non funzionano in un processo continuo. I rifiuti vengono posti all&#8217;interno e riscaldati a una certa temperatura dopo che l&#8217;unit\u00e0 di elaborazione deve essere aperta, pulita e riempita con nuovi rifiuti. Sono necessari pi\u00f9 dipendenti per far funzionare l&#8217;unit\u00e0 perch\u00e9 costi di esercizio pi\u00f9 elevati e inoltre \u00e8 necessario utilizzare pi\u00f9 energia per riscaldare l&#8217;unit\u00e0 con i rifiuti appena riempiti.<\/p>\n<p>La qualit\u00e0 dell&#8217;olio da Pirolisi deve essere pulita o miscelata con altre sostanze per ottenere olio per un altro uso.<\/p>\n<p>Per l&#8217;unit\u00e0 di pirolisi, \u00e8 necessario pi\u00f9 spazio in modo che non possa essere inserita in piccoli contenitori, ma \u00e8 necessario anche costruire la sala.<\/p>\n<p>L&#8217;unit\u00e0 Waste2oil funziona in un processo continuo che utilizza un trasportatore a coclea per spostare i rifiuti nel reattore a velocit\u00e0 continua e temperatura stabile.<\/p>\n<p>L&#8217;unit\u00e0 Waste2oil pu\u00f2 essere posizionata ovunque sulla superficie pavimentata in condizioni atmosferiche non superiori a -40\u00b0C a + 50\u00b0C.<\/p>\n<p>\t\t\t\t\t\t\t\t\t\t\t\t<a href=\"\">La tecnologia Waste2oil pu\u00f2 processare tutti i tipi di plastica?<\/a><\/p>\n<p>No, la tecnologia Waste2oil si basa sulla decomposizione di materiali organici per azione del calore senza accesso a sostanze ossidanti, in ambiente anaerobico.<\/p>\n<p>Le bottiglie in PET e il PVC contengono ossigeno, ecco perch\u00e9 non pu\u00f2 essere lavorato nelle nostre unit\u00e0 e anche la qualit\u00e0 dell&#8217;olio sarebbe molto bassa.<\/p>\n<p><a href=\"https:\/\/waste2oil.eu\/it\/plastic-waste\/\">Clicca qui<\/a> per vedere i tipi di plastica per l&#8217;unit\u00e0 Waste2oil.<\/p>\n<p>\t\t\t\t\t\t\t\t\t\t\t\t<a href=\"\">Quanti dipendenti sono necessari per far funzionare l&#8217;unit\u00e0?<\/a><\/p>\n<p>Le unit\u00e0 TDU sono completamente automatizzate. Solo un dipendente addestrato per turno \u00e8 necessario per far funzionare l&#8217;unit\u00e0.<\/p>\n<p>\t\t\t\t\t\t\t\t\t\t\t\t<a href=\"\">Le temperature ambiente elevate (ad es. In un&#8217;area desertica) possono influire sul funzionamento di questa tecnologia?<\/a><\/p>\n<p>No. Le unit\u00e0 TDU stesse sono generalmente isolate. In generale, la maggior parte dei dispositivi pu\u00f2 funzionare con una temperatura esterna massima compresa tra -40\u00b0C e + 50\u00b0C.<\/p>\n<p>\t\t\t\t\t\t\t\t\t\t\t\t<a href=\"\">Con che frequenza viene mantenuta questa tecnologia?<\/a><\/p>\n<p>Tutto si basa sulle regole operative elaborate presumendo che il dispositivo funzioni 24 ore al giorno, 330 giorni all&#8217;anno.<\/p>\n<p>\t\t\t\t\t\t\t\t\t\t\t\t<a href=\"\">Quanto tempo ci vuole per produrre un&#8217;unit\u00e0?<\/a><\/p>\n<p>8 mesi.<\/p>\n<p>\t\t\t\t\t\t\t\t\t\t\t\t<a href=\"\">Qual \u00e8 il ritorno dell&#8217;investimento?<\/a><\/p>\n<p>ROI &#8211; Il ritorno dell&#8217;investimento dipende da molti fattori.<\/p>\n<p>Innanzitutto, che tipo di materiale verr\u00e0 elaborato nell&#8217;unit\u00e0 Waste2oil?<\/p>\n<p>Per cosa verranno utilizzati petrolio, gas e nerofumo? In ogni paese ci sono prezzi diversi per petrolio, elettricit\u00e0, ecc.<\/p>\n<p>Il tuo governo sostiene i sussidi se tratterai i rifiuti e aiuterai l&#8217;ambiente?<\/p>\n<p>Il ROI esatto pu\u00f2 essere basato solo sul caso di studio.<\/p>\n<p>Nonostante ci\u00f2, la tecnologia Waste2oil ha un ritorno dell&#8217;investimento da 2 a 5 anni.<\/p>\n","protected":false},"excerpt":{"rendered":"<p>FAQ Domande e risposte pi\u00f9 frequenti Qual \u00e8 la differenza tra la tecnologia Pyrolysis e Waste2oil? La differenza principale \u00e8 che la maggior parte delle unit\u00e0 di pirolisi non funzionano in un processo continuo. I rifiuti vengono posti all&#8217;interno e riscaldati a una certa temperatura dopo che l&#8217;unit\u00e0 di elaborazione deve essere aperta, pulita e [&hellip;]<\/p>\n","protected":false},"author":1,"featured_media":0,"parent":0,"menu_order":0,"comment_status":"closed","ping_status":"closed","template":"elementor_header_footer","meta":[],"translation":{"provider":"WPGlobus","version":"2.7.3","language":"it","enabled_languages":["en","es","fr","it","ru","zh"],"languages":{"en":{"title":true,"content":true,"excerpt":false},"es":{"title":true,"content":true,"excerpt":false},"fr":{"title":false,"content":true,"excerpt":false},"it":{"title":false,"content":true,"excerpt":false},"ru":{"title":false,"content":true,"excerpt":false},"zh":{"title":false,"content":true,"excerpt":false}}},"yoast_head":"<!-- This site is optimized with the Yoast SEO plugin v15.3 - https:\/\/yoast.com\/wordpress\/plugins\/seo\/ -->\n<title>- Waste2oil<\/title>\n<meta name=\"robots\" content=\"index, follow, max-snippet:-1, max-image-preview:large, max-video-preview:-1\" \/>\n<link rel=\"canonical\" href=\"https:\/\/waste2oil.eu\/faq\/\" \/>\n<meta property=\"og:locale\" content=\"it_IT\" \/>\n<meta property=\"og:type\" content=\"article\" \/>\n<meta property=\"og:title\" content=\"- Waste2oil\" \/>\n<meta property=\"og:url\" content=\"https:\/\/waste2oil.eu\/faq\/\" \/>\n<meta property=\"og:site_name\" content=\"Waste2oil\" \/>\n<meta property=\"article:modified_time\" content=\"2021-10-22T06:36:09+00:00\" \/>\n<meta name=\"twitter:card\" content=\"summary_large_image\" \/>\n<meta name=\"twitter:label1\" content=\"Written by\">\n\t<meta name=\"twitter:data1\" content=\"admin\">\n\t<meta name=\"twitter:label2\" content=\"Est. reading time\">\n\t<meta name=\"twitter:data2\" content=\"8 minutes\">\n<script type=\"application\/ld+json\" class=\"yoast-schema-graph\">{\"@context\":\"https:\/\/schema.org\",\"@graph\":[{\"@type\":\"WebSite\",\"@id\":\"https:\/\/waste2oil.eu\/#website\",\"url\":\"https:\/\/waste2oil.eu\/\",\"name\":\"Waste2oil\",\"description\":\"From waste we make oil\",\"potentialAction\":[{\"@type\":\"SearchAction\",\"target\":\"https:\/\/waste2oil.eu\/?s={search_term_string}\",\"query-input\":\"required name=search_term_string\"}],\"inLanguage\":\"it-IT\"},{\"@type\":\"WebPage\",\"@id\":\"https:\/\/waste2oil.eu\/faq\/#webpage\",\"url\":\"https:\/\/waste2oil.eu\/faq\/\",\"name\":\" - Waste2oil\",\"isPartOf\":{\"@id\":\"https:\/\/waste2oil.eu\/#website\"},\"datePublished\":\"2020-09-16T19:40:26+00:00\",\"dateModified\":\"2021-10-22T06:36:09+00:00\",\"inLanguage\":\"it-IT\",\"potentialAction\":[{\"@type\":\"ReadAction\",\"target\":[\"https:\/\/waste2oil.eu\/faq\/\"]}]}]}<\/script>\n<!-- \/ Yoast SEO plugin. -->","_links":{"self":[{"href":"https:\/\/waste2oil.eu\/it\/wp-json\/wp\/v2\/pages\/1996"}],"collection":[{"href":"https:\/\/waste2oil.eu\/it\/wp-json\/wp\/v2\/pages"}],"about":[{"href":"https:\/\/waste2oil.eu\/it\/wp-json\/wp\/v2\/types\/page"}],"author":[{"embeddable":true,"href":"https:\/\/waste2oil.eu\/it\/wp-json\/wp\/v2\/users\/1"}],"replies":[{"embeddable":true,"href":"https:\/\/waste2oil.eu\/it\/wp-json\/wp\/v2\/comments?post=1996"}],"version-history":[{"count":41,"href":"https:\/\/waste2oil.eu\/it\/wp-json\/wp\/v2\/pages\/1996\/revisions"}],"predecessor-version":[{"id":3181,"href":"https:\/\/waste2oil.eu\/it\/wp-json\/wp\/v2\/pages\/1996\/revisions\/3181"}],"wp:attachment":[{"href":"https:\/\/waste2oil.eu\/it\/wp-json\/wp\/v2\/media?parent=1996"}],"curies":[{"name":"wp","href":"https:\/\/api.w.org\/{rel}","templated":true}]}}