{"id":2101,"date":"2020-10-04T18:05:39","date_gmt":"2020-10-04T18:05:39","guid":{"rendered":"http:\/\/waste2oil.eu\/?page_id=2101"},"modified":"2021-10-21T09:16:18","modified_gmt":"2021-10-21T09:16:18","slug":"tdu-700","status":"publish","type":"page","link":"https:\/\/waste2oil.eu\/it\/tdu-700\/","title":{"rendered":"TDU 700"},"content":{"rendered":"<h5>TDU 700<\/h5>\n<p>L&#8217;unit\u00e0 mobile con una capacit\u00e0 massima di 700 kg \/ ora in funzionamento continuo \u00e8 focalizzata sulla <strong>massima resa e sulla massima qualit\u00e0 dell&#8217;olio<\/strong> durante il processo di riciclaggio del materiale a scapito della potenza in ingresso.<\/p>\n<p>\u00c8 stato sviluppato e costruito per riciclare <strong>rifiuti<\/strong> <strong>di plastica, maschere per il viso usate, rifiuti sanitari, pellet di biomassa, substrato e digestato da impianti di biogas, fanghi di scarto da impianti di trattamento delle acque reflue.<\/strong><\/p>\n<p><img loading=\"lazy\" src=\"https:\/\/waste2oil.eu\/wp-content\/uploads\/2020\/08\/Factory-2-1024x486.jpg\" sizes=\"(max-width: 1024px) 100vw, 1024px\" srcset=\"https:\/\/waste2oil.eu\/wp-content\/uploads\/2020\/08\/Factory-2-1024x486.jpg 1024w, https:\/\/waste2oil.eu\/wp-content\/uploads\/2020\/08\/Factory-2-300x142.jpg 300w, https:\/\/waste2oil.eu\/wp-content\/uploads\/2020\/08\/Factory-2-768x364.jpg 768w, https:\/\/waste2oil.eu\/wp-content\/uploads\/2020\/08\/Factory-2.jpg 1159w\" alt=\"\" width=\"1024\" height=\"486\" \/><\/p>\n<p>Dopo il processo di riciclaggio dei rifiuti, possiamo ottenere <strong>un olio di alta qualit\u00e0 con una resa fino al 90% in peso, cio\u00e8. fino a 700 litri di olio.<\/strong> Da <strong>1 kg di plastica selezionata<\/strong>, possiamo creare fino a <strong>1 litro di olio di alta qualit\u00e0.<\/strong><\/p>\n<p>Dopo il processo di riciclaggio dei rifiuti, abbiamo tre prodotti principali: <strong>petrolio, gas, nero di carbonio.<\/strong><\/p>\n<p>Tutte le materie prime ottenute possono essere utilizzate ecologicamente come materia prima per ulteriori lavorazioni, ma soprattutto per la produzione di energia e per il trasporto.<\/p>\n<p>Il volume dei prodotti dipende non solo dalla composizione e dalle propriet\u00e0 della materia prima, ma anche dalle condizioni di processo durante il processo di riciclaggio stesso, ad esempio, <strong>tipo di materiale in ingresso, temperatura di processo, velocit\u00e0 di riscaldamento, tempo di permanenza, condizioni idrodinamiche, altre apparecchiature del unit\u00e0, in particolare modo e metodo di condensazione.<\/strong><\/p>\n<p>I singoli volumi dei prodotti, a seconda delle condizioni descritte, all&#8217;interno della gamma:<\/p>\n<h3>Olio<\/h3>\n<p style=\"text-align: center;\">Dal 30 al 90% in peso<\/p>\n<h3>Gas<\/h3>\n<p style=\"text-align: center;\">Dal 5 al 36% in peso<\/p>\n<h3>carbone nero<\/h3>\n<p>Dal 3 al 45% in peso<\/p>\n<p>La tecnologia Waste2oil \u00e8 sviluppata e costruita come una tecnologia senza sprechi. Tutti i prodotti ottenuti possono essere utilizzati in sicurezza.<\/p>\n<p>Il gas di processo pu\u00f2 essere utilizzato per alimentare turbine a gas per produrre energia per il suo utilizzo, senza la necessit\u00e0 permanente di collegarsi a una fonte di alimentazione esterna per il loro funzionamento. Il gas di processo viene quasi sempre, a causa del suo difficile stoccaggio e comprimibilit\u00e0, utilizzato come combustibile ad alto potenziale energetico.<\/p>\n<p>L&#8217;unit\u00e0 <strong>TDU 700<\/strong> pu\u00f2 trattare <strong>fino a 5.600 tonnellate<\/strong> di rifiuti all&#8217;anno e produrre una quantit\u00e0 significativa di:<\/p>\n<h3>Olio<\/h3>\n<p style=\"text-align: center;\">Con un potere calorifico di ca. 40 MJ\/kg<\/p>\n<h3>Gas<\/h3>\n<p style=\"text-align: center;\">Con un potere calorifico di 31 MJ\/kg<\/p>\n<h3>carbone nero<\/h3>\n<p>Con un alto contenuto di carbonio puro<\/p>\n<p>A seconda dell&#8217;estensione delle periferiche opzionali, possiamo quindi produrre una quantit\u00e0 interessante di energia elettrica e termica utilizzabile, o opzionalmente raffreddamento, dai prodotti ottenuti in questo modo.<\/p>\n<p>La tecnologia Waste2oil e le sue periferiche opzionali sono disposte in moduli mobili, che possono essere localizzati e azionati solo su un&#8217;area pavimentata <strong>fino a 600 metri quadrati.<\/strong><\/p>\n<h2>\u00c8 possibile utilizzare l&#8217;unit\u00e0 TDU 700<\/h2>\n<p><a href=\"http:\/\/waste2oil.eu\/plastic-waste\/\"><br \/>\n<img loading=\"lazy\" src=\"https:\/\/waste2oil.eu\/wp-content\/uploads\/2020\/08\/Waste-plastics-2-1024x683.jpg\" sizes=\"(max-width: 1024px) 100vw, 1024px\" srcset=\"https:\/\/waste2oil.eu\/wp-content\/uploads\/2020\/08\/Waste-plastics-2-1024x683.jpg 1024w, https:\/\/waste2oil.eu\/wp-content\/uploads\/2020\/08\/Waste-plastics-2-300x200.jpg 300w, https:\/\/waste2oil.eu\/wp-content\/uploads\/2020\/08\/Waste-plastics-2-768x512.jpg 768w, https:\/\/waste2oil.eu\/wp-content\/uploads\/2020\/08\/Waste-plastics-2-1536x1024.jpg 1536w, https:\/\/waste2oil.eu\/wp-content\/uploads\/2020\/08\/Waste-plastics-2-2048x1365.jpg 2048w\" alt=\"\" width=\"1024\" height=\"683\" \/> <\/a><\/p>\n<h3>rifiuti di plastica<\/h3>\n<p>La plastica \u00e8 un problema mondiale. Il nostro obiettivo \u00e8 trasformare le plastiche che finiscono nelle discariche o vengono incenerite in una merce di grande valore.<\/p>\n<p><a href=\"http:\/\/waste2oil.eu\/used-face-masks\/\"><br \/>\n<img loading=\"lazy\" src=\"https:\/\/waste2oil.eu\/wp-content\/uploads\/2020\/08\/Waste-face-mask-scaled-e1598687780641-1024x682.jpg\" sizes=\"(max-width: 1024px) 100vw, 1024px\" srcset=\"https:\/\/waste2oil.eu\/wp-content\/uploads\/2020\/08\/Waste-face-mask-scaled-e1598687780641-1024x682.jpg 1024w, https:\/\/waste2oil.eu\/wp-content\/uploads\/2020\/08\/Waste-face-mask-scaled-e1598687780641-300x200.jpg 300w, https:\/\/waste2oil.eu\/wp-content\/uploads\/2020\/08\/Waste-face-mask-scaled-e1598687780641-768x512.jpg 768w, https:\/\/waste2oil.eu\/wp-content\/uploads\/2020\/08\/Waste-face-mask-scaled-e1598687780641-1536x1024.jpg 1536w, https:\/\/waste2oil.eu\/wp-content\/uploads\/2020\/08\/Waste-face-mask-scaled-e1598687780641-2048x1365.jpg 2048w\" alt=\"\" width=\"1024\" height=\"682\" \/> <\/a><\/p>\n<h3>maschere per il viso usate<\/h3>\n<p>Molti paesi hanno difficolt\u00e0 a cosa fare con le maschere per il viso usate. La tecnologia Waste2oil pu\u00f2 risolvere il loro problema.<\/p>\n<p><img loading=\"lazy\" src=\"https:\/\/waste2oil.eu\/wp-content\/uploads\/2021\/03\/Hospital-waste.jpg\" sizes=\"(max-width: 430px) 100vw, 430px\" srcset=\"https:\/\/waste2oil.eu\/wp-content\/uploads\/2021\/03\/Hospital-waste.jpg 430w, https:\/\/waste2oil.eu\/wp-content\/uploads\/2021\/03\/Hospital-waste-300x195.jpg 300w\" alt=\"\" width=\"430\" height=\"279\" \/><\/p>\n<h3>Rifiuti medici<\/h3>\n<p>I rifiuti sanitari sono una variet\u00e0 di rifiuti pericolosi con multicomponenti. La tecnologia Waste2oil pu\u00f2 trasformare in sicurezza i rifiuti sanitari in olio di alta qualit\u00e0.<\/p>\n<p><img loading=\"lazy\" src=\"https:\/\/waste2oil.eu\/wp-content\/uploads\/2020\/09\/pellets1-1024x682.jpg\" sizes=\"(max-width: 1024px) 100vw, 1024px\" srcset=\"https:\/\/waste2oil.eu\/wp-content\/uploads\/2020\/09\/pellets1-1024x682.jpg 1024w, https:\/\/waste2oil.eu\/wp-content\/uploads\/2020\/09\/pellets1-300x200.jpg 300w, https:\/\/waste2oil.eu\/wp-content\/uploads\/2020\/09\/pellets1-768x512.jpg 768w, https:\/\/waste2oil.eu\/wp-content\/uploads\/2020\/09\/pellets1.jpg 1280w\" alt=\"\" width=\"1024\" height=\"682\" \/><\/p>\n<h3>PELLET<br \/>\nA BIOMASSA<\/h3>\n<p>Possiamo produrre olio di alta qualit\u00e0 da legno, miscanto, paglia e abrasione da pellet.<\/p>\n<p><img loading=\"lazy\" src=\"https:\/\/waste2oil.eu\/wp-content\/uploads\/2020\/09\/Biogas-1024x682.jpg\" sizes=\"(max-width: 1024px) 100vw, 1024px\" srcset=\"https:\/\/waste2oil.eu\/wp-content\/uploads\/2020\/09\/Biogas-1024x682.jpg 1024w, https:\/\/waste2oil.eu\/wp-content\/uploads\/2020\/09\/Biogas-300x200.jpg 300w, https:\/\/waste2oil.eu\/wp-content\/uploads\/2020\/09\/Biogas-768x512.jpg 768w, https:\/\/waste2oil.eu\/wp-content\/uploads\/2020\/09\/Biogas.jpg 1280w\" alt=\"\" width=\"1024\" height=\"682\" \/><\/p>\n<h3>Substrato e digestato da impianti di biogas<\/h3>\n<p>Dal substrato e dal digestato degli impianti di biogas, possiamo creare olio di alta qualit\u00e0.<\/p>\n<p><img loading=\"lazy\" src=\"https:\/\/waste2oil.eu\/wp-content\/uploads\/2020\/09\/Sludge-1024x682.jpg\" sizes=\"(max-width: 1024px) 100vw, 1024px\" srcset=\"https:\/\/waste2oil.eu\/wp-content\/uploads\/2020\/09\/Sludge-1024x682.jpg 1024w, https:\/\/waste2oil.eu\/wp-content\/uploads\/2020\/09\/Sludge-300x200.jpg 300w, https:\/\/waste2oil.eu\/wp-content\/uploads\/2020\/09\/Sludge-768x512.jpg 768w, https:\/\/waste2oil.eu\/wp-content\/uploads\/2020\/09\/Sludge.jpg 1280w\" alt=\"\" width=\"1024\" height=\"682\" \/><\/p>\n<h3>fanghi di scarto provenienti da impianti di trattamento delle acque reflue<\/h3>\n<p>La tecnologia Waste2oil permette di risolvere il problema dello smaltimento dei fanghi di depurazione in natura e dell&#8217;inquinamento ambientale.<\/p>\n<h2>Sistemi di sicurezza<\/h2>\n<p><strong>I sofisticati sistemi di sicurezza<\/strong> installati riducono al minimo o in alcuni casi eliminano i possibili comandi errati dell&#8217;operatore. Indicazione di un&#8217;anomalia di processo, questi sistemi possono correggere o rimuovere le cause di questa anomalia. Quando \u00e8 presente una condizione di emergenza indicativa, il sistema si spegner\u00e0 in tutte le circostanze in modo controllato.<\/p>\n<p><img loading=\"lazy\" src=\"https:\/\/waste2oil.eu\/wp-content\/uploads\/2020\/09\/electrician-681x1024.jpg\" sizes=\"(max-width: 681px) 100vw, 681px\" srcset=\"https:\/\/waste2oil.eu\/wp-content\/uploads\/2020\/09\/electrician-681x1024.jpg 681w, https:\/\/waste2oil.eu\/wp-content\/uploads\/2020\/09\/electrician-200x300.jpg 200w, https:\/\/waste2oil.eu\/wp-content\/uploads\/2020\/09\/electrician-768x1155.jpg 768w, https:\/\/waste2oil.eu\/wp-content\/uploads\/2020\/09\/electrician-1022x1536.jpg 1022w, https:\/\/waste2oil.eu\/wp-content\/uploads\/2020\/09\/electrician.jpg 1277w\" alt=\"\" width=\"681\" height=\"1024\" \/><br \/>\n<img loading=\"lazy\" src=\"https:\/\/waste2oil.eu\/wp-content\/uploads\/2020\/09\/Picture1.png\" sizes=\"(max-width: 558px) 100vw, 558px\" srcset=\"https:\/\/waste2oil.eu\/wp-content\/uploads\/2020\/09\/Picture1.png 558w, https:\/\/waste2oil.eu\/wp-content\/uploads\/2020\/09\/Picture1-300x170.png 300w\" alt=\"\" width=\"558\" height=\"317\" \/><\/p>\n<p>I singoli moduli e gli altri punti critici del dispositivo sono dotati, oltre agli elementi essenziali di sicurezza obbligatori, anche di un avanzato <strong>circuito di telecamere con rivelatori e sensori,<\/strong> che fa parte del controllo centrale. In caso di pericolo, questi avanzati elementi di sicurezza <strong>attivano la sequenza di spegnimento<\/strong> dell&#8217;intero dispositivo e arrestano il processo in modo controllato.<\/p>\n<p>Le funzioni dei sistemi di sicurezza non sono limitate da una possibile mancanza di corrente. La tecnologia \u00e8 dotata di <strong>un alimentatore elettronico di backup<\/strong>, che copre completamente il fabbisogno energetico per lo <strong>spegnimento sicuro delle apparecchiature.<\/strong><\/p>\n<p><img loading=\"lazy\" src=\"https:\/\/waste2oil.eu\/wp-content\/uploads\/2020\/09\/power_supply-1024x627.jpg\" sizes=\"(max-width: 1024px) 100vw, 1024px\" srcset=\"https:\/\/waste2oil.eu\/wp-content\/uploads\/2020\/09\/power_supply-1024x627.jpg 1024w, https:\/\/waste2oil.eu\/wp-content\/uploads\/2020\/09\/power_supply-300x184.jpg 300w, https:\/\/waste2oil.eu\/wp-content\/uploads\/2020\/09\/power_supply-768x470.jpg 768w, https:\/\/waste2oil.eu\/wp-content\/uploads\/2020\/09\/power_supply-1536x941.jpg 1536w, https:\/\/waste2oil.eu\/wp-content\/uploads\/2020\/09\/power_supply.jpg 1920w\" alt=\"\" width=\"1024\" height=\"627\" \/><\/p>\n","protected":false},"excerpt":{"rendered":"<p>TDU 700 L&#8217;unit\u00e0 mobile con una capacit\u00e0 massima di 700 kg \/ ora in funzionamento continuo \u00e8 focalizzata sulla massima resa e sulla massima qualit\u00e0 dell&#8217;olio durante il processo di riciclaggio del materiale a scapito della potenza in ingresso. \u00c8 stato sviluppato e costruito per riciclare rifiuti di plastica, maschere per il viso usate, rifiuti [&hellip;]<\/p>\n","protected":false},"author":1,"featured_media":0,"parent":0,"menu_order":0,"comment_status":"closed","ping_status":"closed","template":"elementor_header_footer","meta":[],"translation":{"provider":"WPGlobus","version":"2.7.3","language":"it","enabled_languages":["en","es","fr","it","ru","zh"],"languages":{"en":{"title":true,"content":true,"excerpt":false},"es":{"title":true,"content":true,"excerpt":false},"fr":{"title":true,"content":true,"excerpt":false},"it":{"title":true,"content":true,"excerpt":false},"ru":{"title":true,"content":true,"excerpt":false},"zh":{"title":true,"content":true,"excerpt":false}}},"yoast_head":"<!-- This site is optimized with the Yoast SEO plugin v15.3 - https:\/\/yoast.com\/wordpress\/plugins\/seo\/ -->\n<title>TDU 700 - Waste2oil<\/title>\n<meta name=\"robots\" content=\"index, follow, max-snippet:-1, max-image-preview:large, max-video-preview:-1\" \/>\n<link rel=\"canonical\" href=\"https:\/\/waste2oil.eu\/tdu-700\/\" \/>\n<meta property=\"og:locale\" content=\"it_IT\" \/>\n<meta property=\"og:type\" content=\"article\" \/>\n<meta property=\"og:title\" content=\"TDU 700 - Waste2oil\" \/>\n<meta property=\"og:url\" content=\"https:\/\/waste2oil.eu\/tdu-700\/\" \/>\n<meta property=\"og:site_name\" content=\"Waste2oil\" \/>\n<meta property=\"article:modified_time\" content=\"2021-10-21T09:16:18+00:00\" \/>\n<meta property=\"og:image\" content=\"https:\/\/waste2oil.eu\/wp-content\/uploads\/2020\/08\/Factory-2-1024x486.jpg\" \/>\n<meta name=\"twitter:card\" content=\"summary_large_image\" \/>\n<meta name=\"twitter:label1\" content=\"Written by\">\n\t<meta name=\"twitter:data1\" content=\"admin\">\n\t<meta name=\"twitter:label2\" content=\"Est. reading time\">\n\t<meta name=\"twitter:data2\" content=\"13 minutes\">\n<script type=\"application\/ld+json\" class=\"yoast-schema-graph\">{\"@context\":\"https:\/\/schema.org\",\"@graph\":[{\"@type\":\"WebSite\",\"@id\":\"https:\/\/waste2oil.eu\/#website\",\"url\":\"https:\/\/waste2oil.eu\/\",\"name\":\"Waste2oil\",\"description\":\"From waste we make oil\",\"potentialAction\":[{\"@type\":\"SearchAction\",\"target\":\"https:\/\/waste2oil.eu\/?s={search_term_string}\",\"query-input\":\"required name=search_term_string\"}],\"inLanguage\":\"it-IT\"},{\"@type\":\"ImageObject\",\"@id\":\"https:\/\/waste2oil.eu\/tdu-700\/#primaryimage\",\"inLanguage\":\"it-IT\",\"url\":\"https:\/\/waste2oil.eu\/wp-content\/uploads\/2020\/08\/Factory-2.jpg\",\"width\":1159,\"height\":550},{\"@type\":\"WebPage\",\"@id\":\"https:\/\/waste2oil.eu\/tdu-700\/#webpage\",\"url\":\"https:\/\/waste2oil.eu\/tdu-700\/\",\"name\":\"TDU 700 - Waste2oil\",\"isPartOf\":{\"@id\":\"https:\/\/waste2oil.eu\/#website\"},\"primaryImageOfPage\":{\"@id\":\"https:\/\/waste2oil.eu\/tdu-700\/#primaryimage\"},\"datePublished\":\"2020-10-04T18:05:39+00:00\",\"dateModified\":\"2021-10-21T09:16:18+00:00\",\"description\":\"Unit TDU 700 with a capacity of 700kg\/h is focused on maximum yield and highest quality of liquid fraction.\",\"inLanguage\":\"it-IT\",\"potentialAction\":[{\"@type\":\"ReadAction\",\"target\":[\"https:\/\/waste2oil.eu\/tdu-700\/\"]}]}]}<\/script>\n<!-- \/ Yoast SEO plugin. -->","_links":{"self":[{"href":"https:\/\/waste2oil.eu\/it\/wp-json\/wp\/v2\/pages\/2101"}],"collection":[{"href":"https:\/\/waste2oil.eu\/it\/wp-json\/wp\/v2\/pages"}],"about":[{"href":"https:\/\/waste2oil.eu\/it\/wp-json\/wp\/v2\/types\/page"}],"author":[{"embeddable":true,"href":"https:\/\/waste2oil.eu\/it\/wp-json\/wp\/v2\/users\/1"}],"replies":[{"embeddable":true,"href":"https:\/\/waste2oil.eu\/it\/wp-json\/wp\/v2\/comments?post=2101"}],"version-history":[{"count":64,"href":"https:\/\/waste2oil.eu\/it\/wp-json\/wp\/v2\/pages\/2101\/revisions"}],"predecessor-version":[{"id":3143,"href":"https:\/\/waste2oil.eu\/it\/wp-json\/wp\/v2\/pages\/2101\/revisions\/3143"}],"wp:attachment":[{"href":"https:\/\/waste2oil.eu\/it\/wp-json\/wp\/v2\/media?parent=2101"}],"curies":[{"name":"wp","href":"https:\/\/api.w.org\/{rel}","templated":true}]}}